{"id":1453,"date":"2024-07-03T10:07:44","date_gmt":"2024-07-03T10:07:44","guid":{"rendered":"http:\/\/localhost\/hommywp\/?page_id=1453"},"modified":"2025-05-29T06:45:19","modified_gmt":"2025-05-29T06:45:19","slug":"about-us","status":"publish","type":"page","link":"https:\/\/pizzavendingmachine.net\/fr\/about-us\/","title":{"rendered":"\u00c0 propos de nous"},"content":{"rendered":"<p>Fond\u00e9e en\u00a01999, Hommy Enterprise (Xinhui) Co., Ltd est une entreprise de haute technologie professionnelle sp\u00e9cialis\u00e9e dans la fabrication&nbsp;<strong>distributeurs automatiques<\/strong>&nbsp;S\u00e9rie (cr\u00e8me glac\u00e9e, pizza, pop-corn, boissons gazeuses, frites, aliments chauds et surgel\u00e9s), machine \u00e0 glace surgel\u00e9e, machine \u00e0 jus de canne \u00e0 sucre, machine \u00e0 pop-corn, machine \u00e0 popsicle, machine \u00e0 glace, machine \u00e0 c\u00f4ne de pizza, machine \u00e0 neige et plus.\u00a0 Nous sommes \u00e9galement les bienvenus&nbsp;<strong>\u00e9quipementier<\/strong>&nbsp;et&nbsp;<strong>ODM<\/strong>.<\/p>\n\n\n\n<p>La plante de Hommy couvre une zone de&nbsp;<strong>30500<\/strong>&nbsp;M\u00e8tres carr\u00e9s dans la ville de Xinhui Jiangmen, comprenant des lignes de production flexibles, un laboratoire de R&amp;D, un centre d'apprentissage et un atelier \u00e9quip\u00e9s d'\u00e9quipements de pointe. En outre, les meilleurs ing\u00e9nieurs, technologues et personnels comp\u00e9tents contribuent beaucoup au d\u00e9veloppement de l'entreprise.<\/p>\n\n\n\n<p>Une excellente exp\u00e9rience client est le point de d\u00e9part de Hommy. Apr\u00e8s des ann\u00e9es de d\u00e9veloppement, nous avons mis en place une large \u00e9chelle de distribution nette dans divers pays et recevons de bons retours de nos clients. Nous maintenons une \u00e9troite collaboration avec des entreprises et des instituts c\u00e9l\u00e8bres et nous sommes honor\u00e9s universellement en tant que partenaire fiable, avec une qualit\u00e9 et une circonspection de haute qualit\u00e9 dans le service.<\/p>\n\n\n\n<div class=\"wp-block-buttons is-content-justification-center is-layout-flex wp-container-core-buttons-is-layout-a89b3969 wp-block-buttons-is-layout-flex\">\n<div class=\"wp-block-button\"><a class=\"wp-block-button__link has-primary-background-color has-background wp-element-button\" href=\"https:\/\/pizzavendingmachine.net\/fr\/contact-us\/\">Contactez-nous<\/a><\/div>\n<\/div>\n\n\n\n<figure class=\"wp-block-video\"><video controls poster=\"https:\/\/www.pizzavendingmachine.net\/wp-content\/uploads\/15535020757231.webp\" preload=\"none\" src=\"https:\/\/www.pizzavendingmachine.net\/wp-content\/uploads\/15535044898255.mp4\"><\/video><\/figure>","protected":false},"excerpt":{"rendered":"<p>Established in&nbsp;1999, Hommy Enterprise (Xinhui) Co., LTD. is a professional high-tech enterprise specialized in manufacturing&nbsp;vending machines&nbsp;series(ice cream, pizza, popcorn, soda drinks, french fries, hot and frozen food), ice cream frozen yogurt machine, sugarcane juice machine, popcorn machine, popsicle machine, ice block machine, pizza cone machine, slush machine and more.&nbsp;Also we are welcome&nbsp;OEM&nbsp;and&nbsp;ODM. Hommy\u2019s plant is [&hellip;]<\/p>","protected":false},"author":1,"featured_media":0,"parent":0,"menu_order":0,"comment_status":"closed","ping_status":"closed","template":"","meta":{"_swt_meta_header_display":false,"_swt_meta_footer_display":false,"_swt_meta_site_title_display":false,"_swt_meta_sticky_header":false,"_swt_meta_transparent_header":false,"footnotes":""},"class_list":["post-1453","page","type-page","status-publish","hentry"],"_links":{"self":[{"href":"https:\/\/pizzavendingmachine.net\/fr\/wp-json\/wp\/v2\/pages\/1453","targetHints":{"allow":["GET"]}}],"collection":[{"href":"https:\/\/pizzavendingmachine.net\/fr\/wp-json\/wp\/v2\/pages"}],"about":[{"href":"https:\/\/pizzavendingmachine.net\/fr\/wp-json\/wp\/v2\/types\/page"}],"author":[{"embeddable":true,"href":"https:\/\/pizzavendingmachine.net\/fr\/wp-json\/wp\/v2\/users\/1"}],"replies":[{"embeddable":true,"href":"https:\/\/pizzavendingmachine.net\/fr\/wp-json\/wp\/v2\/comments?post=1453"}],"version-history":[{"count":0,"href":"https:\/\/pizzavendingmachine.net\/fr\/wp-json\/wp\/v2\/pages\/1453\/revisions"}],"wp:attachment":[{"href":"https:\/\/pizzavendingmachine.net\/fr\/wp-json\/wp\/v2\/media?parent=1453"}],"curies":[{"name":"wp","href":"https:\/\/api.w.org\/{rel}","templated":true}]}}