{"id":109,"date":"2025-12-11T12:53:23","date_gmt":"2025-12-11T12:53:23","guid":{"rendered":"http:\/\/localhost\/pa-c6-c-outdoor-self-pizza-vending-machine-24-hours-a-day\/"},"modified":"2025-12-11T12:53:23","modified_gmt":"2025-12-11T12:53:23","slug":"pa-c6-c-outdoor-self-pizza-vending-machine-24-hours-a-day","status":"publish","type":"product","link":"https:\/\/pizzavendingmachine.net\/fr\/pizza-vending-machine\/pa-c6-c-outdoor-self-pizza-vending-machine-24-hours-a-day\/","title":{"rendered":"Distributeur automatique de pizzas en plein air de PA-C6-C 24 heures sur 24"},"content":{"rendered":"<div>\n<h1 style=\"text-align: center\"><span style=\"font-family: arial, helvetica, sans-serif\"><strong><span style=\"letter-spacing: 0px;font-size: 24px\"><a name=\"Outdoor Automatic Infrared Heating Vending Pizza Machine\"><\/a>Machine \u00e0 pizza automatique de vente de chauffage infrarouge automatique ext\u00e9rieure<\/span><\/strong><\/span><\/h1>\n<p style=\"text-align: center\"><a href=\"#Outdoor Automatic Infrared Heating Vending Pizza Machine\" target=\"_self\" data-lv=\"0\" rel=\"noopener\"><span style=\"letter-spacing: 0px;font-family: arial, helvetica, sans-serif;font-size: 18px\">Machine \u00e0 pizza automatique de vente de chauffage infrarouge automatique ext\u00e9rieure<\/span><\/a><span style=\"letter-spacing: 0px;font-family: arial, helvetica, sans-serif;font-size: 18px\">|<a href=\"#Product Features\" target=\"_self\" data-lv=\"0\" rel=\"noopener\">Caract\u00e9ristiques du produit<\/a>|<a href=\"#Product specification\" target=\"_self\" data-lv=\"0\" rel=\"noopener\">Sp\u00e9cification du produit<\/a>|<a href=\"#Product Advantage\" target=\"_self\" data-lv=\"0\" rel=\"noopener\">Avantage du produit<\/a><\/span><\/p>\n<p style=\"text-align: center\"><span style=\"font-family: arial, helvetica, sans-serif\"><strong><span style=\"letter-spacing: 0px;font-size: 24px\"><br \/><\/span><\/strong><\/span><\/p>\n<p><\/p>\n<p style=\"text-align: center\">&nbsp;&nbsp;&nbsp;&nbsp;<\/p>\n<p>Le distributeur automatique de pizzas en plein air est tr\u00e8s simple \u00e0 utiliser et est con\u00e7u pour vous servir avec la meilleure pizza de qualit\u00e9.<\/p>\n<p><\/p>\n<p>Nous fabriquons et fournissons des distributeurs automatiques de pizzas en plein air qui peuvent \u00eatre exploit\u00e9s par n'importe qui sans avoir besoin d'une expertise technique. Le distributeur automatique de pizzas en plein air est fabriqu\u00e9 dans notre unit\u00e9 de production bien \u00e9quip\u00e9 et est une solution simple pour commander et livrer des pizzas dans vos locaux.<\/p>\n<p><\/p>\n<p>Notre distributeur automatique de pizzas en plein air est con\u00e7u avec la derni\u00e8re technologie pour garantir que le produit est s\u00fbr et fournit \u00e9galement la meilleure pizza. Nous proposons diff\u00e9rents mod\u00e8les de distributeurs automatiques de pizzas en plein air sur le march\u00e9.<\/p>\n<p><span style=\"font-family:\u5b8b\u4f53;letter-spacing:0;font-size:29px\"><\/span><\/p>\n<div class=\"d-tem01-graphic tem01-graphic mockup\" data-detail=\"wrap\">\n<div class=\"cont-section clearfix d-clearfix\">\n<div class=\"col-md-6 col-sm-6 col-xs-6\"><\/p>\n<div class=\"graphic_pic animated wow bounceIn\" data-wow-delay=\".7s\">\n<p style=\"text-align:center\"><img decoding=\"async\" src=\"https:\/\/www.pizzavendingmachine.net\/wp-content\/uploads\/16104204436504.png\" alt=\"product-Hommy-PA-C6-C Outdoor Pizza vending Machine in 24 hours-img\" title=\"\"><\/p>\n<\/div>\n<\/div>\n<div class=\"col-md-6 col-sm-6 col-xs-6\">\n<div class=\"right-p\">\n<div class=\"h2 heading\">\n<h1 style=\"margin: 0px;text-indent: 0px;text-align: justify\"><strong><span style=\"letter-spacing: 0px;font-family: arial, helvetica, sans-serif;font-size: 24px\"><a name=\"Product Features\"><\/a>Caract\u00e9ristiques du produit<\/span><\/strong><\/h1>\n<p style=\"margin-top:0;margin-right:0;margin-bottom:0;margin-left:0;text-indent:0;text-align:justify\"><span style=\"font-family:\u5b8b\u4f53;letter-spacing:0;font-size:29px\"><br \/><\/span><\/p>\n<p><span style=\"font-family: arial, helvetica, sans-serif;font-size: 18px\">1.\u00a0\u00c9cran\u00a055\u00a0pouces pour la promotion et l'utilisation de l'\u00e9cran de 15\u00a0pouces .<\/span><\/p>\n<p><span style=\"font-family: arial, helvetica, sans-serif;font-size: 18px\">2.\u00a0 Le syst\u00e8me de paiement peut accepter : pi\u00e8ce de monnaie, facture, \u00e9change de pi\u00e8ces, interface de carte de cr\u00e9dit. .<\/span><\/p>\n<p><span style=\"font-family: arial, helvetica, sans-serif;font-size: 18px\">3.\u00a0 Le cong\u00e9lateur \u00e0 l'int\u00e9rieur peut conserver 48\u00a0pizzas de 10\u00a0po et maintenir la temp\u00e9rature de -8\u00a0\u2103\u00a0\u00e0 10\u00a0\u2103. <\/span><\/p>\n<p><span style=\"font-family: arial, helvetica, sans-serif;font-size: 18px\">4.\u00a0 La machine \u00e0 l'int\u00e9rieur conserve 48 bo\u00eetes de papier. .<\/span><\/p>\n<p><span style=\"font-family: arial, helvetica, sans-serif;font-size: 18px\">5.\u00a0 Carte de contr\u00f4le PC avanc\u00e9e, fonction bien programm\u00e9e et travail stable. .<\/span><\/p>\n<p><span style=\"font-family: arial, helvetica, sans-serif;font-size: 18px\">6.\u00a0 Le cong\u00e9lateur \u00e0 l'int\u00e9rieur a un \u00e9cran publicitaire de plus grande taille et une fonction de pasteurisation. . <\/span><\/p>\n<p style=\"margin-left:0;text-indent:0\"><span style=\"font-family: arial, helvetica, sans-serif;font-size: 18px\">7.\u00a0 La temp\u00e9rature du cong\u00e9lateur peut \u00eatre install\u00e9e sur diff\u00e9rents produits, avec fonction de d\u00e9givrage automatique, pour garantir que la machine soit \u00e0 haute temp\u00e9rature et \u00e0 humidit\u00e9 \u00e9lev\u00e9e en fonctionnement normal.;<\/span><\/p>\n<p style=\"margin-left:0;text-indent:0\"><span style=\"letter-spacing: 0px;font-family: arial, helvetica, sans-serif;font-size: 18px\">8.\u00a0 Temp\u00e9rature de chauffage infrarouge <span style=\"letter-spacing: 0px;font-size: 21px;font-family: \u5b8b\u4f53\">\uff1a<\/span>60-300\u2103 besoin de 45-55 secondes pour cuire une pizza.<\/span><\/p>\n<p style=\"margin-left:0;text-indent:0\"><span style=\"letter-spacing: 0px;font-family: arial, helvetica, sans-serif;font-size: 18px\">9.\u00a0\u00a0 Taille de la maison infrarouge :400x400x300mm et puissance :3000W. . <\/span><\/p>\n<p style=\"margin-left:0;text-indent:0\"><span style=\"font-family: arial, helvetica, sans-serif;font-size: 18px\">10.\u00a0 Il existe une fonction de protection contre les pannes de courant, la machine montre toujours la puissance de l'\u00e9tat, a la fonction de m\u00e9moire, la fonction de protection contre les fuites de surcharge, assure un fonctionnement s\u00fbr de la machine. <\/span><\/p>\n<p style=\"margin-top:0;margin-right:0;margin-bottom:0;margin-left:0;text-indent:0;text-align:justify\"><span style=\"letter-spacing: 0px;font-family: arial, helvetica, sans-serif;font-size: 18px\">11.\u00a0 La langue peut se fonder sur diff\u00e9rents pays pour l'ajuster. . <\/span><\/p>\n<p style=\"margin-top:0;margin-right:0;margin-bottom:0;margin-left:0;text-indent:0;text-align:justify\"><span style=\"letter-spacing: 0px;font-family: arial, helvetica, sans-serif;font-size: 18px\">12.\u00a0 48 jeux de pizza sont stock\u00e9s \u00e0 l'int\u00e9rieur de la machine.<\/span><\/p>\n<p style=\"margin-left:0;text-indent:0\"><span style=\"font-family: arial, helvetica, sans-serif;font-size: 18px\">13.\u00a0 Syst\u00e8me de gestion \u00e0 distance de l'ordinateur\u00a0: d\u00e9tails des ventes de requ\u00eate, rappels de p\u00e9nurie, rappel de panne de machine.<\/span><\/p>\n<p style=\"margin-left:0;text-indent:0\"><span style=\"font-family: arial, helvetica, sans-serif;font-size: 18px\"><span style=\"font-family: Calibri;font-size: 21px\">14.\u00a0 Si vous souhaitez mettre la machine \u00e0 l'ext\u00e9rieur du centre commercial, vous pouvez ajouter un toit qui peut <\/span>rester en dehors <span style=\"font-family: Calibri;font-size: 21px\">vent et <\/span><\/span><\/p>\n<p><span style=\"font-size: 18px;font-family: arial, helvetica, sans-serif\">pluie, ce toit en m\u00e9tal et le<\/span><span style=\"font-family: arial, helvetica, sans-serif;font-size: 18px\">n Peinture en a\u00e9rosol .&nbsp;&nbsp;<\/span><\/p>\n<p><span>&nbsp; &nbsp;<\/span><\/div>\n<\/div>\n<\/div>\n<\/div>\n<\/div>\n<h1><span style=\"font-family: arial, helvetica, sans-serif;font-size: 24px\"><strong><span style=\"font-family: arial, helvetica, sans-serif;letter-spacing: 0px\"><a name=\"Product specification\"><\/a>Sp\u00e9cification du produit<\/span><\/strong><\/span><\/h1>\n<p><img decoding=\"async\" src=\"https:\/\/www.pizzavendingmachine.net\/wp-content\/uploads\/16104204084083.png\" alt=\"product-Hommy-img\" title=\"\"><\/p>\n<p><\/p>\n<p><span style=\"font-size: 24px;font-family: arial, helvetica, sans-serif\"><strong><span style=\"font-size: 24px;letter-spacing: 0px\"><a name=\"Product Advantage\"><\/a>Avantage du produit<\/span><\/strong><\/span><\/p>\n<p><span style=\"font-size: 24px;font-family: arial, helvetica, sans-serif\"><strong><span style=\"font-size: 24px;letter-spacing: 0px\"><\/span><\/strong><\/span><\/p>\n<div class=\"d-tem01-graphic tem01-graphic mockup\" data-detail=\"wrap\">\n<div class=\"cont-section clearfix d-clearfix\">\n<div class=\"col-md-6 col-sm-6 col-xs-6\">\n<div class=\"right-p\">\n<p><span style=\"font-family: arial, helvetica, sans-serif;font-size: 18px\">1.\u00a0\u00c9cran\u00a055\u00a0pouces pour la promotion et l'utilisation de l'\u00e9cran de 15\u00a0pouces .<\/span><\/p>\n<p><span style=\"font-family: Calibri;font-size: 21px\"><br \/><\/span><\/p>\n<p><span style=\"font-family: Calibri;font-size: 21px\"><br \/><\/span><\/p>\n<\/div>\n<div class=\"graphic_pic animated wow bounceIn\" data-wow-delay=\".7s\">\n<p style=\"text-align:center\"><img loading=\"lazy\" decoding=\"async\" src=\"https:\/\/www.pizzavendingmachine.net\/wp-content\/uploads\/16104196119247.jpg\" alt=\"product-Hommy-img\" title=\"\" width=\"350\" height=\"500\" border=\"0\" vspace=\"0\" style=\"width: 350px;height: 500px\"><\/p>\n<\/div>\n<\/div>\n<div class=\"col-md-6 col-sm-6 col-xs-6\">\n<div class=\"right-p\">\n<div class=\"h2 heading\">\n<p style=\"margin-left:0;text-indent:0\"><span style=\"font-size: 18px;font-family: arial, helvetica, sans-serif\"><span style=\"font-size: 18px;letter-spacing: 0px\">2.\u00a0 Temp\u00e9rature de chauffage infrarouge <span style=\"font-size: 18px\">\uff1a<\/span><span style=\"font-size: 18px\">60-300\u2103 besoin de 45-55 secondes pour cuire une pizza<\/span><\/span><span style=\"font-size: 18px;letter-spacing: 0px\">&nbsp;et <\/span><span style=\"font-size: 18px;letter-spacing: 0px\">Taille de la maison infrarouge :400x400x300mm et puissance :3000W. .&nbsp;<\/span><\/span><\/p>\n<\/div>\n<\/div>\n<div class=\"graphic_pic animated wow bounceIn\" data-wow-delay=\".7s\" style=\"text-align: center\"><img loading=\"lazy\" decoding=\"async\" src=\"https:\/\/www.pizzavendingmachine.net\/wp-content\/uploads\/16104196417509.jpg\" alt=\"product-Hommy-img\" title=\"\" width=\"350\" height=\"500\" border=\"0\" vspace=\"0\" style=\"width: 350px;height: 500px\"><br \/>\n &nbsp; &nbsp; &nbsp; &nbsp; &nbsp; &nbsp;<\/div>\n<\/div>\n<\/div>\n<\/div>\n<p><span style=\"font-size: 24px;font-family: arial, helvetica, sans-serif\"><strong><span style=\"font-size: 24px;letter-spacing: 0px\"><\/span><\/strong><\/span><\/p>\n<div class=\"d-tem01-graphic tem01-graphic mockup\" data-detail=\"wrap\">\n<div class=\"cont-section clearfix d-clearfix\">\n<div class=\"col-md-6 col-sm-6 col-xs-6\">\n<div class=\"right-p\">\n<div class=\"h2 heading\">\n<p style=\"margin-top:0;margin-right:0;margin-bottom:0;margin-left:0;text-indent:0;text-align:justify\"><span style=\"font-family: arial, helvetica, sans-serif;font-size: 18px\"><span style=\"font-family: arial, helvetica, sans-serif;letter-spacing: 0px\">3.\u00a0 48 jeux de pizza sont stock\u00e9s \u00e0 l'int\u00e9rieur de la machine, gardez la temp\u00e9rature <\/span><span style=\"font-family: arial, helvetica, sans-serif\">de -8\u00a0\u2103\u00a0\u00e0\u00a010\u00a0\u2103.<\/span><\/span><\/p>\n<\/div>\n<\/div>\n<div class=\"graphic_pic animated wow bounceIn\" data-wow-delay=\".7s\">\n<p style=\"text-align:center\"><img loading=\"lazy\" decoding=\"async\" src=\"https:\/\/www.pizzavendingmachine.net\/wp-content\/uploads\/16104196714693.png\" alt=\"product-PA-C6-C Outdoor Pizza vending Machine in 24 hours-Hommy-img\" title=\"\" width=\"350\" height=\"500\" border=\"0\" vspace=\"0\" style=\"width: 350px;height: 500px\"><\/p>\n<\/div>\n<\/div>\n<div class=\"col-md-6 col-sm-6 col-xs-6\">\n<div class=\"right-p\">\n<div class=\"h2 heading\">\n<p><span style=\"font-family: arial, helvetica, sans-serif;font-size: 18px\">4. La machine \u00e0 l'int\u00e9rieur garde 48 bo\u00eetes de papier. .<\/span><\/p>\n<p><span style=\"font-family:Calibri;font-size:21px\"><br \/><\/span><\/p>\n<\/div>\n<\/div>\n<div class=\"graphic_pic animated wow bounceIn\" data-wow-delay=\".7s\">\n<p style=\"text-align:center\"><img loading=\"lazy\" decoding=\"async\" src=\"https:\/\/www.pizzavendingmachine.net\/wp-content\/uploads\/16104198243763.png\" alt=\"product-Hommy-img\" title=\"\" width=\"350\" height=\"500\" border=\"0\" vspace=\"0\" style=\"width: 350px;height: 500px\"><\/p>\n<\/div>\n<\/div>\n<\/div>\n<\/div>\n<p><span style=\"font-size: 24px;font-family: arial, helvetica, sans-serif\"><strong><span style=\"font-size: 24px;letter-spacing: 0px\"><\/span><\/strong><\/span><\/p>\n<div class=\"d-tem01-graphic tem01-graphic mockup\" data-detail=\"wrap\">\n<div class=\"cont-section clearfix d-clearfix\">\n<div class=\"col-md-6 col-sm-6 col-xs-6\">\n<div class=\"right-p\">\n<div class=\"h2 heading\">\n<p><span style=\"font-family: arial, helvetica, sans-serif;font-size: 18px\"><span style=\"font-family: arial, helvetica, sans-serif;letter-spacing: 0px\">5.<\/span><span style=\"font-family: arial, helvetica, sans-serif\">Le syst\u00e8me de paiement peut accepter : pi\u00e8ce de monnaie, facture, \u00e9change de pi\u00e8ces, interface de carte de cr\u00e9dit. .<\/span><\/span><\/p>\n<p><span style=\"font-family:Calibri;font-size:21px\"><br \/><\/span><\/p>\n<\/div>\n<\/div>\n<div class=\"graphic_pic animated wow bounceIn\" data-wow-delay=\".7s\">\n<p style=\"text-align:center\"><img loading=\"lazy\" decoding=\"async\" src=\"https:\/\/www.pizzavendingmachine.net\/wp-content\/uploads\/16104201591239.png\" alt=\"product-Hommy-PA-C6-C Outdoor Pizza vending Machine in 24 hours-img-1\" title=\"\" width=\"350\" height=\"500\" border=\"0\" vspace=\"0\" style=\"width: 350px;height: 500px\"><\/p>\n<\/div>\n<\/div>\n<div class=\"col-md-6 col-sm-6 col-xs-6\">\n<div class=\"right-p\">\n<div class=\"h2 heading\">\n<p><span style=\"font-family: arial, helvetica, sans-serif;font-size: 18px\">6.\u00a0 Syst\u00e8me de gestion \u00e0 distance de l'ordinateur\u00a0: d\u00e9tails des ventes de requ\u00eate, rappels de p\u00e9nurie, rappel de panne de machine.<\/span><\/p>\n<\/div>\n<\/div>\n<div class=\"graphic_pic animated wow bounceIn\" data-wow-delay=\".7s\">\n<p style=\"text-align:center\"><img loading=\"lazy\" decoding=\"async\" src=\"https:\/\/www.pizzavendingmachine.net\/wp-content\/uploads\/16104201952697.jpg\" alt=\"product-Hommy-img-1\" title=\"\" width=\"350\" height=\"500\" border=\"0\" vspace=\"0\" style=\"width: 350px;height: 500px\"><\/p>\n<\/div>\n<\/div>\n<\/div>\n<\/div>\n<p><span style=\"font-family:\u5b8b\u4f53;letter-spacing:0;font-size:29px\"><\/span><\/p>\n<h2>Comment est fabriqu\u00e9 PizzaForno ?<\/h2>\n<p style=\"margin-top: 5px;margin-bottom: 5px\"><\/p>\n<p style=\"margin-top: 5px;margin-bottom: 5px\">PizzaForno est fabriqu\u00e9 avec uniquement les meilleurs ingr\u00e9dients, un beau four \u00e0 bois et beaucoup d'amour.<\/p>\n<p style=\"margin-top: 5px;margin-bottom: 5px\"><\/p>\n<p style=\"margin-top: 5px;margin-bottom: 5px\">Nous fabriquons tout \u00e0 partir de z\u00e9ro, en utilisant les meilleurs ingr\u00e9dients sur lesquels nous pouvons mettre la main. Nous aimons nous approvisionner en produits cultiv\u00e9s localement, nous fabriquons donc nos pizzas avec de la farine biologique, sans OGM, des \u0153ufs biologiques et des produits laitiers biologiques. Nous ajoutons nos propres herbes fra\u00eeches et faisons tout \u00e0 partir de z\u00e9ro.<\/p>\n<p style=\"margin-top: 5px;margin-bottom: 5px\"><\/p>\n<h2>Combien co\u00fbte une pizzeria robotique?<\/h2>\n<p style=\"margin-top: 5px;margin-bottom: 5px\"><\/p>\n<p style=\"margin-top: 5px;margin-bottom: 5px\">Si vous \u00eates un acheteur pour la premi\u00e8re fois, vous pouvez lire notre article sur le co\u00fbt d'un pizzaiolo robotique ici. Si vous souhaitez acheter l'un de nos pizzerouilles recommand\u00e9es, vous pouvez lire notre article sur le co\u00fbt ici.<\/p>\n<p style=\"margin-top: 5px;margin-bottom: 5px\"><\/p>\n<h2>Est-ce que 800\u00a0degr\u00e9s est une cha\u00eene\u00a0?<\/h2>\n<p style=\"margin-top: 5px;margin-bottom: 5px\"><\/p>\n<p style=\"margin-top: 5px;margin-bottom: 5px\">A\u00a0:<\/p>\n<p style=\"margin-top: 5px;margin-bottom: 5px\"><\/p>\n<p style=\"margin-top: 5px;margin-bottom: 5px\">La longueur de la cha\u00eene est la longueur de la cha\u00eene r\u00e9elle, et non le nombre de maillons.\u00a0 Les maillons sont les maillons r\u00e9els entre les plateaux, g\u00e9n\u00e9ralement en aluminium ou en acier.<\/p>\n<p style=\"margin-top: 5px;margin-bottom: 5px\">La cha\u00eene ne peut s'\u00e9tirer que jusqu'\u00e0 pr\u00e9sent, et quand elle le fait, elle est endommag\u00e9e.\u00a0 Ainsi, la cha\u00eene doit \u00eatre remplac\u00e9e lorsque la cha\u00eene s'\u00e9tend au-del\u00e0 de la longueur pr\u00e9vue.<\/p>\n<\/p><\/div>","protected":false},"excerpt":{"rendered":"<p>Outdoor Automatic Infrared Heating Vending Pizza Machine Outdoor Automatic Infrared Heating Vending Pizza Machine|Product Features|Product specification|Product Advantage &nbsp;&nbsp;&nbsp;&nbsp; Outdoor Self Pizza Vending Machine is very simple to operate and is designed to serve you with the best quality pizza. We manufacture and supply Outdoor Self Pizza Vending Machine that can be operated by anyone with [&hellip;]<\/p>","protected":false},"featured_media":101,"template":"","meta":{"_swt_meta_header_display":false,"_swt_meta_footer_display":false,"_swt_meta_site_title_display":false,"_swt_meta_sticky_header":false,"_swt_meta_transparent_header":false},"product_brand":[],"product_cat":[70],"product_tag":[],"class_list":{"0":"post-109","1":"product","2":"type-product","3":"status-publish","4":"has-post-thumbnail","6":"product_cat-pizza-vending-machine","8":"first","9":"instock","10":"shipping-taxable","11":"product-type-simple"},"_links":{"self":[{"href":"https:\/\/pizzavendingmachine.net\/fr\/wp-json\/wp\/v2\/product\/109","targetHints":{"allow":["GET"]}}],"collection":[{"href":"https:\/\/pizzavendingmachine.net\/fr\/wp-json\/wp\/v2\/product"}],"about":[{"href":"https:\/\/pizzavendingmachine.net\/fr\/wp-json\/wp\/v2\/types\/product"}],"wp:featuredmedia":[{"embeddable":true,"href":"https:\/\/pizzavendingmachine.net\/fr\/wp-json\/wp\/v2\/media\/101"}],"wp:attachment":[{"href":"https:\/\/pizzavendingmachine.net\/fr\/wp-json\/wp\/v2\/media?parent=109"}],"wp:term":[{"taxonomy":"product_brand","embeddable":true,"href":"https:\/\/pizzavendingmachine.net\/fr\/wp-json\/wp\/v2\/product_brand?post=109"},{"taxonomy":"product_cat","embeddable":true,"href":"https:\/\/pizzavendingmachine.net\/fr\/wp-json\/wp\/v2\/product_cat?post=109"},{"taxonomy":"product_tag","embeddable":true,"href":"https:\/\/pizzavendingmachine.net\/fr\/wp-json\/wp\/v2\/product_tag?post=109"}],"curies":[{"name":"wp","href":"https:\/\/api.w.org\/{rel}","templated":true}]}}