{"id":134,"date":"2025-12-11T12:50:40","date_gmt":"2025-12-11T12:50:40","guid":{"rendered":"http:\/\/localhost\/pa-c6-a-pizza-vending-machine-with-roof-franchise-business\/"},"modified":"2025-12-11T12:50:40","modified_gmt":"2025-12-11T12:50:40","slug":"pa-c6-a-pizza-vending-machine-with-roof-franchise-business","status":"publish","type":"product","link":"https:\/\/pizzavendingmachine.net\/fr\/pizza-vending-machine\/pa-c6-a-pizza-vending-machine-with-roof-franchise-business\/","title":{"rendered":"PA-C6-A Automatique frais de distributeur automatique de pizzas frais : votre retour sur investissement et votre guide de prix"},"content":{"rendered":"<div class=\"hommy-outdoor-machine-section\">\r\n    \r\n    <style>\r\n        .hommy-outdoor-machine-section {\r\n            font-family: 'Roboto', sans-serif;\r\n            background-color: #f7f9fc; \/* Light, clean background *\/\r\n            padding: 50px 30px;\r\n            border-radius: 20px;\r\n            box-shadow: 0 15px 40px rgba(0, 0, 0, 0.25); \/* Rugged shadow effect *\/\r\n            margin-bottom: 50px;\r\n            border-top: 5px solid #ff7f00; \/* Orange\/Weather accent *\/\r\n        }\r\n        .hommy-outdoor-machine-section h2 {\r\n            color: #1a4d92; \/* Professional blue *\/\r\n            text-align: center;\r\n            font-size: 2.5em;\r\n            margin-bottom: 20px;\r\n            text-transform: uppercase;\r\n        }\r\n        .hommy-outdoor-machine-section h3 {\r\n            color: #d9534f; \/* Accent Red *\/\r\n            font-size: 1.8em;\r\n            margin-top: 35px;\r\n            margin-bottom: 15px;\r\n            border-bottom: 2px dashed #ff7f00; \/* Orange underline *\/\r\n            padding-bottom: 5px;\r\n        }\r\n        .hommy-outdoor-machine-section p {\r\n            line-height: 1.7;\r\n            color: #4a4a4a;\r\n            margin-bottom: 15px;\r\n        }\r\n        .hommy-outdoor-machine-section strong {\r\n            color: #1a4d92;\r\n            font-weight: 700;\r\n        }\r\n        .outdoor-spec-grid {\r\n            display: grid;\r\n            grid-template-columns: repeat(auto-fit, minmax(300px, 1fr));\r\n            gap: 25px;\r\n            margin-top: 25px;\r\n        }\r\n        .outdoor-spec-card {\r\n            background-color: #ffffff;\r\n            padding: 20px;\r\n            border-radius: 10px;\r\n            border-left: 5px solid #ff7f00; \r\n            box-shadow: 0 4px 12px rgba(0, 0, 0, 0.08);\r\n        }\r\n        .outdoor-spec-card h4 {\r\n            font-size: 1.3em;\r\n            color: #333;\r\n            margin-top: 0;\r\n            line-height: 1.1;\r\n        }\r\n        .cta-button-outdoor {\r\n            display: block;\r\n            width: 90%;\r\n            max-width: 400px;\r\n            margin: 50px auto 0;\r\n            padding: 20px 30px;\r\n            text-align: center;\r\n            background-color: #ff7f00;\r\n            color: #ffffff !important;\r\n            text-decoration: none;\r\n            font-weight: bold;\r\n            font-size: 1.3em;\r\n            border-radius: 10px;\r\n            transition: background-color 0.3s ease, transform 0.3s ease;\r\n        }\r\n        .cta-button-outdoor:hover {\r\n            background-color: #e66f00;\r\n            transform: translateY(-2px);\r\n        }\r\n    <\/style>\r\n    \r\n    \r\n    <h2>Brisez les barri\u00e8res\u00a0: lancez votre **marchande de pizza de vente en plein air** avec **Vendeur de pizza de sous-minute**\u00a0!<\/h2>\r\n\r\n    <p>Arr\u00eatez de limiter vos ventes aux emplacements int\u00e9rieurs. La ** Machine \u00e0 pizza automatique \u00e0 infrarouge automatique de chauffage d'ext\u00e9rieur ** est un syst\u00e8me tout-en-un robuste con\u00e7u pour prosp\u00e9rer l\u00e0 o\u00f9 se trouvent la foule, que ce soit \u00e0 l'ext\u00e9rieur d'un stade, d'une entr\u00e9e de centre commercial ou d'un campus universitaire. Il combine ** la technologie r\u00e9sistante aux intemp\u00e9ries ** avec une vitesse de pointe pour livrer des pizzas fra\u00eeches et fra\u00eeches en moins d'une minute.<\/p>\r\n    \r\n    <h3>\u2600\ufe0f * *Vende pizza r\u00e9sistante aux intemp\u00e9ries** con\u00e7ue pour n'importe quel climat<\/h3>\r\n    \r\n    <p>Placer une machine sensible \u00e0 l'ext\u00e9rieur n\u00e9cessite une ing\u00e9nierie s\u00e9rieuse. Nous avons con\u00e7u ce mod\u00e8le pour g\u00e9rer les \u00e9l\u00e9ments :<\/p>\r\n\r\n    <div class=\"outdoor-spec-grid\">\r\n        <div class=\"outdoor-spec-card\">\r\n            <h4>\u2614 **Toiture ext\u00e9rieure pr\u00eate \u00e0 l'ext\u00e9rieur (facultatif)* *<\/h4>\r\n            <p>Pour une v\u00e9ritable **Vendre une pizza r\u00e9sistante aux intemp\u00e9ries**, vous pouvez facilement ajouter un toit en m\u00e9tal en option avec une finition de peinture en a\u00e9rosol, offrant une protection essentielle contre le vent et la pluie.<\/p>\r\n        <\/div>\r\n        <div class=\"outdoor-spec-card\">\r\n            <h4>\u2744\ufe0f * *D\u00e9givrage automatique et contr\u00f4le climatique* *<\/h4>\r\n            <p>Le syst\u00e8me de cong\u00e9lation int\u00e9gr\u00e9 comprend un d\u00e9givrage automatique pour assurer un fonctionnement stable, m\u00eame dans des conditions de temp\u00e9rature extr\u00eamement \u00e9lev\u00e9es et d'humidit\u00e9 \u00e9lev\u00e9e.<\/p>\r\n        <\/div>\r\n    <\/div>\r\n\r\n    <h3>\u26a1 **Pizza \u00e0 grande vitesse** Livraison en 45 secondes<\/h3>\r\n    \r\n    <p>La vitesse est primordiale pour les ventes \u00e0 l'ext\u00e9rieur et \u00e0 fort trafic. Avec notre puissant syst\u00e8me $3000\\Text{W}$ **Chauffage infrarouge**, les clients re\u00e7oivent leur pizza personnalis\u00e9e en **45 \u00e0 55 secondes**, le service le plus rapide disponible dans la vente d'aliments automatis\u00e9s\u00a0!<\/p>\r\n\r\n    <ul class=\"feature-list-check\" style=\"list-style-type: none; padding-left: 20px;\">\r\n        <li>\u2705 * * \u00c9cran de promotion massif\u00a0: ** attirer l'attention avec un \u00e9cran dynamique de ** 55\u00a0pouces pour la promotion** et un \u00e9cran de fonctionnement r\u00e9actif de 15\u00a0pouces.<\/li>\r\n        <li>\u2705 **Haute capacit\u00e9\u00a0:** Stocke 48\u00a0pi\u00e8ces de pizza de 10\u00a0pouces et 48\u00a0bo\u00eetes en papier, en maintenant la temp\u00e9rature de $-8^\\Circ\\text{C}$ \u00e0 $10^\\Circ\\text{c}$.<\/li>\r\n        <li>\u2705 * *Gestion \u00e0 distance\u00a0:** Utilisez le syst\u00e8me de gestion \u00e0 distance de l'ordinateur pour les d\u00e9tails de vente en temps r\u00e9el, les rappels de p\u00e9nurie et les alertes de panne de machine critiques.<\/li>\r\n        <li>\u2705 **Options de paiement compl\u00e8tes\u00a0:** Accepte la pi\u00e8ce, la facture, l'\u00e9change de pi\u00e8ces et int\u00e8gre une **interface de carte de cr\u00e9dit**.<\/li>\r\n        <li>\u2705 * *S\u00e9curit\u00e9 avanc\u00e9e :** Dispose d'une fonction de pasteurisation de cong\u00e9lateur et d'une protection contre les pannes de courant (avec m\u00e9moire).<\/li>\r\n    <\/ul>\r\n\r\n    <p style=\"text-align: center; font-style: italic; margin-top: 40px; font-size: 1.1em;\">Pr\u00eat \u00e0 maximiser votre port\u00e9e sur le march\u00e9\u00a0? Placez la **Machine \u00e0 pizza automatique infrarouge automatique de l'ext\u00e9rieur** o\u00f9 les b\u00e9n\u00e9fices sont les plus \u00e9lev\u00e9s\u00a0!<\/p>\r\n\r\n    <a href=\"#popmake-2657\" class=\"cta-button-outdoor\">Renseignez-vous sur le placement et les prix en plein air<\/a>\r\n\r\n<\/div>","protected":false},"excerpt":{"rendered":"<p>Break Barriers: Launch Your **Outdoor Vending Pizza Machine** with **Sub-Minute Pizza Vending**! Stop limiting your sales to indoor locations. The **Outdoor Automatic Infrared Heating Vending Pizza Machine** is a robust, all-in-one system designed to thrive where the crowds are\u2014be it outside a stadium, mall entrance, or university campus. It combines **weatherproof** technology with industry-leading speed [&hellip;]<\/p>","protected":false},"featured_media":1959,"template":"","meta":{"_swt_meta_header_display":false,"_swt_meta_footer_display":false,"_swt_meta_site_title_display":false,"_swt_meta_sticky_header":false,"_swt_meta_transparent_header":false},"product_brand":[],"product_cat":[70],"product_tag":[],"class_list":{"0":"post-134","1":"product","2":"type-product","3":"status-publish","4":"has-post-thumbnail","6":"product_cat-pizza-vending-machine","8":"first","9":"instock","10":"shipping-taxable","11":"product-type-simple"},"_links":{"self":[{"href":"https:\/\/pizzavendingmachine.net\/fr\/wp-json\/wp\/v2\/product\/134","targetHints":{"allow":["GET"]}}],"collection":[{"href":"https:\/\/pizzavendingmachine.net\/fr\/wp-json\/wp\/v2\/product"}],"about":[{"href":"https:\/\/pizzavendingmachine.net\/fr\/wp-json\/wp\/v2\/types\/product"}],"wp:featuredmedia":[{"embeddable":true,"href":"https:\/\/pizzavendingmachine.net\/fr\/wp-json\/wp\/v2\/media\/1959"}],"wp:attachment":[{"href":"https:\/\/pizzavendingmachine.net\/fr\/wp-json\/wp\/v2\/media?parent=134"}],"wp:term":[{"taxonomy":"product_brand","embeddable":true,"href":"https:\/\/pizzavendingmachine.net\/fr\/wp-json\/wp\/v2\/product_brand?post=134"},{"taxonomy":"product_cat","embeddable":true,"href":"https:\/\/pizzavendingmachine.net\/fr\/wp-json\/wp\/v2\/product_cat?post=134"},{"taxonomy":"product_tag","embeddable":true,"href":"https:\/\/pizzavendingmachine.net\/fr\/wp-json\/wp\/v2\/product_tag?post=134"}],"curies":[{"name":"wp","href":"https:\/\/api.w.org\/{rel}","templated":true}]}}