{"id":160,"date":"2025-12-11T14:00:59","date_gmt":"2025-12-11T14:00:59","guid":{"rendered":"http:\/\/localhost\/pa-c6-a-with-roof\/"},"modified":"2025-12-11T14:00:59","modified_gmt":"2025-12-11T14:00:59","slug":"pa-c6-a-with-roof","status":"publish","type":"product","link":"https:\/\/pizzavendingmachine.net\/fr\/pizza-vending-machine\/pa-c6-a-with-roof\/","title":{"rendered":"PA-C6-A Distributeur automatique de pizzas pour l'universit\u00e9"},"content":{"rendered":"<div class=\"hommy-speed-machine-section\">\r\n    \r\n    <style>\r\n        .hommy-speed-machine-section {\r\n            font-family: 'Roboto', sans-serif;\r\n            background-color: #f0f7ff; \/* Cool, high-tech background *\/\r\n            padding: 50px 30px;\r\n            border-radius: 20px;\r\n            box-shadow: 0 10px 30px rgba(45, 100, 150, 0.2); \/* Blue shadow for tech feel *\/\r\n            margin-bottom: 50px;\r\n            border-top: 5px solid #00b0ff; \/* Bright blue accent *\/\r\n        }\r\n        .hommy-speed-machine-section h2 {\r\n            color: #004d99; \/* Deep blue *\/\r\n            text-align: center;\r\n            font-size: 2.6em;\r\n            margin-bottom: 25px;\r\n            text-transform: uppercase;\r\n        }\r\n        .hommy-speed-machine-section h3 {\r\n            color: #d9534f; \/* Accent Red *\/\r\n            font-size: 1.8em;\r\n            margin-top: 35px;\r\n            margin-bottom: 15px;\r\n            border-bottom: 2px dashed #00b0ff;\r\n            padding-bottom: 5px;\r\n        }\r\n        .hommy-speed-machine-section p {\r\n            line-height: 1.7;\r\n            color: #4a4a4a;\r\n            margin-bottom: 15px;\r\n        }\r\n        .hommy-speed-machine-section strong {\r\n            color: #d9534f; \/* Highlight keywords in red *\/\r\n            font-weight: 700;\r\n        }\r\n        .spec-highlight {\r\n            display: flex;\r\n            justify-content: space-around;\r\n            gap: 20px;\r\n            margin: 30px 0;\r\n        }\r\n        .spec-box {\r\n            background-color: #ffffff;\r\n            padding: 25px;\r\n            border-radius: 12px;\r\n            flex: 1;\r\n            text-align: center;\r\n            box-shadow: 0 4px 15px rgba(0, 0, 0, 0.1);\r\n        }\r\n        .spec-box h4 {\r\n            font-size: 2.5em;\r\n            color: #00b0ff;\r\n            margin: 0;\r\n            line-height: 1.1;\r\n        }\r\n        .spec-box p {\r\n            margin-top: 5px;\r\n            font-weight: bold;\r\n            color: #333;\r\n        }\r\n        .feature-list-check {\r\n            list-style: none;\r\n            padding-left: 0;\r\n        }\r\n        .feature-list-check li {\r\n            padding: 8px 0;\r\n            border-bottom: 1px dotted #e0e0e0;\r\n        }\r\n        .feature-list-check li::before {\r\n            content: \"\u2705\";\r\n            margin-right: 10px;\r\n            font-weight: bold;\r\n            color: #00b0ff;\r\n        }\r\n        .cta-button-speed {\r\n            display: block;\r\n            width: 90%;\r\n            max-width: 350px;\r\n            margin: 40px auto 0;\r\n            padding: 18px 30px;\r\n            text-align: center;\r\n            background-color: #00b0ff;\r\n            color: #ffffff !important;\r\n            text-decoration: none;\r\n            font-weight: bold;\r\n            font-size: 1.2em;\r\n            border-radius: 50px;\r\n            transition: background-color 0.3s ease;\r\n        }\r\n        .cta-button-speed:hover {\r\n            background-color: #0099e6;\r\n        }\r\n    <\/style>\r\n    \r\n    \r\n    <h2>\ud83d\ude80 Le **Dispositif automatique de pizza le plus rapide sur Terre\u00a0: pr\u00eat en moins d'une minute\u00a0!<\/h2>\r\n\r\n    <p>Oubliez les files d'attente lentes et les longs temps d'attente. Notre **machine \u00e0 pizza automatique de chauffage infrarouge** est con\u00e7ue pour fournir une pizza chaude de 10 pouces parfaitement cuite dans un \u00e9tonnant **45 \u00e0 55 secondes* *. Construite par une \u00e9quipe qualifi\u00e9e ax\u00e9e sur la fiabilit\u00e9 et les fonctions de s\u00e9curit\u00e9 \u00e9lev\u00e9es, cette machine est votre avantage concurrentiel dans l'industrie automatis\u00e9e des services alimentaires.<\/p>\r\n\r\n    <div class=\"spec-highlight\">\r\n        <div class=\"spec-box\">\r\n            <h4>45 secondes<\/h4>\r\n            <p>Temps de cuisson (le plus rapide du march\u00e9 !)<\/p>\r\n        <\/div>\r\n        <div class=\"spec-box\">\r\n            <h4>55 pouces<\/h4>\r\n            <p>\u00c9cran de promotion dynamique d\u00e9di\u00e9<\/p>\r\n        <\/div>\r\n    <\/div>\r\n    \r\n    <h3>\u26a1 Cuisson et performances \u00e0 haute vitesse<\/h3>\r\n    \r\n    <p>Au c\u0153ur de cette machine se trouve le puissant **Parisonnier infrarouge**. Le syst\u00e8me $3000\\text{w}$ fonctionne entre $60^\\Circ\\Text{C}$ et $300^\\Circ\\Text{C}$, garantissant une vitesse in\u00e9gal\u00e9e et une qualit\u00e9 constante. Cette **machine \u00e0 pizza \u00e0 grande vitesse** garantit une transaction rapide, ce qui est essentiel pour les emplacements tr\u00e8s fr\u00e9quent\u00e9s.<\/p>\r\n\r\n    <ul class=\"feature-list-check\">\r\n        <li>* * \u00c9norme \u00e9cran : ** dispose d'un \u00e9cran massif de ** 55 pouces pour la promotion ** et d'un \u00e9cran de 15 pouces pour un fonctionnement transparent.<\/li>\r\n        <li>* *Capacit\u00e9 intelligente\u00a0:** Stocke **48\u00a0pi\u00e8ces de pizza de 10\u00a0pouces** et 48\u00a0bo\u00eetes de papier, pr\u00eates pour un d\u00e9ploiement rapide.<\/li>\r\n        <li>* *Persatilit\u00e9 des paiements\u00a0:** enti\u00e8rement \u00e9quip\u00e9 pour accepter les pi\u00e8ces de monnaie, la facture, les pi\u00e8ces d'\u00e9change et l'interface de carte de cr\u00e9dit** int\u00e9gr\u00e9e.<\/li>\r\n    <\/ul>\r\n\r\n    <h3>\ud83e\uddca S\u00e9curit\u00e9, contr\u00f4le et fiabilit\u00e9<\/h3>\r\n\r\n    <p>Notre engagement envers la qualit\u00e9 signifie offrir un produit hautement durable, fiable et s\u00e9curis\u00e9. Chaque machine est dot\u00e9e d'une **carte de commande de PC avanc\u00e9e** pour un fonctionnement stable et est con\u00e7ue pour r\u00e9sister \u00e0 une utilisation rigoureuse.<\/p>\r\n    \r\n    <ul class=\"feature-list-check\">\r\n        <li>* *Contr\u00f4le de temp\u00e9rature\u00a0:** maintient une temp\u00e9rature stable ($ -8^\\Circ\\text{C}$ \u00e0 $10^\\Circ\\text{C}$) et comprend **D\u00e9givrage automatique** pour les climats difficiles.<\/li>\r\n        <li>* *Gestion \u00e0 distance\u00a0:** utilisez le **Syst\u00e8me de gestion \u00e0 distance de l'ordinateur** pour v\u00e9rifier les ventes, recevoir des **rappels de p\u00e9nurie** et recevoir des alertes instantan\u00e9es pour les pannes de machine.<\/li>\r\n        <li>* *Protection de puissance :** Protection int\u00e9gr\u00e9e **Protection contre les pannes de courant** (avec fonction m\u00e9moire) et protection contre les fuites de surcharge Assurez-vous que la machine fonctionne en toute s\u00e9curit\u00e9 24h\/24 et 7j\/7.<\/li>\r\n        <li>* *HYGI\u00c8NE PLUS\u00a0:** Le cong\u00e9lateur comprend une **fonction de pasteurisation** et un \u00e9cran publicitaire plus grand, ajoutant de la valeur et de l'attrait.<\/li>\r\n    <\/ul>\r\n\r\n    <p style=\"text-align: center; font-style: italic; margin-top: 40px; font-size: 1.1em;\">Arr\u00eatez d'attendre 5 minutes. Commencez \u00e0 vendre des pizzas en ** moins d'une minute **\u00a0! L'avenir de **Vendeur de pizza automatis\u00e9** est ici.<\/p>\r\n\r\n    <a href=\"#popmake-2657\" class=\"cta-button-speed\">Renseignez-vous sur ce mod\u00e8le ultra-rapide d\u00e8s aujourd'hui<\/a>\r\n\r\n<\/div>","protected":false},"excerpt":{"rendered":"<p>\ud83d\ude80 The **Fastest Pizza Vending Machine** on Earth: Ready in Under a Minute! Forget slow queues and long wait times. Our **Automatic Infrared Heating Vending Pizza Machine** is designed to deliver a perfectly baked, hot 10-inch pizza in an astonishing **45 to 55 seconds**. Built by a skilled team focused on reliability and high safety [&hellip;]<\/p>","protected":false},"featured_media":1961,"template":"","meta":{"_swt_meta_header_display":false,"_swt_meta_footer_display":false,"_swt_meta_site_title_display":false,"_swt_meta_sticky_header":false,"_swt_meta_transparent_header":false},"product_brand":[],"product_cat":[70],"product_tag":[],"class_list":{"0":"post-160","1":"product","2":"type-product","3":"status-publish","4":"has-post-thumbnail","6":"product_cat-pizza-vending-machine","8":"first","9":"instock","10":"shipping-taxable","11":"product-type-simple"},"_links":{"self":[{"href":"https:\/\/pizzavendingmachine.net\/fr\/wp-json\/wp\/v2\/product\/160","targetHints":{"allow":["GET"]}}],"collection":[{"href":"https:\/\/pizzavendingmachine.net\/fr\/wp-json\/wp\/v2\/product"}],"about":[{"href":"https:\/\/pizzavendingmachine.net\/fr\/wp-json\/wp\/v2\/types\/product"}],"wp:featuredmedia":[{"embeddable":true,"href":"https:\/\/pizzavendingmachine.net\/fr\/wp-json\/wp\/v2\/media\/1961"}],"wp:attachment":[{"href":"https:\/\/pizzavendingmachine.net\/fr\/wp-json\/wp\/v2\/media?parent=160"}],"wp:term":[{"taxonomy":"product_brand","embeddable":true,"href":"https:\/\/pizzavendingmachine.net\/fr\/wp-json\/wp\/v2\/product_brand?post=160"},{"taxonomy":"product_cat","embeddable":true,"href":"https:\/\/pizzavendingmachine.net\/fr\/wp-json\/wp\/v2\/product_cat?post=160"},{"taxonomy":"product_tag","embeddable":true,"href":"https:\/\/pizzavendingmachine.net\/fr\/wp-json\/wp\/v2\/product_tag?post=160"}],"curies":[{"name":"wp","href":"https:\/\/api.w.org\/{rel}","templated":true}]}}