{"id":188,"date":"2025-12-11T12:52:53","date_gmt":"2025-12-11T12:52:53","guid":{"rendered":"http:\/\/localhost\/pa-c6-b-with-roof-fully-automatic-pizza-vending-machine-price\/"},"modified":"2025-12-11T12:52:53","modified_gmt":"2025-12-11T12:52:53","slug":"pa-c6-b-with-roof-fully-automatic-pizza-vending-machine-price","status":"publish","type":"product","link":"https:\/\/pizzavendingmachine.net\/fr\/pizza-vending-machine\/pa-c6-b-with-roof-fully-automatic-pizza-vending-machine-price\/","title":{"rendered":"PA-C6-B avec toiture enti\u00e8rement automatique de pizza distributeur automatique de prix"},"content":{"rendered":"<p style=\"text-align: center;\"><strong><span style=\"font-family: Calibri; font-size: 29px;\">Commerce de distributeurs automatiques de pizza<\/span><\/strong><\/p>\n<p><iframe loading=\"lazy\" title=\"Machine \u00e0 pizza intelligente dans Hommy Factroy\" width=\"500\" height=\"281\" src=\"https:\/\/www.youtube.com\/embed\/uVsIe_11_mE?feature=oembed\" frameborder=\"0\" allow=\"accelerometer; autoplay; clipboard-write; encrypted-media; gyroscope; picture-in-picture; web-share\" referrerpolicy=\"strict-origin-when-cross-origin\" allowfullscreen><\/iframe><\/p>\n<p>Ceux-ci sont fabriqu\u00e9s \u00e0 l'aide de la mati\u00e8re premi\u00e8re v\u00e9rifi\u00e9e de qualit\u00e9 \u00e0 l'aide de la technologie de premi\u00e8re qualit\u00e9. Avec nous, vous pouvez b\u00e9n\u00e9ficier du prix du distributeur automatique de pizzas premium. De plus, notre gamme de machines offerte est disponible dans diff\u00e9rentes sp\u00e9cifications, vous pouvez acheter les meilleures et abordables machines pour votre entreprise.<\/p>\n<p><strong><span style=\"font-family: \u5b8b\u4f53; font-size: 29px;\">produit <\/span><span style=\"font-family: \u5b8b\u4f53; font-size: 29px;\">Sp\u00e9cifications\uff1a<\/span><\/strong><\/p>\n<p><strong><span style=\"font-family: \u5b8b\u4f53; font-size: 29px;\"><img loading=\"lazy\" decoding=\"async\" style=\"height: 961px; width: 800px;\" title=\"\" src=\"https:\/\/www.pizzavendingmachine.net\/wp-content\/uploads\/16428200333753-4.jpg\" alt=\"product-Hommy-PA-C6-B with roof automatic pizza vending machine price-img\" width=\"800\" height=\"961\" border=\"0\" vspace=\"0\"><\/span><\/strong><\/p>\n<p>&nbsp;<\/p>\n<p><img decoding=\"async\" src=\"https:\/\/www.pizzavendingmachine.net\/wp-content\/uploads\/16428201553858-4.jpg\" alt=\"product-Hommy-img\" title=\"\"><\/p>\n<p><img loading=\"lazy\" decoding=\"async\" style=\"width: 800px; height: 890px;\" title=\"\" src=\"https:\/\/www.pizzavendingmachine.net\/wp-content\/uploads\/16428200313238-4.jpg\" alt=\"product-Hommy-img\" width=\"800\" height=\"890\" border=\"0\" vspace=\"0\"><\/p>\n<p><img decoding=\"async\" src=\"https:\/\/www.pizzavendingmachine.net\/wp-content\/uploads\/16428201485643-4.jpg\" alt=\"product-Hommy-img\" title=\"\"><\/p>\n<p>&nbsp;<\/p>\n<p>&nbsp;<\/p>\n<p><img decoding=\"async\" src=\"https:\/\/www.pizzavendingmachine.net\/wp-content\/uploads\/16427514456587.jpg\" alt=\"product-Hommy-img\" title=\"\"><\/p>\n<p style=\"margin-bottom: 0; text-align: justify;\"><strong><span style=\"font-family: \u5b8b\u4f53; font-size: 29px;\">Caract\u00e9ristiques du produit\u00a0:<\/span><\/strong><\/p>\n<p><span style=\"font-family: Calibri; font-size: 21px;\">1.\u00a0<\/span><span style=\"font-family: Calibri; font-size: 21px;\">\u00c9cran 32\u201d pour la promotion et fonctionnement de l'\u00e9cran 10,5\u201d. .<\/span><\/p>\n<p><span style=\"font-family: Calibri; font-size: 21px;\">2.\u00a0<\/span><span style=\"font-family: Calibri; font-size: 21px;\">Le syst\u00e8me de paiement peut accepter : pi\u00e8ce de monnaie, facture, \u00e9change de pi\u00e8ces, interface de carte de cr\u00e9dit. .<\/span><\/p>\n<p><span style=\"font-family: Calibri; font-size: 21px;\">3.\u00a0<\/span><span style=\"font-family: Calibri; font-size: 21px;\">Le cong\u00e9lateur de la machine \u00e0 pizza distributrice \u00e0 l'int\u00e9rieur peut conserver 88 pi\u00e8ces de 12\u201d pizza et maintenir la temp\u00e9rature de 10<\/span><span style=\"font-family: Calibri; font-size: 21px;\">\u2103<\/span><span style=\"font-family: Calibri; font-size: 21px;\">\u00a0\u00e0 -18<\/span><span style=\"font-family: Calibri; font-size: 21px;\">\u2103<\/span><span style=\"font-family: Calibri; font-size: 21px;\">. <\/span><\/p>\n<p><span style=\"font-family: Calibri; font-size: 21px;\">4.\u00a0<\/span><span style=\"font-family: Calibri; font-size: 21px;\">La machine \u00e0 l'int\u00e9rieur conserve 88 bo\u00eetes de papier. .<\/span><\/p>\n<p><span style=\"font-family: Calibri; font-size: 21px;\">5.\u00a0<\/span><span style=\"font-family: Calibri; font-size: 21px;\">Carte de commande PC avanc\u00e9e, fonction bien programm\u00e9e et travail stable. .<\/span><\/p>\n<p><span style=\"font-family: Calibri; font-size: 21px;\">6.\u00a0<\/span><span style=\"font-family: Calibri; font-size: 21px;\">Nous stockons automatiquement les donn\u00e9es des produits dans l'entrep\u00f4t gr\u00e2ce \u00e0 la num\u00e9risation du code QR. Pour chaque produit, nous d\u00e9finissons un code QR. Vous pouvez clairement conna\u00eetre le temps de production et la date d'expiration du produit, afin de pouvoir suivre les points de vente du produit. Lorsque le produit est de deux jours avant la date d'expiration, notre syst\u00e8me vous aidera automatiquement \u00e0 vendre jusqu'\u00e0 la vente. Lorsque le produit a d\u00e9pass\u00e9 la dur\u00e9e de conservation, le syst\u00e8me cessera automatiquement de vendre le produit pour assurer la qualit\u00e9 et la s\u00e9curit\u00e9. <\/span><\/p>\n<p><span style=\"font-family: Calibri; font-size: 21px;\">7.\u00a0<\/span><span style=\"font-family: Calibri; font-size: 21px;\">La temp\u00e9rature du cong\u00e9lateur peut \u00eatre install\u00e9e sur diff\u00e9rents produits, avec fonction de d\u00e9givrage automatique, pour garantir que la machine soit \u00e0 haute temp\u00e9rature et \u00e0 humidit\u00e9 \u00e9lev\u00e9e en fonctionnement normal.;<\/span><\/p>\n<p><span style=\"font-family: Calibri; font-size: 21px;\">8.\u00a0<\/span><span style=\"font-family: Calibri; font-size: 21px;\">Temp\u00e9rature de chauffage infrarouge <span style=\"font-family: \u5b8b\u4f53;\">\uff1a<\/span><span style=\"font-family: Calibri;\">60-300\u2103 besoin de 3 \u00e0 5 minutes pour cuire une pizza.<\/span><\/span><\/p>\n<p><span style=\"font-family: Calibri; font-size: 21px;\">9.\u00a0<\/span><span style=\"font-family: Calibri; font-size: 21px;\">\u00a0Taille de la maison infrarouge :400x400x300mm et puissance :3000W. . <\/span><\/p>\n<p><span style=\"font-family: Calibri; font-size: 21px;\">10.\u00a0<\/span><span style=\"font-family: Calibri; font-size: 21px;\">Il existe une fonction de protection contre les pannes de courant, la machine montre toujours la puissance de l'\u00e9tat, a la fonction de m\u00e9moire, la fonction de protection contre les fuites de surcharge, assure un fonctionnement s\u00fbr de la machine. <\/span><\/p>\n<p style=\"margin-bottom: 0; text-align: justify;\"><span style=\"font-family: Calibri; font-size: 21px;\">11.\u00a0<\/span><span style=\"font-family: Calibri; font-size: 21px;\">La langue peut se fonder sur diff\u00e9rents pays pour l'ajuster. . <\/span><\/p>\n<p><span style=\"font-family: Calibri; font-size: 21px;\">12.\u00a0<\/span><span style=\"font-family: Calibri; font-size: 21px;\">Ajout de la fonction d'\u00e9conomie d'\u00e9nergie automatique. La machine ajoute deux p\u00e9riodes de temps pour le d\u00e9jeuner et le d\u00eener. La machine pr\u00e9chauffera automatiquement la temp\u00e9rature que vous avez r\u00e9gl\u00e9e entre 80 et 100 degr\u00e9s. Lorsque le client paie, la machine s'\u00e9chauffe automatiquement, de sorte que le temps de cuisson est r\u00e9duit, que la vitesse de vente est acc\u00e9l\u00e9r\u00e9e et qu'il n'est pas n\u00e9cessaire de pr\u00e9chauffer toute la journ\u00e9e. R\u00e9duisez les co\u00fbts.<\/span><\/p>\n<p><span style=\"font-family: Calibri; font-size: 21px;\">13.\u00a0<\/span><span style=\"font-family: Calibri; font-size: 21px;\">Syst\u00e8me de gestion \u00e0 distance de l'ordinateur\u00a0: d\u00e9tails des ventes de requ\u00eate, rappels de p\u00e9nurie, rappel de panne de machine, qui peuvent \u00e9conomiser plus de co\u00fbts de main-d'\u0153uvre, hommy pizza distributeur automatique ajoute une fonction plus humanis\u00e9e.<\/span><\/p>\n<p><span style=\"font-family: Calibri; font-size: 21px;\">14.\u00a0<\/span><span style=\"font-family: Calibri; font-size: 21px;\">L'infrare \u00e0 l'int\u00e9rieur a une temp\u00e9rature de haut et de bas pour vous permettre de l'ajuster \u00e0 la base de diff\u00e9rentes pizzas \u00e0 saveur pour la temp\u00e9rature et le temps de cuisson. .<\/span><\/p>\n<p><span style=\"font-family: Calibri; font-size: 21px;\">15.\u00a0<\/span><span style=\"font-family: Calibri; font-size: 21px;\">La machine suit la temp\u00e9rature du compartiment cong\u00e9lateur pendant 24 heures. Lorsque la temp\u00e9rature n'atteint pas la norme que vous avez d\u00e9finie, cela vous rappellera automatiquement de vous assurer que la pizza ne se d\u00e9t\u00e9riore pas et r\u00e9pond aux normes de s\u00e9curit\u00e9 et d'hygi\u00e8ne des produits.<\/span><\/p>\n<p><span style=\"font-family: Calibri; font-size: 21px;\">\u00a0<\/span><\/p>\n<p style=\"margin-bottom: 0; text-align: justify;\"><strong><span style=\"font-family: \u5b8b\u4f53; font-size: 29px;\">\u00a0<\/span><\/strong><\/p>\n<p><strong><span style=\"font-family: \u5b8b\u4f53; font-size: 29px;\">Avantage produit :<\/span><\/strong><\/p>\n<p><span style=\"font-family: Calibri; font-size: 21px;\">1.\u00a0<\/span><span style=\"font-family: Calibri; font-size: 21px;\">Temp\u00e9rature de chauffage infrarouge <span style=\"font-family: \u5b8b\u4f53;\">\uff1a<\/span><span style=\"font-family: Calibri;\">60-300\u2103 besoin de 3 \u00e0 5 minutes pour cuire une pizza<\/span><\/span><span style=\"font-family: \u5b8b\u4f53; font-size: 21px;\">\u00a0et <\/span><span style=\"font-family: Calibri; font-size: 21px;\">Taille de la maison infrarouge :400x400x300mm et puissance :3000W. . <\/span><\/p>\n<p><img loading=\"lazy\" decoding=\"async\" style=\"width: 350px; height: 1440px;\" title=\"\" src=\"https:\/\/www.pizzavendingmachine.net\/wp-content\/uploads\/16427515605998.jpg\" alt=\"product-PA-C6-B with roof automatic pizza vending machine price-Hommy-img\" width=\"350\" height=\"1440\" border=\"0\" vspace=\"0\"><\/p>\n<p style=\"margin-bottom: 0; text-align: justify;\"><span style=\"font-family: Calibri; font-size: 21px;\">2.\u00a0<\/span><span style=\"font-family: Calibri; font-size: 21px;\">Si vous utilisez une casserole en aluminium pour cuire, vous pouvez chauffer le fond de la pizza de mani\u00e8re plus uniforme, et la pizza qui en sort est plus d\u00e9licieuse.<\/span><\/p>\n<p style=\"margin-bottom: 0; text-align: justify;\"><img decoding=\"async\" src=\"https:\/\/www.pizzavendingmachine.net\/wp-content\/uploads\/16427516009268.jpg\" alt=\"product-Hommy-PA-C6-B with roof automatic pizza vending machine price-img-1\" title=\"\"><\/p>\n<p><span style=\"font-family: Calibri; font-size: 21px;\">4.<\/span><span style=\"font-family: Calibri; font-size: 16px;\">\u00a0<\/span><span style=\"font-family: Calibri; font-size: 21px;\">Nous stockons automatiquement les donn\u00e9es des produits dans l'entrep\u00f4t gr\u00e2ce \u00e0 la num\u00e9risation du code QR. Pour chaque produit, nous d\u00e9finissons un code QR. Vous pouvez clairement conna\u00eetre le temps de production et la date d'expiration du produit, afin de pouvoir suivre les points de vente du produit. Lorsque le produit est de deux jours avant la date d'expiration, notre syst\u00e8me vous aidera automatiquement \u00e0 vendre jusqu'\u00e0 la vente. Lorsque le produit a d\u00e9pass\u00e9 la dur\u00e9e de conservation, le syst\u00e8me cessera automatiquement de vendre le produit pour assurer la qualit\u00e9 et la s\u00e9curit\u00e9.<\/span><\/p>\n<p style=\"vertical-align: baseline;\"><img decoding=\"async\" src=\"https:\/\/www.pizzavendingmachine.net\/wp-content\/uploads\/16427516171266.png\" alt=\"product-Hommy-img-1\" title=\"\"><\/p>\n<p><span style=\"font-family: \u5b8b\u4f53; font-size: 20px;\">5.<\/span><span style=\"font-family: Calibri; font-size: 21px;\">Le syst\u00e8me de paiement peut accepter : pi\u00e8ce de monnaie, facture, \u00e9change de pi\u00e8ces, interface de carte de cr\u00e9dit. .<\/span><\/p>\n<p style=\"vertical-align: baseline;\"><img loading=\"lazy\" decoding=\"async\" style=\"width: 350px; height: 546px;\" title=\"\" src=\"https:\/\/www.pizzavendingmachine.net\/wp-content\/uploads\/16427516657622.png\" alt=\"product-Hommy-img-1\" width=\"350\" height=\"546\" border=\"0\" vspace=\"0\"><\/p>\n<p><span style=\"font-family: Calibri; font-size: 21px;\">6.\u00a0<\/span><span style=\"font-family: Calibri; font-size: 21px;\">Syst\u00e8me de gestion \u00e0 distance de l'ordinateur\u00a0: d\u00e9tails des ventes de requ\u00eate, rappels de p\u00e9nurie, rappel de panne de machine.<\/span><\/p>\n<p style=\"vertical-align: baseline;\"><img decoding=\"async\" src=\"https:\/\/www.pizzavendingmachine.net\/wp-content\/uploads\/16427517237781.jpg\" alt=\"product-Hommy-img-1\" title=\"\"><\/p>\n<p style=\"vertical-align: baseline;\"><span style=\"font-family: Calibri; font-size: 20px;\">7.\u00a0<\/span><span style=\"font-family: Calibri; font-size: 20px;\">\u00a0Chauffage \u00e0 l'int\u00e9rieur du four qui est un contr\u00f4le s\u00e9par\u00e9 pour le temps et la temp\u00e9rature. qui peuvent fonder sur diff\u00e9rents <\/span><\/p>\n<p style=\"vertical-align: baseline;\"><span style=\"font-family: Calibri; font-size: 20px;\">Saveur ajustez-le. . <\/span><\/p>\n<p style=\"vertical-align: baseline;\"><img loading=\"lazy\" decoding=\"async\" style=\"width: 350px; height: 254px;\" title=\"\" src=\"https:\/\/www.pizzavendingmachine.net\/wp-content\/uploads\/16427517719866.png\" alt=\"product-Hommy-img-1\" width=\"350\" height=\"254\" border=\"0\" vspace=\"0\"><\/p>\n<p style=\"vertical-align: baseline;\"><span style=\"font-family: \u5b8b\u4f53; font-size: 20px;\">8.<\/span><span style=\"font-family: Calibri; font-size: 20px;\">Machine \u00e0 pizza distribuer \u00e0 l'int\u00e9rieur Utilisez la base de la bo\u00eete \u00e0 pizza sur la machine \u00e0 concevoir et elle peut le conserver au cong\u00e9lateur -18C. Nous utilisons des mat\u00e9riaux r\u00e9sistants \u00e0 la temp\u00e9rature. . <\/span><\/p>\n<p style=\"vertical-align: baseline;\"><img loading=\"lazy\" decoding=\"async\" style=\"width: 350px; height: 328px;\" title=\"\" src=\"https:\/\/www.pizzavendingmachine.net\/wp-content\/uploads\/16427517943140.png\" alt=\"product-PA-C6-B with roof automatic pizza vending machine price-Hommy-img-1\" width=\"350\" height=\"328\" border=\"0\" vspace=\"0\"><\/p>\n<p style=\"vertical-align: baseline;\"><span style=\"font-family: Calibri; font-size: 20px;\">9.\u00a0<\/span><span style=\"font-family: Calibri; font-size: 20px;\">\u00a0Il a deux types de toit pour vous permettre de choisir A et B, ce toit peut bloquer le vent, la pluie, la neige.<\/span><\/p>\n<p style=\"vertical-align: baseline;\"><img loading=\"lazy\" decoding=\"async\" style=\"width: 650px; height: 353px;\" title=\"\" src=\"https:\/\/www.pizzavendingmachine.net\/wp-content\/uploads\/16427518398896.png\" alt=\"product-Hommy-PA-C6-B with roof automatic pizza vending machine price-img-2\" width=\"650\" height=\"353\" border=\"0\" vspace=\"0\"><\/p>\n<p style=\"vertical-align: baseline;\"><span style=\"font-family: Calibri; font-size: 20px;\">10.\u00a0<\/span><span style=\"font-family: Calibri; font-size: 20px;\">Nous sommes les bienvenus OEM pour votre logo <\/span><\/p>\n<p style=\"vertical-align: baseline;\"><img decoding=\"async\" src=\"https:\/\/www.pizzavendingmachine.net\/wp-content\/uploads\/16427519343463.png\" alt=\"product-Hommy-img-2\" title=\"\"><\/p>\n<p><span style=\"font-family: \u5b8b\u4f53; font-size: 29px;\">\u00a0<\/span><\/p>\n<h2>Combien de pizzas peuvent \u00eatre pr\u00e9par\u00e9es en une heure ?<\/h2>\n<p style=\"margin-top: 5px; margin-bottom: 5px;\">\n<p style=\"margin-top: 5px; margin-bottom: 5px;\">Pour la semaine compl\u00e8te et tout au long de l'\u00e9t\u00e9, vous pouvez pr\u00e9parer jusqu'\u00e0 6 pizzas en 30 minutes pour le prix de quelques minutes de peinture s\u00e8che. Nous utilisons une vari\u00e9t\u00e9 de garnitures et avons mis en place une semaine de menus.<\/p>\n<p style=\"margin-top: 5px; margin-bottom: 5px;\">\n<p style=\"margin-top: 5px; margin-bottom: 5px;\">\n<h2>Quelle quantit\u00e9 d'\u00e9lectricit\u00e9 un four \u00e0 pizza utilise-t-il ?<\/h2>\n<p style=\"margin-top: 5px; margin-bottom: 5px;\">\n<p style=\"margin-top: 5px; margin-bottom: 5px;\">La pizza est l'un des aliments les plus populaires d'Am\u00e9rique, mais en ce qui concerne les fours \u00e0 pizza, les gens ne savent pas toujours ce qu'ils recherchent. C'est pourquoi j'ai fait ce guide d'achat de fours \u00e0 pizza pour les d\u00e9butants. Commen\u00e7ons par examiner la question de base de la quantit\u00e9 d'\u00e9lectricit\u00e9 utilis\u00e9e par un four \u00e0 pizza.<\/p>\n<p style=\"margin-top: 5px; margin-bottom: 5px;\">\n<h2>Quel type de four \u00e0 pizza Dominos utilise-t-il ?<\/h2>\n<p style=\"margin-top: 5px; margin-bottom: 5px;\">\n<p style=\"margin-top: 5px; margin-bottom: 5px;\">A\u00a0:<\/p>\n<p style=\"margin-top: 5px; margin-bottom: 5px;\">\n<p style=\"margin-top: 5px; margin-bottom: 5px;\">Ce four est tr\u00e8s similaire \u00e0 celui de cette image.\u00a0 Il s'agit d'un four \u00e0 pizza debout fabriqu\u00e9 par une entreprise appel\u00e9e Leitz &amp; Kluge.<\/p>\n<p style=\"margin-top: 5px; margin-bottom: 5px;\">Ce four a \u00e9t\u00e9 utilis\u00e9 dans le pass\u00e9 pour faire des pizzas pour Pizza Hut.<\/p>\n<p style=\"margin-top: 5px; margin-bottom: 5px;\">\n<p style=\"margin-top: 5px; margin-bottom: 5px;\">J'ai entendu un dirigeant de Pizza Hut dire qu'il faisait des pizzas dans ce four depuis des ann\u00e9es.\u00a0 J'ai \u00e9galement entendu dire que la cro\u00fbte de pizza dans ce four est beaucoup plus fine que la cro\u00fbte fine typique.<\/p>","protected":false},"excerpt":{"rendered":"<p>pizza vending machine business These are fabricated using quality checked raw material using premium technology. With us, you can avail premium Pizza Vending Machine Price. Further, our offered range of machines is available in different specifications, you can buy the best and affordable machines for your business. Product specification\uff1a &nbsp; &nbsp; &nbsp; Product Features: 1.\u00a032\u201d [&hellip;]<\/p>","protected":false},"featured_media":1963,"template":"","meta":{"_swt_meta_header_display":false,"_swt_meta_footer_display":false,"_swt_meta_site_title_display":false,"_swt_meta_sticky_header":false,"_swt_meta_transparent_header":false},"product_brand":[],"product_cat":[70],"product_tag":[],"class_list":{"0":"post-188","1":"product","2":"type-product","3":"status-publish","4":"has-post-thumbnail","6":"product_cat-pizza-vending-machine","8":"first","9":"instock","10":"shipping-taxable","11":"product-type-simple"},"_links":{"self":[{"href":"https:\/\/pizzavendingmachine.net\/fr\/wp-json\/wp\/v2\/product\/188","targetHints":{"allow":["GET"]}}],"collection":[{"href":"https:\/\/pizzavendingmachine.net\/fr\/wp-json\/wp\/v2\/product"}],"about":[{"href":"https:\/\/pizzavendingmachine.net\/fr\/wp-json\/wp\/v2\/types\/product"}],"wp:featuredmedia":[{"embeddable":true,"href":"https:\/\/pizzavendingmachine.net\/fr\/wp-json\/wp\/v2\/media\/1963"}],"wp:attachment":[{"href":"https:\/\/pizzavendingmachine.net\/fr\/wp-json\/wp\/v2\/media?parent=188"}],"wp:term":[{"taxonomy":"product_brand","embeddable":true,"href":"https:\/\/pizzavendingmachine.net\/fr\/wp-json\/wp\/v2\/product_brand?post=188"},{"taxonomy":"product_cat","embeddable":true,"href":"https:\/\/pizzavendingmachine.net\/fr\/wp-json\/wp\/v2\/product_cat?post=188"},{"taxonomy":"product_tag","embeddable":true,"href":"https:\/\/pizzavendingmachine.net\/fr\/wp-json\/wp\/v2\/product_tag?post=188"}],"curies":[{"name":"wp","href":"https:\/\/api.w.org\/{rel}","templated":true}]}}