{"id":205,"date":"2025-12-11T12:53:50","date_gmt":"2025-12-11T12:53:50","guid":{"rendered":"http:\/\/localhost\/pa-c7a-street-pizza-vending-machine-manufacturers-for-walmart\/"},"modified":"2025-12-11T12:53:50","modified_gmt":"2025-12-11T12:53:50","slug":"pa-c7a-street-pizza-vending-machine-manufacturers-for-walmart","status":"publish","type":"product","link":"https:\/\/pizzavendingmachine.net\/fr\/pizza-vending-machine\/pa-c7a-street-pizza-vending-machine-manufacturers-for-walmart\/","title":{"rendered":"PA-C7A Street Fabricants de distributeurs automatiques de pizzas pour Walmart"},"content":{"rendered":"<div class=\"frozen-vending-machine-section\">\r\n    \r\n    <style>\r\n        .frozen-vending-machine-section {\r\n            font-family: 'Open Sans', sans-serif;\r\n            background-color: #f0f8ff; \/* Light blue\/icy background *\/\r\n            padding: 50px 30px;\r\n            border-radius: 15px;\r\n            box-shadow: 0 8px 25px rgba(0, 50, 150, 0.1); \r\n            margin-bottom: 50px;\r\n            border-left: 6px solid #0077b6; \/* Deep blue accent for cold\/tech *\/\r\n        }\r\n        .frozen-vending-machine-section h2 {\r\n            color: #004d99; \r\n            text-align: center;\r\n            font-size: 2.5em;\r\n            margin-bottom: 25px;\r\n            text-transform: uppercase;\r\n        }\r\n        .frozen-vending-machine-section h3 {\r\n            color: #d9534f; \/* Accent Red *\/\r\n            font-size: 1.6em;\r\n            margin-top: 30px;\r\n            margin-bottom: 15px;\r\n            border-bottom: 2px dashed #0077b6;\r\n            padding-bottom: 5px;\r\n        }\r\n        .frozen-vending-machine-section p {\r\n            line-height: 1.7;\r\n            color: #4a4a4a;\r\n            margin-bottom: 15px;\r\n        }\r\n        .frozen-vending-machine-section strong {\r\n            color: #0077b6;\r\n            font-weight: 700;\r\n        }\r\n        .tech-spec-grid {\r\n            display: grid;\r\n            grid-template-columns: repeat(auto-fit, minmax(280px, 1fr));\r\n            gap: 20px;\r\n            margin-top: 20px;\r\n        }\r\n        .tech-spec-card {\r\n            background-color: #ffffff;\r\n            padding: 20px;\r\n            border-radius: 10px;\r\n            box-shadow: 0 2px 10px rgba(0, 0, 0, 0.05);\r\n        }\r\n        .tech-spec-card h4 {\r\n            font-size: 1.2em;\r\n            color: #333;\r\n            margin-top: 0;\r\n        }\r\n        .cta-button-frozen {\r\n            display: block;\r\n            width: 80%;\r\n            max-width: 350px;\r\n            margin: 40px auto 0;\r\n            padding: 18px 30px;\r\n            text-align: center;\r\n            background-color: #f0ad4e;\r\n            color: #ffffff !important;\r\n            text-decoration: none;\r\n            font-weight: bold;\r\n            font-size: 1.2em;\r\n            border-radius: 8px;\r\n            transition: background-color 0.3s ease;\r\n        }\r\n        .cta-button-frozen:hover {\r\n            background-color: #eb931e;\r\n        }\r\n    <\/style>\r\n    \r\n    \r\n    <h2>\u2744\ufe0f Le **distributeur automatique de pizzas surgel\u00e9s** avec une fiabilit\u00e9 brevet\u00e9e<\/h2>\r\n\r\n    <p>Vous en avez assez des distributeurs automatiques de produits surgel\u00e9s qui se bloquent constamment ? Nous sommes un leader de l'industrie car nous r\u00e9solvons le probl\u00e8me de livraison en stockage \u00e0 froid. Notre distributeur automatique de pizzas **congel\u00e9s sp\u00e9cialis\u00e9s** est tr\u00e8s appr\u00e9ci\u00e9 pour sa durabilit\u00e9, son faible entretien et, surtout, sa ** fiabilit\u00e9 in\u00e9gal\u00e9e ** dans des conditions de gel.<\/p>\r\n    \r\n    <p>Cette machine est votre solution robuste pour distribuer de gros paquets de pizza surgel\u00e9es commerciales** \u00e0 vos clients 24 heures sur 24, 7 jours sur 7, aux prix les plus abordables de l'industrie.<\/p>\r\n\r\n    <h3>\ud83d\udd12 Livraison garantie : notre **syst\u00e8me de vente brevet\u00e9 \u00e0 basse temp\u00e9rature* *<\/h3>\r\n    \r\n    <p>Le plus grand d\u00e9fi de **Vending \u00e0 basse temp\u00e9rature** est la distribution en douceur. C'est pourquoi notre machine dispose d'une structure de canal brevet\u00e9e et brevet\u00e9e* *. Ce canal est sp\u00e9cialement con\u00e7u pour g\u00e9rer l'environnement de cong\u00e9lation** (maintenu entre $-8^\\CIRC\\TEXT{C}$ et $10^\\CIRC\\TEXT{C}$), assurant une livraison lisse et stable de marchandises** sans d\u00e9lai ni bourrage.<\/p>\r\n\r\n    <div class=\"tech-spec-grid\">\r\n        <div class=\"tech-spec-card\">\r\n            <h4>\ud83d\udce6 Grande capacit\u00e9 et flexibilit\u00e9<\/h4>\r\n            <p>Le cong\u00e9lateur peut accueillir confortablement **30 morceaux de grande pizza am\u00e9ricaine** (taille de la bo\u00eete $41\\Texte{x}41\\text{x}4.5\\text{cm}$). Si votre emballage de produit est plus petit, la machine peut accueillir une quantit\u00e9 encore plus grande, maximisant le volume d'inventaire.<\/p>\r\n        <\/div>\r\n        <div class=\"tech-spec-card\">\r\n            <h4>\ud83e\udde0 Gestion \u00e0 distance intelligente<\/h4>\r\n            <p>Aliment\u00e9 par une **carte de commande de PC avanc\u00e9e**, le syst\u00e8me comprend un **syst\u00e8me de gestion \u00e0 distance de l'ordinateur**. Acc\u00e9dez \u00e0 des donn\u00e9es critiques telles que les d\u00e9tails des ventes, **Rappels de p\u00e9nurie** et alertes de panne de machine instantan\u00e9e de n'importe o\u00f9, ce qui vous permet d'\u00e9conomiser des co\u00fbts de main-d'\u0153uvre.<\/p>\r\n        <\/div>\r\n    <\/div>\r\n\r\n    <h3>\ud83d\udee1\ufe0f S\u00e9curit\u00e9, hygi\u00e8ne et exp\u00e9rience client<\/h3>\r\n\r\n    <ul class=\"feature-list-check\" style=\"list-style-type: none; padding-left: 20px;\">\r\n        <li>* *Interface intuitive\u00a0:** dispose d'un \u00e9cran clair et r\u00e9actif **21,5 pouces** pour un fonctionnement transparent des clients (d\u00e9fini sur la langue anglaise par d\u00e9faut).<\/li>\r\n        <li>* *R\u00e9silience climatique\u00a0:** Inclut **Fonction de d\u00e9givrage automatique** et r\u00e9glages de temp\u00e9rature r\u00e9glables pour la s\u00e9curit\u00e9 des produits dans tous les climats.<\/li>\r\n        <li>* *Assurance hygi\u00e9nique\u00a0:** Le compartiment cong\u00e9lateur comprend une **Fonction de pasteurisation** pour une hygi\u00e8ne de produit sup\u00e9rieure.<\/li>\r\n        <li>* *Paiements s\u00e9curis\u00e9s\u00a0:** Acceptez toutes les principales m\u00e9thodes\u00a0: pi\u00e8ce, facture, pi\u00e8ce d'\u00e9change et **interface de carte de cr\u00e9dit** int\u00e9gr\u00e9e**.<\/li>\r\n        <li>* *S\u00e9curit\u00e9 d'abord\u00a0:** robuste **Protection contre les pannes de courant** (avec m\u00e9moire) et protection contre les fuites de surcharge Assurer un fonctionnement s\u00fbr et continu.<\/li>\r\n    <\/ul>\r\n\r\n    <p style=\"text-align: center; font-style: italic; margin-top: 40px; font-size: 1.1em;\">Pr\u00eat \u00e0 passer \u00e0 un **distributeur de pizza surgel\u00e9 commercial vraiment fiable**\u00a0? Choisissez la machine con\u00e7ue pour g\u00e9rer le gel.<\/p>\r\n\r\n    <a href=\"#popmake-2657\" class=\"cta-button-frozen\">Demandez votre devis abordable d\u00e8s aujourd'hui<\/a>\r\n\r\n<\/div>","protected":false},"excerpt":{"rendered":"<p>\u2744\ufe0f The **Frozen Pizza Vending Machine** with Patented Reliability Are you tired of frozen food vending machines that constantly jam? We are a prominent industry leader because we solve the cold-storage delivery problem. Our specialized **Frozen Pizza Vending Machine** is highly appreciated for its durability, low maintenance, and \u2014 most importantly \u2014 its **unmatched reliability** [&hellip;]<\/p>","protected":false},"featured_media":199,"template":"","meta":{"_swt_meta_header_display":false,"_swt_meta_footer_display":false,"_swt_meta_site_title_display":false,"_swt_meta_sticky_header":false,"_swt_meta_transparent_header":false},"product_brand":[],"product_cat":[70],"product_tag":[],"class_list":{"0":"post-205","1":"product","2":"type-product","3":"status-publish","4":"has-post-thumbnail","6":"product_cat-pizza-vending-machine","8":"first","9":"instock","10":"shipping-taxable","11":"product-type-simple"},"_links":{"self":[{"href":"https:\/\/pizzavendingmachine.net\/fr\/wp-json\/wp\/v2\/product\/205","targetHints":{"allow":["GET"]}}],"collection":[{"href":"https:\/\/pizzavendingmachine.net\/fr\/wp-json\/wp\/v2\/product"}],"about":[{"href":"https:\/\/pizzavendingmachine.net\/fr\/wp-json\/wp\/v2\/types\/product"}],"wp:featuredmedia":[{"embeddable":true,"href":"https:\/\/pizzavendingmachine.net\/fr\/wp-json\/wp\/v2\/media\/199"}],"wp:attachment":[{"href":"https:\/\/pizzavendingmachine.net\/fr\/wp-json\/wp\/v2\/media?parent=205"}],"wp:term":[{"taxonomy":"product_brand","embeddable":true,"href":"https:\/\/pizzavendingmachine.net\/fr\/wp-json\/wp\/v2\/product_brand?post=205"},{"taxonomy":"product_cat","embeddable":true,"href":"https:\/\/pizzavendingmachine.net\/fr\/wp-json\/wp\/v2\/product_cat?post=205"},{"taxonomy":"product_tag","embeddable":true,"href":"https:\/\/pizzavendingmachine.net\/fr\/wp-json\/wp\/v2\/product_tag?post=205"}],"curies":[{"name":"wp","href":"https:\/\/api.w.org\/{rel}","templated":true}]}}