{"id":92,"date":"2025-12-11T12:54:32","date_gmt":"2025-12-11T12:54:32","guid":{"rendered":"http:\/\/localhost\/pa-c7b-automatic-frozen-self-service-pizza-vending-machine-factory\/"},"modified":"2025-12-11T12:54:32","modified_gmt":"2025-12-11T12:54:32","slug":"pa-c7b-automatic-frozen-self-service-pizza-vending-machine-factory","status":"publish","type":"product","link":"https:\/\/pizzavendingmachine.net\/fr\/pizza-vending-machine\/pa-c7b-automatic-frozen-self-service-pizza-vending-machine-factory\/","title":{"rendered":"PA-C7B usine automatique de distributeur automatique de pizzas de distributeur automatique de pizza surgel\u00e9"},"content":{"rendered":"<section class=\"pizza-vending-hero\">\r\n    <h1>\ud83c\udf55 L'avenir du service alimentaire : un distributeur automatique de pizzas surgel\u00e9es Americal 24\/7<\/h1>\r\n    <p class=\"lead-text\">\u00cates-vous pr\u00eat \u00e0 r\u00e9pondre \u00e0 la demande croissante de repas instantan\u00e9s et de haute qualit\u00e9\u00a0? Le **Machine d'approvisionnement de pizzas surgel\u00e9s Americal** est la solution de libre-service de qualit\u00e9 sup\u00e9rieure con\u00e7ue pour maximiser les revenus passifs tout en fournissant aux clients de d\u00e9licieuses pizzas chaudes. Con\u00e7u pour une fiabilit\u00e9 maximale et un entretien minimal, c'est l'investissement ultime dans la technologie de vente sans contact**.<\/p>\r\n<\/section>\r\n\r\n<section class=\"product-features-table\">\r\n    <h2>\ud83c\udf1f Pleins feux sur les produits : fonctionnalit\u00e9s in\u00e9gal\u00e9es pour des performances optimales<\/h2>\r\n    <p>Nous combinons du mat\u00e9riel robuste et un logiciel intelligent pour assurer un fonctionnement fluide et rentable, faisant de nous le leader du march\u00e9 des pizzas ** en libre-service.<\/p>\r\n    <table>\r\n        <thead>\r\n            <tr>\r\n                <th>figure<\/th>\r\n                <th>Sp\u00e9cification technique<\/th>\r\n                <th>SEO &amp; Avantage Business<\/th>\r\n            <\/tr>\r\n        <\/thead>\r\n        <tbody>\r\n            <tr>\r\n                <td><strong>Interface utilisateur dynamique 43\u201d<\/strong><\/td>\r\n                <td>Affichage haute d\u00e9finition pour la promotion et le fonctionnement.<\/td>\r\n                <td><strong>capte l'attention<\/strong> et d\u00e9livre des messages marketing cibl\u00e9s pour stimuler les ventes impulsives.<\/td>\r\n            <\/tr>\r\n            <tr>\r\n                <td><strong>Syst\u00e8me de paiement tout-en-un<\/strong><\/td>\r\n                <td>Accepte la pi\u00e8ce, la facture, le changement d'\u00e9change et l'interface de carte de cr\u00e9dit**.<\/td>\r\n                <td>* * Maximise les conversions** en offrant des options de paiement flexibles pour chaque client.<\/td>\r\n            <\/tr>\r\n            <tr>\r\n                <td><strong>Inventaire haute capacit\u00e9<\/strong><\/td>\r\n                <td>Stocke jusqu'\u00e0 **30 grandes bo\u00eetes \u00e0 pizza de style am\u00e9ricain** (41x41x4.5cm).<\/td>\r\n                <td>* * R\u00e9duit les co\u00fbts de recharge** et garantit la profondeur des stocks, parfait pour les emplacements tr\u00e8s fr\u00e9quent\u00e9s n\u00e9cessitant un **distributeur automatique \u00e0 haute capacit\u00e9**.<\/td>\r\n            <\/tr>\r\n            <tr>\r\n                <td><strong>Contr\u00f4le climatique de pr\u00e9cision<\/strong><\/td>\r\n                <td>Plage de temp\u00e9ratures : **-8\u00b0C \u00e0 10\u00b0C** avec fonctions de d\u00e9givrage et pasteurisation automatiques.<\/td>\r\n                <td>* * Garantit la s\u00e9curit\u00e9 alimentaire** et la fra\u00eecheur, permettant un fonctionnement fiable dans divers climats.<\/td>\r\n            <\/tr>\r\n            <tr>\r\n                <td><strong>T\u00e9l\u00e9m\u00e9trie intelligente et alertes<\/strong><\/td>\r\n                <td>Carte de commande PC avanc\u00e9e avec **Syst\u00e8me de gestion \u00e0 distance par ordinateur** pour les requ\u00eates de vente, les p\u00e9nuries et les rappels de panne.<\/td>\r\n                <td>* *Gagne du temps de fonctionnement** avec des donn\u00e9es en temps r\u00e9el et une gestion des stocks\/maintenance \u00e0 distance.<\/td>\r\n            <\/tr>\r\n        <\/tbody>\r\n    <\/table>\r\n<\/section>\r\n\r\n<section class=\"durability-advantage\">\r\n    <h2>\ud83d\udee1\ufe0f Durabilit\u00e9 et excellence op\u00e9rationnelle<\/h2>\r\n    <p>L'unit\u00e9 de vente d'Am\u00e9rique est con\u00e7ue pour durer, avec une construction robuste et r\u00e9sistante \u00e0 la corrosion** qui n\u00e9cessite un entretien minimal. Notre machine est con\u00e7ue pour \u00eatre ** fiable et tr\u00e8s durable **.<\/p>\r\n    <ul>\r\n        <li>* * Performance de travail stable : ** Aliment\u00e9 par une carte de contr\u00f4le PC avanc\u00e9e et bien programm\u00e9e.<\/li>\r\n        <li>* *Garantie de s\u00e9curit\u00e9\u00a0:** Inclut une protection contre les pannes de courant avec fonction de m\u00e9moire et une protection compl\u00e8te contre les fuites de surcharge pour un service s\u00e9curis\u00e9 et ininterrompu.<\/li>\r\n        <li>* *Multi-lingual Ready\u00a0:** Le langage de l'interface actuel est **Anglais**, assurant une utilisation facile pour les op\u00e9rateurs et les clients sur le march\u00e9 am\u00e9ricain.<\/li>\r\n    <\/ul>\r\n<\/section>\r\n\r\n<section class=\"deployment-guide\">\r\n    <h2>\ud83d\udccd Emplacements de d\u00e9ploiement id\u00e9aux pour la vente de pizzas 24\/7<\/h2>\r\n    <p>Optimisez votre retour sur investissement en ciblant les zones \u00e0 fort trafic o\u00f9 les gens ont besoin d'une nourriture rapide et pratique \u00e0 des heures non conventionnelles\u00a0:<\/p>\r\n    <ul>\r\n        <li>* *Faire des transports :** A\u00e9roports, gares, gares routi\u00e8res (id\u00e9al pour **Vendeur de nourriture 24\/7**).<\/li>\r\n        <li>* * Zones r\u00e9sidentielles et campus\u00a0:** Dortoirs universitaires, grands complexes d'appartements (**Vende sur les pizzas au campus**).<\/li>\r\n        <li>* *Sites commerciaux et industriels\u00a0:** Usines, entrep\u00f4ts, grands bureaux avec des quarts de travail tardifs (** Pizza automatis\u00e9e**).<\/li>\r\n        <li>* * Zones de divertissement\u00a0:** H\u00f4tels, centres de jeux, parcs \u00e0 th\u00e8me (** Solution de vente d'h\u00f4tels**).<\/li>\r\n    <\/ul>\r\n<\/section>\r\n\r\n<section class=\"final-cta\">\r\n    <p><strong>Investissez dans le distributeur automatique de pizzas surgel\u00e9s am\u00e9ricains, la solution de vente au d\u00e9tail automatis\u00e9e durable, fiable et tr\u00e8s rentable.<\/strong><\/p>\r\n<\/section>","protected":false},"excerpt":{"rendered":"<p>\ud83c\udf55 The Future of Food Service: Americal 24\/7 Frozen Pizza Vending Machine Are you ready to meet the soaring demand for instant, high-quality meals? The **Americal Frozen Pizza Vending Machine** is the premium, self-service solution designed to maximize passive revenue while providing customers with delicious, piping-hot pizza around the clock. Engineered for maximum reliability and [&hellip;]<\/p>","protected":false},"featured_media":84,"template":"","meta":{"_swt_meta_header_display":false,"_swt_meta_footer_display":false,"_swt_meta_site_title_display":false,"_swt_meta_sticky_header":false,"_swt_meta_transparent_header":false},"product_brand":[],"product_cat":[70],"product_tag":[],"class_list":{"0":"post-92","1":"product","2":"type-product","3":"status-publish","4":"has-post-thumbnail","6":"product_cat-pizza-vending-machine","8":"first","9":"instock","10":"shipping-taxable","11":"product-type-simple"},"_links":{"self":[{"href":"https:\/\/pizzavendingmachine.net\/fr\/wp-json\/wp\/v2\/product\/92","targetHints":{"allow":["GET"]}}],"collection":[{"href":"https:\/\/pizzavendingmachine.net\/fr\/wp-json\/wp\/v2\/product"}],"about":[{"href":"https:\/\/pizzavendingmachine.net\/fr\/wp-json\/wp\/v2\/types\/product"}],"wp:featuredmedia":[{"embeddable":true,"href":"https:\/\/pizzavendingmachine.net\/fr\/wp-json\/wp\/v2\/media\/84"}],"wp:attachment":[{"href":"https:\/\/pizzavendingmachine.net\/fr\/wp-json\/wp\/v2\/media?parent=92"}],"wp:term":[{"taxonomy":"product_brand","embeddable":true,"href":"https:\/\/pizzavendingmachine.net\/fr\/wp-json\/wp\/v2\/product_brand?post=92"},{"taxonomy":"product_cat","embeddable":true,"href":"https:\/\/pizzavendingmachine.net\/fr\/wp-json\/wp\/v2\/product_cat?post=92"},{"taxonomy":"product_tag","embeddable":true,"href":"https:\/\/pizzavendingmachine.net\/fr\/wp-json\/wp\/v2\/product_tag?post=92"}],"curies":[{"name":"wp","href":"https:\/\/api.w.org\/{rel}","templated":true}]}}