{"id":99,"date":"2025-12-11T14:02:57","date_gmt":"2025-12-11T14:02:57","guid":{"rendered":"http:\/\/localhost\/pa-c6-b-let-s-pizza-vending-machine\/"},"modified":"2025-12-11T14:02:57","modified_gmt":"2025-12-11T14:02:57","slug":"pa-c6-b-let-s-pizza-vending-machine","status":"publish","type":"product","link":"https:\/\/pizzavendingmachine.net\/fr\/pizza-vending-machine\/pa-c6-b-let-s-pizza-vending-machine\/","title":{"rendered":"PA-C6-B 24\/7 distributeur automatique de pizza avec infrarouge pour l'\u00e9cole"},"content":{"rendered":"<div>\n<p style=\"margin: 0px;text-align: center\"><strong><span style=\"letter-spacing: 0px;font-size: 24px;font-family: arial, helvetica, sans-serif\"><br \/><\/span><\/strong><\/p>\n<p style=\"margin: 0px;text-align: center\"><strong><span style=\"letter-spacing: 0px;font-size: 24px;font-family: arial, helvetica, sans-serif\"><a name=\"Outdoor Automatic Infrared Heating Vending Pizza Machine\"><\/a>Machine \u00e0 pizza automatique de vente de chauffage infrarouge automatique ext\u00e9rieure<\/span><\/strong><\/p>\n<p style=\"margin: 0px;text-align: center\"><a href=\"#Outdoor Automatic Infrared Heating Vending Pizza Machine\" target=\"_self\" data-lv=\"0\" rel=\"noopener\"><span style=\"letter-spacing: 0px;font-size: 18px;font-family: arial, helvetica, sans-serif\">Machine \u00e0 pizza automatique de vente de chauffage infrarouge automatique ext\u00e9rieure<\/span><\/a><span style=\"letter-spacing: 0px;font-size: 18px;font-family: arial, helvetica, sans-serif\">|<a href=\"#Product Features\" target=\"_self\" data-lv=\"0\" rel=\"noopener\">Caract\u00e9ristiques du produit<\/a>|<a href=\"#Product specification\" target=\"_self\" data-lv=\"0\" rel=\"noopener\">Sp\u00e9cification du produit<\/a>|<a href=\"#Product Advantage\" target=\"_self\" data-lv=\"0\" rel=\"noopener\">Avantage du produit<\/a><\/span><\/p>\n<p style=\"margin: 0px\"><span style=\"font-family:\u5b8b\u4f53;letter-spacing:0;font-size:29px\"><br \/><\/span><\/p>\n<p><\/p>\n<p style=\"text-align: center\">&nbsp;&nbsp;&nbsp;&nbsp;<\/p>\n<p>Les distributeurs automatiques de pizzas 24\/7 permettent aux clients d'appuyer simplement sur un bouton et en quelques minutes, ont des pizzas fra\u00eeches fra\u00eeches, encore fumantes du fabricant de pizzas. Le distributeur automatique de pizzas peut \u00eatre utilis\u00e9 dans les restaurants, les h\u00f4tels, les pubs, les bars, etc. Nous aidons les entreprises de pizza \u00e0 vendre des pizzas en utilisant nos distributeurs automatiques, cela les aidera \u00e0 vendre de la pizza \u00e0 tout moment et n'importe o\u00f9. C'est une excellente fa\u00e7on de promouvoir leurs pizzas.<\/p>\n<p><\/p>\n<p>Cette machine est con\u00e7ue et d\u00e9velopp\u00e9e avec un syst\u00e8me de contr\u00f4le sophistiqu\u00e9, utilisant la technologie la plus r\u00e9cente pour assurer la bonne ex\u00e9cution et la gestion des op\u00e9rations. Tous les composants des machines sont test\u00e9s pour leurs fonctionnalit\u00e9s avant la livraison et la production est test\u00e9e sur le terrain.<\/p>\n<p><\/p>\n<p>Les distributeurs automatiques de pizza propos\u00e9s par nous sont fabriqu\u00e9s avec des plastiques de haute qualit\u00e9 et des mat\u00e9riaux en acier inoxydable, assurant ainsi une longue dur\u00e9e de vie et une longue dur\u00e9e de vie. Ces machines sont test\u00e9es par nos experts en contr\u00f4le de la qualit\u00e9 pour s'assurer qu'elles r\u00e9pondent aux normes de qualit\u00e9 et de durabilit\u00e9 rigoureuses de l'industrie.<\/p>\n<p><\/p>\n<p>Notre entreprise s'engage \u00e0 la satisfaction du client et nous leur proposons donc des distributeurs automatiques de pizzas aux prix les plus comp\u00e9titifs de l'industrie. Nous comprenons leur importance et nous sommes certains que nous pouvons r\u00e9pondre \u00e0 vos exigences et les r\u00e9pondre de mani\u00e8re plus opportune. Nos professionnels ont de nombreuses ann\u00e9es d'exp\u00e9rience dans le domaine des distributeurs automatiques de pizzas et ils con\u00e7oivent les machines pour r\u00e9pondre \u00e0 vos besoins sp\u00e9cifiques. Pour en savoir plus sur notre gamme de distributeurs automatiques de pizzas, contactez notre responsable du service client.\u00a0 Ils vous guideront tout au long du processus d'achat et r\u00e9pondront \u00e0 toutes vos questions.<\/p>\n<p><span style=\"font-family:\u5b8b\u4f53;letter-spacing:0;font-size:29px\"><\/span><\/p>\n<div class=\"d-tem01-graphic tem01-graphic mockup\" data-detail=\"wrap\">\n<div class=\"cont-section clearfix d-clearfix\">\n<div class=\"col-md-6 col-sm-6 col-xs-6\"><\/p>\n<p><\/p>\n<p><img decoding=\"async\" src=\"https:\/\/www.pizzavendingmachine.net\/wp-content\/uploads\/16104175807471.jpg\" alt=\"product-PA-C6-B Vending Pizza Machine with infrared in outdoor-Hommy-img\" title=\"\"><br \/>\n &nbsp; &nbsp; &nbsp; &nbsp; &nbsp; &nbsp;<\/p>\n<\/div>\n<div class=\"col-md-6 col-sm-6 col-xs-6\">\n<div class=\"right-p\">\n<div class=\"h2 heading\">\n<h1 style=\"margin: 0px;text-indent: 0px;text-align: justify\"><strong><span style=\"letter-spacing: 0px;font-family: arial, helvetica, sans-serif;font-size: 24px\"><a name=\"Product Features\"><\/a>Caract\u00e9ristiques du produit<\/span><\/strong><\/h1>\n<p style=\"margin-top:0;margin-right:0;margin-bottom:0;margin-left:0;text-indent:0;text-align:justify\"><span style=\"letter-spacing: 0px;font-family: arial, helvetica, sans-serif;font-size: 18px\"><br \/><\/span><\/p>\n<p><span style=\"font-size: 18px;font-family: arial, helvetica, sans-serif\">1.\u00a0\u00c9cran\u00a055\u00a0pouces pour la promotion et l'utilisation de l'\u00e9cran de 15\u00a0pouces .<\/span><\/p>\n<p><span style=\"font-size: 18px;font-family: arial, helvetica, sans-serif\">2.\u00a0 Le syst\u00e8me de paiement peut accepter : pi\u00e8ce de monnaie, facture, \u00e9change de pi\u00e8ces, interface de carte de cr\u00e9dit. .<\/span><\/p>\n<p><span style=\"font-size: 18px;font-family: arial, helvetica, sans-serif\">3.\u00a0 Le cong\u00e9lateur \u00e0 l'int\u00e9rieur peut conserver 48\u00a0pizzas de 10\u00a0po et maintenir la temp\u00e9rature de -8\u00a0\u2103\u00a0\u00e0 10\u00a0\u2103. <\/span><\/p>\n<p><span style=\"font-size: 18px;font-family: arial, helvetica, sans-serif\">4.\u00a0 La machine \u00e0 l'int\u00e9rieur conserve 48 bo\u00eetes de papier. .<\/span><\/p>\n<p><span style=\"font-size: 18px;font-family: arial, helvetica, sans-serif\">5.\u00a0 Carte de contr\u00f4le PC avanc\u00e9e, fonction bien programm\u00e9e et travail stable. .<\/span><\/p>\n<p><span style=\"font-size: 18px;font-family: arial, helvetica, sans-serif\">6.\u00a0 Le cong\u00e9lateur \u00e0 l'int\u00e9rieur a un \u00e9cran publicitaire de plus grande taille et une fonction de pasteurisation. . <\/span><\/p>\n<p style=\"margin-left:0;text-indent:0\"><span style=\"font-size: 18px;font-family: arial, helvetica, sans-serif\">7.\u00a0 La temp\u00e9rature du cong\u00e9lateur peut \u00eatre install\u00e9e sur diff\u00e9rents produits, avec fonction de d\u00e9givrage automatique, pour garantir que la machine soit \u00e0 haute temp\u00e9rature et \u00e0 humidit\u00e9 \u00e9lev\u00e9e en fonctionnement normal.;<\/span><\/p>\n<p style=\"margin-left:0;text-indent:0\"><span style=\"letter-spacing: 0px;font-size: 18px;font-family: arial, helvetica, sans-serif\">8.\u00a0 Temp\u00e9rature de chauffage infrarouge <span style=\"letter-spacing: 0px;font-size: 18px;font-family: \u5b8b\u4f53\">\uff1a<\/span>60-300\u2103 besoin de 45-55 secondes pour cuire une pizza.<\/span><\/p>\n<p style=\"margin-left:0;text-indent:0\"><span style=\"letter-spacing: 0px;font-size: 18px;font-family: arial, helvetica, sans-serif\">9.\u00a0\u00a0 Taille de la maison infrarouge :400x400x300mm et puissance :3000W. . <\/span><\/p>\n<p style=\"margin-left:0;text-indent:0\"><span style=\"font-size: 18px;font-family: arial, helvetica, sans-serif\">10.\u00a0 Il existe une fonction de protection contre les pannes de courant, la machine montre toujours la puissance de l'\u00e9tat, a la fonction de m\u00e9moire, la fonction de protection contre les fuites de surcharge, assure un fonctionnement s\u00fbr de la machine.<\/span><span style=\"font-family: Calibri;font-size: 18px\"> <\/span><\/p>\n<p style=\"margin-top:0;margin-right:0;margin-bottom:0;margin-left:0;text-indent:0;text-align:justify\"><span style=\"letter-spacing: 0px;font-size: 18px;font-family: arial, helvetica, sans-serif\">11.\u00a0 La langue peut se fonder sur diff\u00e9rents pays pour l'ajuster. . <\/span><\/p>\n<p style=\"margin-top:0;margin-right:0;margin-bottom:0;margin-left:0;text-indent:0;text-align:justify\"><span style=\"letter-spacing: 0px;font-size: 18px;font-family: arial, helvetica, sans-serif\">12.\u00a0 48 jeux de pizza sont stock\u00e9s \u00e0 l'int\u00e9rieur de la machine.<\/span><\/p>\n<p style=\"margin-left:0;text-indent:0\"><span style=\"font-size: 18px;font-family: arial, helvetica, sans-serif\">13.\u00a0 Syst\u00e8me de gestion \u00e0 distance de l'ordinateur\u00a0: d\u00e9tails des ventes de requ\u00eate, rappels de p\u00e9nurie, rappel de panne de machine.<\/span><\/p>\n<p style=\"margin-left:0;text-indent:0\"><span style=\"font-family: arial, helvetica, sans-serif;font-size: 18px\">14.\u00a0 Si vous souhaitez mettre la machine \u00e0 l'ext\u00e9rieur du centre commercial, vous pouvez ajouter un toit qui peut emp\u00eacher le vent et <\/span><\/p>\n<p><span style=\"font-family: arial, helvetica, sans-serif;font-size: 18px\">Pluie, ce toit en m\u00e9tal puis en peinture en a\u00e9rosol. .&nbsp;<\/span><span style=\"font-size: 18px;font-family: arial, helvetica, sans-serif\">&nbsp;<\/span><\/p>\n<p><span>&nbsp; &nbsp; &nbsp; &nbsp;<\/span><\/div>\n<\/div>\n<\/div>\n<\/div>\n<\/div>\n<h1><strong><span style=\"letter-spacing: 0px;font-family: arial, helvetica, sans-serif;font-size: 24px\"><a name=\"Product specification\"><\/a>Sp\u00e9cification du produit<\/span><\/strong><\/h1>\n<p><strong><span style=\"letter-spacing: 0px;font-family: arial, helvetica, sans-serif;font-size: 24px\"><br \/><\/span><\/strong><\/p>\n<p><img decoding=\"async\" src=\"https:\/\/www.pizzavendingmachine.net\/wp-content\/uploads\/16104184705197.png\" alt=\"product-Hommy-img\" title=\"\"><\/p>\n<p><\/p>\n<h1><span style=\"font-family: arial, helvetica, sans-serif;font-size: 24px\"><strong><span style=\"font-family: arial, helvetica, sans-serif;letter-spacing: 0px\"><a name=\"Product Advantage\"><\/a>Avantage du produit<\/span><\/strong><\/span><\/h1>\n<p><span style=\"font-family: arial, helvetica, sans-serif;font-size: 24px\"><strong><span style=\"font-family: arial, helvetica, sans-serif;letter-spacing: 0px\"><\/span><\/strong><\/span><\/p>\n<div class=\"d-tem01-graphic tem01-graphic mockup\" data-detail=\"wrap\">\n<div class=\"cont-section clearfix d-clearfix\">\n<div class=\"col-md-6 col-sm-6 col-xs-6\">\n<div class=\"right-p\">\n<div class=\"h2 heading\">\n<p><span style=\"font-family: arial, helvetica, sans-serif;font-size: 18px\">1.\u00a0\u00c9cran\u00a055\u00a0pouces pour la promotion et l'utilisation de l'\u00e9cran de 15\u00a0pouces .<\/span><\/p>\n<p><span style=\"font-family: arial, helvetica, sans-serif;font-size: 18px\"><br \/><\/span><\/p>\n<p><span style=\"font-family: arial, helvetica, sans-serif;font-size: 18px\"><br \/><\/span><\/p>\n<\/div>\n<\/div>\n<div class=\"graphic_pic animated wow bounceIn\" data-wow-delay=\".7s\">\n<p style=\"text-align:center\"><img loading=\"lazy\" decoding=\"async\" src=\"https:\/\/www.pizzavendingmachine.net\/wp-content\/uploads\/16104181619234.jpg\" alt=\"product-Hommy-img\" title=\"\" width=\"350\" height=\"350\" border=\"0\" vspace=\"0\" style=\"width: 350px;height: 350px\"><\/p>\n<\/div>\n<\/div>\n<div class=\"col-md-6 col-sm-6 col-xs-6\">\n<div class=\"right-p\">\n<div class=\"h2 heading\">\n<p style=\"margin-left:0;text-indent:0\"><span style=\"font-family: arial, helvetica, sans-serif;letter-spacing: 0px;font-size: 18px\">2.\u00a0 Temp\u00e9rature de chauffage infrarouge\u00a0: 60\u00a0-\u00a0300\u00a0\u2103 besoin de 45\u00a0-\u00a055\u00a0secondes pour une pizza et une maison infrarouge taille\u00a0: 400\u00a0x\u00a0400\u00a0x\u00a0300\u00a0mm et une puissance\u00a0:\u00a03\u00a0000\u00a0W .&nbsp;<\/span><\/p>\n<\/div>\n<\/div>\n<div class=\"graphic_pic animated wow bounceIn\" data-wow-delay=\".7s\">\n<p style=\"text-align:center\"><img loading=\"lazy\" decoding=\"async\" src=\"https:\/\/www.pizzavendingmachine.net\/wp-content\/uploads\/16104182663582.jpg\" alt=\"product-Hommy-img\" title=\"\" width=\"350\" height=\"500\" border=\"0\" vspace=\"0\" style=\"width: 350px;height: 500px\"><\/p>\n<\/div>\n<\/div>\n<\/div>\n<\/div>\n<p><span style=\"font-family: arial, helvetica, sans-serif;font-size: 24px\"><strong><span style=\"font-family: arial, helvetica, sans-serif;letter-spacing: 0px\"><\/span><\/strong><\/span><\/p>\n<div class=\"d-tem01-graphic tem01-graphic mockup\" data-detail=\"wrap\">\n<div class=\"cont-section clearfix d-clearfix\">\n<div class=\"col-md-6 col-sm-6 col-xs-6\">\n<div class=\"right-p\">\n<div class=\"h2 heading\">\n<p style=\"margin-top:0;margin-right:0;margin-bottom:0;margin-left:0;text-indent:0;text-align:justify\"><span style=\"font-family: arial, helvetica, sans-serif;font-size: 18px\"><span style=\"font-family: arial, helvetica, sans-serif;letter-spacing: 0px\">3. 48 jeux de pizza sont stock\u00e9s \u00e0 l'int\u00e9rieur de la machine, gardez la temp\u00e9rature <\/span><span style=\"font-family: arial, helvetica, sans-serif\">de -8\u00a0\u2103\u00a0\u00e0\u00a010\u00a0\u2103.<\/span><\/span><\/p>\n<p style=\"margin-top:0;margin-right:0;margin-bottom:0;margin-left:0;text-indent:0;text-align:justify\"><span style=\"font-family: arial, helvetica, sans-serif;font-size: 18px\"><span style=\"font-family: arial, helvetica, sans-serif\"><br \/><\/span><\/span><\/p>\n<\/div>\n<\/div>\n<div class=\"graphic_pic animated wow bounceIn\" data-wow-delay=\".7s\">\n<p style=\"text-align:center\"><img loading=\"lazy\" decoding=\"async\" src=\"https:\/\/www.pizzavendingmachine.net\/wp-content\/uploads\/16104183055640.png\" alt=\"product-Hommy-PA-C6-B Vending Pizza Machine with infrared in outdoor-img\" title=\"\" width=\"350\" height=\"500\" border=\"0\" vspace=\"0\" style=\"width: 350px;height: 500px\"><\/p>\n<\/div>\n<\/div>\n<div class=\"col-md-6 col-sm-6 col-xs-6\">\n<div class=\"right-p\">\n<div class=\"h2 heading\">\n<p><span style=\"font-family: arial, helvetica, sans-serif;font-size: 18px\">4. La machine \u00e0 l'int\u00e9rieur conserve 48 bo\u00eetes de papier. .<\/span><\/p>\n<p><\/p>\n<\/div>\n<\/div>\n<div class=\"graphic_pic animated wow bounceIn\" data-wow-delay=\".7s\">\n<p style=\"text-align:center\"><img loading=\"lazy\" decoding=\"async\" src=\"https:\/\/www.pizzavendingmachine.net\/wp-content\/uploads\/16104183403363.png\" alt=\"product-Hommy-img\" title=\"\" width=\"350\" height=\"500\" border=\"0\" vspace=\"0\" style=\"width: 350px;height: 500px\"><\/p>\n<\/div>\n<\/div>\n<\/div>\n<\/div>\n<p><span style=\"font-family: arial, helvetica, sans-serif;font-size: 24px\"><strong><span style=\"font-family: arial, helvetica, sans-serif;letter-spacing: 0px\"><\/span><\/strong><\/span><\/p>\n<div class=\"d-tem01-graphic tem01-graphic mockup\" data-detail=\"wrap\">\n<div class=\"cont-section clearfix d-clearfix\">\n<div class=\"col-md-6 col-sm-6 col-xs-6\">\n<div class=\"right-p\">\n<div class=\"h2 heading\">\n<p><span style=\"font-family: arial, helvetica, sans-serif;font-size: 18px\"><span style=\"font-family: arial, helvetica, sans-serif;letter-spacing: 0px\">5.&nbsp;<\/span><span style=\"font-family: arial, helvetica, sans-serif\">Le syst\u00e8me de paiement peut accepter : pi\u00e8ce de monnaie, facture, \u00e9change de pi\u00e8ces, interface de carte de cr\u00e9dit. .<\/span><\/span><\/p>\n<p><span style=\"font-family: arial, helvetica, sans-serif;font-size: 18px\"><span style=\"font-family: arial, helvetica, sans-serif\"><br \/><\/span><\/span><\/p>\n<\/div>\n<\/div>\n<div class=\"graphic_pic animated wow bounceIn\" data-wow-delay=\".7s\">\n<p style=\"text-align:center\"><img loading=\"lazy\" decoding=\"async\" src=\"https:\/\/www.pizzavendingmachine.net\/wp-content\/uploads\/16104183868145.png\" alt=\"product-PA-C6-B Vending Pizza Machine with infrared in outdoor-Hommy-img-1\" title=\"\" width=\"350\" height=\"500\" border=\"0\" vspace=\"0\" style=\"width: 350px;height: 500px\"><\/p>\n<\/div>\n<\/div>\n<div class=\"col-md-6 col-sm-6 col-xs-6\">\n<div class=\"right-p\">\n<div class=\"h2 heading\">\n<p><span style=\"font-family: arial, helvetica, sans-serif;font-size: 18px\">6.\u00a0 Syst\u00e8me de gestion \u00e0 distance de l'ordinateur\u00a0: d\u00e9tails des ventes de requ\u00eate, rappels de p\u00e9nurie, rappel de panne de machine.<\/span><\/p>\n<\/div>\n<\/div>\n<div class=\"graphic_pic animated wow bounceIn\" data-wow-delay=\".7s\">\n<p style=\"text-align:center\"><img loading=\"lazy\" decoding=\"async\" src=\"https:\/\/www.pizzavendingmachine.net\/wp-content\/uploads\/16104184304129.jpg\" alt=\"product-Hommy-img-1\" title=\"\" width=\"350\" height=\"500\" border=\"0\" vspace=\"0\" style=\"width: 350px;height: 500px\"><\/p>\n<\/div>\n<\/div>\n<\/div>\n<\/div>\n<p><strong><span style=\"letter-spacing: 0px;font-family: arial, helvetica, sans-serif;font-size: 24px\"><\/span><\/strong><\/p>\n<h2 style=\"font-family: sans-serif\">Qui fabrique des distributeurs automatiques de pizzas\u00a0?<\/h2>\n<p style=\"margin-top: 5px;margin-bottom: 5px;font-family: sans-serif;font-size: 16px\">Qu'est-ce qui rendrait les distributeurs automatiques plus convaincants que les autres options pour une collation\u00a0? La v\u00e9rit\u00e9 est : c'est la pizza ! Et donc, depuis de nombreuses ann\u00e9es, c'est exactement ce que vendent les distributeurs automatiques de pizzas : des tranches de pizza.<\/p>\n<p style=\"margin-top: 5px;margin-bottom: 5px;font-family: sans-serif;font-size: 16px\"><\/p>\n<h2 style=\"font-family: sans-serif\">Quel type de four \u00e0 pizza Dominos utilise-t-il ?<\/h2>\n<p style=\"margin-top: 5px;margin-bottom: 5px;font-family: sans-serif;font-size: 16px\">Vous pourriez vous surprendre de savoir qu'il existe plusieurs types de fours \u00e0 pizza que nous utilisons dans nos pizzerias. Je vais vous donner les diff\u00e9rents types et les avantages et inconv\u00e9nients de chacun d'eux. Ensuite, je vais vous dire quel four \u00e0 pizza fonctionne le mieux pour un Dominos. Mais je dois d'abord expliquer le type de four \u00e0 pizza utilis\u00e9 par Dominos. Nous utilisons deux types de fours \u00e0 pizza. Les deux sont fabriqu\u00e9s par la m\u00eame entreprise. L'un est un four \u00e0 pizza au gaz naturel et l'autre est un four \u00e0 pizza au charbon. Mais ce ne sont pas les m\u00eames. Je veux vous dire pourquoi.<\/p>\n<p style=\"margin-top: 5px;margin-bottom: 5px;font-family: sans-serif;font-size: 16px\"><\/p>\n<p style=\"margin-top: 5px;margin-bottom: 5px;font-family: sans-serif;font-size: 16px\"><\/p>\n<h2 style=\"font-family: sans-serif\">Quelle quantit\u00e9 d'\u00e9lectricit\u00e9 un four \u00e0 pizza utilise-t-il ?<\/h2>\n<p style=\"margin-top: 5px;margin-bottom: 5px;font-family: sans-serif;font-size: 16px\">Selon le rapport annuel de l'EPA, l'Am\u00e9ricain moyen, le m\u00e9nage am\u00e9ricain utilise environ 1\u00a0000\u00a0kWh d'\u00e9lectricit\u00e9 par an. Cela \u00e9quivaut \u00e0 pr\u00e8s d'un demi-gallon d'essence. Un four \u00e0 pizza de taille moyenne Amazon, cependant, peut utiliser jusqu'\u00e0 4\u00a0000\u00a0kWh d'\u00e9lectricit\u00e9 par an. Si vous vous demandez de quelle quantit\u00e9 d'\u00e9nergie il s'agit, cette calculatrice vous aidera \u00e0 d\u00e9terminer exactement la quantit\u00e9 de four que vous regardez.<\/p>\n<\/p><\/div>","protected":false},"excerpt":{"rendered":"<p>Outdoor Automatic Infrared Heating Vending Pizza Machine Outdoor Automatic Infrared Heating Vending Pizza Machine|Product Features|Product specification|Product Advantage &nbsp;&nbsp;&nbsp;&nbsp; 24\/7 Pizza Vending Machines enable customers to simply press a button and within a few minutes, have fresh hot pizzas, still steaming from the pizza maker.The pizza vending machine can be used in restaurants, hotels, pubs, bars, [&hellip;]<\/p>","protected":false},"featured_media":89,"template":"","meta":{"_swt_meta_header_display":false,"_swt_meta_footer_display":false,"_swt_meta_site_title_display":false,"_swt_meta_sticky_header":false,"_swt_meta_transparent_header":false},"product_brand":[],"product_cat":[70],"product_tag":[],"class_list":{"0":"post-99","1":"product","2":"type-product","3":"status-publish","4":"has-post-thumbnail","6":"product_cat-pizza-vending-machine","8":"first","9":"instock","10":"shipping-taxable","11":"product-type-simple"},"_links":{"self":[{"href":"https:\/\/pizzavendingmachine.net\/fr\/wp-json\/wp\/v2\/product\/99","targetHints":{"allow":["GET"]}}],"collection":[{"href":"https:\/\/pizzavendingmachine.net\/fr\/wp-json\/wp\/v2\/product"}],"about":[{"href":"https:\/\/pizzavendingmachine.net\/fr\/wp-json\/wp\/v2\/types\/product"}],"wp:featuredmedia":[{"embeddable":true,"href":"https:\/\/pizzavendingmachine.net\/fr\/wp-json\/wp\/v2\/media\/89"}],"wp:attachment":[{"href":"https:\/\/pizzavendingmachine.net\/fr\/wp-json\/wp\/v2\/media?parent=99"}],"wp:term":[{"taxonomy":"product_brand","embeddable":true,"href":"https:\/\/pizzavendingmachine.net\/fr\/wp-json\/wp\/v2\/product_brand?post=99"},{"taxonomy":"product_cat","embeddable":true,"href":"https:\/\/pizzavendingmachine.net\/fr\/wp-json\/wp\/v2\/product_cat?post=99"},{"taxonomy":"product_tag","embeddable":true,"href":"https:\/\/pizzavendingmachine.net\/fr\/wp-json\/wp\/v2\/product_tag?post=99"}],"curies":[{"name":"wp","href":"https:\/\/api.w.org\/{rel}","templated":true}]}}