{"id":109,"date":"2025-12-11T12:53:23","date_gmt":"2025-12-11T12:53:23","guid":{"rendered":"http:\/\/localhost\/pa-c6-c-outdoor-self-pizza-vending-machine-24-hours-a-day\/"},"modified":"2025-12-11T12:53:23","modified_gmt":"2025-12-11T12:53:23","slug":"pa-c6-c-outdoor-self-pizza-vending-machine-24-hours-a-day","status":"publish","type":"product","link":"https:\/\/pizzavendingmachine.net\/it\/pizza-vending-machine\/pa-c6-c-outdoor-self-pizza-vending-machine-24-hours-a-day\/","title":{"rendered":"PA-C6-C Distributore automatico di pizza all'aperto 24 ore al giorno"},"content":{"rendered":"<div>\n<h1 style=\"text-align: center\"><span style=\"font-family: arial, helvetica, sans-serif\"><strong><span style=\"letter-spacing: 0px;font-size: 24px\"><a name=\"Outdoor Automatic Infrared Heating Vending Pizza Machine\"><\/a>Pizzatrice automatica per riscaldamento a infrarossi per esterni<\/span><\/strong><\/span><\/h1>\n<p style=\"text-align: center\"><a href=\"#Outdoor Automatic Infrared Heating Vending Pizza Machine\" target=\"_self\" data-lv=\"0\" rel=\"noopener\"><span style=\"letter-spacing: 0px;font-family: arial, helvetica, sans-serif;font-size: 18px\">Pizzatrice automatica per riscaldamento a infrarossi per esterni<\/span><\/a><span style=\"letter-spacing: 0px;font-family: arial, helvetica, sans-serif;font-size: 18px\">|<a href=\"#Product Features\" target=\"_self\" data-lv=\"0\" rel=\"noopener\">Caratteristiche del prodotto<\/a>|<a href=\"#Product specification\" target=\"_self\" data-lv=\"0\" rel=\"noopener\">Specifiche del prodotto<\/a>|<a href=\"#Product Advantage\" target=\"_self\" data-lv=\"0\" rel=\"noopener\">vantaggio sul prodotto<\/a><\/span><\/p>\n<p style=\"text-align: center\"><span style=\"font-family: arial, helvetica, sans-serif\"><strong><span style=\"letter-spacing: 0px;font-size: 24px\"><br \/><\/span><\/strong><\/span><\/p>\n<p><\/p>\n<p style=\"text-align: center\">&nbsp;&nbsp;&nbsp;&nbsp;<\/p>\n<p>Il distributore automatico di pizza all'aperto \u00e8 molto semplice da utilizzare ed \u00e8 progettato per servirti con la pizza della migliore qualit\u00e0.<\/p>\n<p><\/p>\n<p>Produciamo e forniamo distributori automatici per pizza da esterno che possono essere azionati da chiunque non abbia bisogno di alcuna competenza tecnica. Il distributore automatico di pizza da esterno \u00e8 realizzato nella nostra unit\u00e0 di produzione ben attrezzata ed \u00e8 una soluzione semplice per ordinare e consegnare la pizza all'interno dei tuoi locali.<\/p>\n<p><\/p>\n<p>Il nostro distributore automatico di pizza da esterno \u00e8 progettato con la tecnologia pi\u00f9 recente per garantire che il prodotto sia sicuro e fornisce anche la migliore pizza. Offriamo diversi modelli di distributore automatico di pizza all'aperto sul mercato.<\/p>\n<p><span style=\"font-family:\u5b8b\u4f53;letter-spacing:0;font-size:29px\"><\/span><\/p>\n<div class=\"d-tem01-graphic tem01-graphic mockup\" data-detail=\"wrap\">\n<div class=\"cont-section clearfix d-clearfix\">\n<div class=\"col-md-6 col-sm-6 col-xs-6\"><\/p>\n<div class=\"graphic_pic animated wow bounceIn\" data-wow-delay=\".7s\">\n<p style=\"text-align:center\"><img decoding=\"async\" src=\"https:\/\/www.pizzavendingmachine.net\/wp-content\/uploads\/16104204436504.png\" alt=\"product-Hommy-PA-C6-C Outdoor Pizza vending Machine in 24 hours-img\" title=\"\"><\/p>\n<\/div>\n<\/div>\n<div class=\"col-md-6 col-sm-6 col-xs-6\">\n<div class=\"right-p\">\n<div class=\"h2 heading\">\n<h1 style=\"margin: 0px;text-indent: 0px;text-align: justify\"><strong><span style=\"letter-spacing: 0px;font-family: arial, helvetica, sans-serif;font-size: 24px\"><a name=\"Product Features\"><\/a>Caratteristiche del prodotto<\/span><\/strong><\/h1>\n<p style=\"margin-top:0;margin-right:0;margin-bottom:0;margin-left:0;text-indent:0;text-align:justify\"><span style=\"font-family:\u5b8b\u4f53;letter-spacing:0;font-size:29px\"><br \/><\/span><\/p>\n<p><span style=\"font-family: arial, helvetica, sans-serif;font-size: 18px\">1.\u00a0Schermo da 55\u201d per la promozione e il funzionamento dello schermo da 15\u201d. .<\/span><\/p>\n<p><span style=\"font-family: arial, helvetica, sans-serif;font-size: 18px\">2.\u00a0 Il sistema di pagamento pu\u00f2 accettare: moneta, fattura, scambio di moneta, interfaccia di carta di credito. .<\/span><\/p>\n<p><span style=\"font-family: arial, helvetica, sans-serif;font-size: 18px\">3.\u00a0 Il congelatore all'interno pu\u00f2 mantenere 48 pezzi di pizza da 10 pollici e mantenere la temperatura da -8\u2103\u00a0a 10\u2103. <\/span><\/p>\n<p><span style=\"font-family: arial, helvetica, sans-serif;font-size: 18px\">4.\u00a0 La macchina all'interno mantiene 48 scatole di carta impostate. .<\/span><\/p>\n<p><span style=\"font-family: arial, helvetica, sans-serif;font-size: 18px\">5.\u00a0 Scheda di controllo PC avanzata, funzione ben programmata e funzionamento stabile. .<\/span><\/p>\n<p><span style=\"font-family: arial, helvetica, sans-serif;font-size: 18px\">6.\u00a0 Il congelatore all'interno ha uno schermo pubblicitario di dimensioni maggiori e una funzione di pastorizzazione. . <\/span><\/p>\n<p style=\"margin-left:0;text-indent:0\"><span style=\"font-family: arial, helvetica, sans-serif;font-size: 18px\">7.\u00a0 La temperatura del congelatore pu\u00f2 essere impostata in base a diversi prodotti, con funzione di sbrinamento automatico, per garantire che la macchina in condizioni climatiche ad alta temperatura e elevata umidit\u00e0 durante il normale funzionamento;<\/span><\/p>\n<p style=\"margin-left:0;text-indent:0\"><span style=\"letter-spacing: 0px;font-family: arial, helvetica, sans-serif;font-size: 18px\">8.\u00a0 Temperatura di riscaldamento a infrarossi <span style=\"letter-spacing: 0px;font-size: 21px;font-family: \u5b8b\u4f53\">\uff1a<\/span>60-300\u2103 bisogno di 45-55 secondi per cuocere una pizza.<\/span><\/p>\n<p style=\"margin-left:0;text-indent:0\"><span style=\"letter-spacing: 0px;font-family: arial, helvetica, sans-serif;font-size: 18px\">9.\u00a0\u00a0 Dimensioni della casa a infrarossi: 400x400x300mm e potenza: 3000W. . <\/span><\/p>\n<p style=\"margin-left:0;text-indent:0\"><span style=\"font-family: arial, helvetica, sans-serif;font-size: 18px\">10.\u00a0 Esiste una funzione di protezione da mancanza di alimentazione, la macchina mostra ancora la potenza di stato, ha la funzione di memoria, la funzione di protezione contro le perdite da sovraccarico, garantisce un funzionamento sicuro della macchina. <\/span><\/p>\n<p style=\"margin-top:0;margin-right:0;margin-bottom:0;margin-left:0;text-indent:0;text-align:justify\"><span style=\"letter-spacing: 0px;font-family: arial, helvetica, sans-serif;font-size: 18px\">11.\u00a0 La lingua pu\u00f2 basarsi su un paese diverso per regolarlo. . <\/span><\/p>\n<p style=\"margin-top:0;margin-right:0;margin-bottom:0;margin-left:0;text-indent:0;text-align:justify\"><span style=\"letter-spacing: 0px;font-family: arial, helvetica, sans-serif;font-size: 18px\">12.\u00a0 48 set di pizza sono conservati all'interno della macchina.<\/span><\/p>\n<p style=\"margin-left:0;text-indent:0\"><span style=\"font-family: arial, helvetica, sans-serif;font-size: 18px\">13.\u00a0 Sistema di gestione remota del computer: dettagli sulle vendite di query, promemoria per carenza, promemoria per guasti alla macchina.<\/span><\/p>\n<p style=\"margin-left:0;text-indent:0\"><span style=\"font-family: arial, helvetica, sans-serif;font-size: 18px\"><span style=\"font-family: Calibri;font-size: 21px\">14.\u00a0 Se vuoi mettere la macchina al di fuori del centro commerciale, puoi aggiungere un tetto che pu\u00f2 <\/span>tenere fuori <span style=\"font-family: Calibri;font-size: 21px\">Vento e <\/span><\/span><\/p>\n<p><span style=\"font-size: 18px;font-family: arial, helvetica, sans-serif\">pioggia, questo tetto in metallo e il<\/span><span style=\"font-family: arial, helvetica, sans-serif;font-size: 18px\">n vernice spray. .&nbsp;&nbsp;<\/span><\/p>\n<p><span>&nbsp; &nbsp;<\/span><\/div>\n<\/div>\n<\/div>\n<\/div>\n<\/div>\n<h1><span style=\"font-family: arial, helvetica, sans-serif;font-size: 24px\"><strong><span style=\"font-family: arial, helvetica, sans-serif;letter-spacing: 0px\"><a name=\"Product specification\"><\/a>Specifiche del prodotto<\/span><\/strong><\/span><\/h1>\n<p><img decoding=\"async\" src=\"https:\/\/www.pizzavendingmachine.net\/wp-content\/uploads\/16104204084083.png\" alt=\"product-Hommy-img\" title=\"\"><\/p>\n<p><\/p>\n<p><span style=\"font-size: 24px;font-family: arial, helvetica, sans-serif\"><strong><span style=\"font-size: 24px;letter-spacing: 0px\"><a name=\"Product Advantage\"><\/a>vantaggio sul prodotto<\/span><\/strong><\/span><\/p>\n<p><span style=\"font-size: 24px;font-family: arial, helvetica, sans-serif\"><strong><span style=\"font-size: 24px;letter-spacing: 0px\"><\/span><\/strong><\/span><\/p>\n<div class=\"d-tem01-graphic tem01-graphic mockup\" data-detail=\"wrap\">\n<div class=\"cont-section clearfix d-clearfix\">\n<div class=\"col-md-6 col-sm-6 col-xs-6\">\n<div class=\"right-p\">\n<p><span style=\"font-family: arial, helvetica, sans-serif;font-size: 18px\">1.\u00a0Schermo da 55\u201d per la promozione e il funzionamento dello schermo da 15\u201d. .<\/span><\/p>\n<p><span style=\"font-family: Calibri;font-size: 21px\"><br \/><\/span><\/p>\n<p><span style=\"font-family: Calibri;font-size: 21px\"><br \/><\/span><\/p>\n<\/div>\n<div class=\"graphic_pic animated wow bounceIn\" data-wow-delay=\".7s\">\n<p style=\"text-align:center\"><img loading=\"lazy\" decoding=\"async\" src=\"https:\/\/www.pizzavendingmachine.net\/wp-content\/uploads\/16104196119247.jpg\" alt=\"product-Hommy-img\" title=\"\" width=\"350\" height=\"500\" border=\"0\" vspace=\"0\" style=\"width: 350px;height: 500px\"><\/p>\n<\/div>\n<\/div>\n<div class=\"col-md-6 col-sm-6 col-xs-6\">\n<div class=\"right-p\">\n<div class=\"h2 heading\">\n<p style=\"margin-left:0;text-indent:0\"><span style=\"font-size: 18px;font-family: arial, helvetica, sans-serif\"><span style=\"font-size: 18px;letter-spacing: 0px\">2.\u00a0 Temperatura di riscaldamento a infrarossi <span style=\"font-size: 18px\">\uff1a<\/span><span style=\"font-size: 18px\">60-300\u2103 bisogno di 45-55 secondi per cuocere una pizza<\/span><\/span><span style=\"font-size: 18px;letter-spacing: 0px\">&nbsp;e <\/span><span style=\"font-size: 18px;letter-spacing: 0px\">Dimensioni della casa a infrarossi: 400x400x300mm e potenza: 3000W. .&nbsp;<\/span><\/span><\/p>\n<\/div>\n<\/div>\n<div class=\"graphic_pic animated wow bounceIn\" data-wow-delay=\".7s\" style=\"text-align: center\"><img loading=\"lazy\" decoding=\"async\" src=\"https:\/\/www.pizzavendingmachine.net\/wp-content\/uploads\/16104196417509.jpg\" alt=\"product-Hommy-img\" title=\"\" width=\"350\" height=\"500\" border=\"0\" vspace=\"0\" style=\"width: 350px;height: 500px\"><br \/>\n &nbsp; &nbsp; &nbsp; &nbsp; &nbsp; &nbsp;<\/div>\n<\/div>\n<\/div>\n<\/div>\n<p><span style=\"font-size: 24px;font-family: arial, helvetica, sans-serif\"><strong><span style=\"font-size: 24px;letter-spacing: 0px\"><\/span><\/strong><\/span><\/p>\n<div class=\"d-tem01-graphic tem01-graphic mockup\" data-detail=\"wrap\">\n<div class=\"cont-section clearfix d-clearfix\">\n<div class=\"col-md-6 col-sm-6 col-xs-6\">\n<div class=\"right-p\">\n<div class=\"h2 heading\">\n<p style=\"margin-top:0;margin-right:0;margin-bottom:0;margin-left:0;text-indent:0;text-align:justify\"><span style=\"font-family: arial, helvetica, sans-serif;font-size: 18px\"><span style=\"font-family: arial, helvetica, sans-serif;letter-spacing: 0px\">3.\u00a0 48 set di pizza sono conservati all'interno della macchina, mantenete la temperatura <\/span><span style=\"font-family: arial, helvetica, sans-serif\">da -8\u2103\u00a0a\u00a010\u2103.<\/span><\/span><\/p>\n<\/div>\n<\/div>\n<div class=\"graphic_pic animated wow bounceIn\" data-wow-delay=\".7s\">\n<p style=\"text-align:center\"><img loading=\"lazy\" decoding=\"async\" src=\"https:\/\/www.pizzavendingmachine.net\/wp-content\/uploads\/16104196714693.png\" alt=\"product-PA-C6-C Outdoor Pizza vending Machine in 24 hours-Hommy-img\" title=\"\" width=\"350\" height=\"500\" border=\"0\" vspace=\"0\" style=\"width: 350px;height: 500px\"><\/p>\n<\/div>\n<\/div>\n<div class=\"col-md-6 col-sm-6 col-xs-6\">\n<div class=\"right-p\">\n<div class=\"h2 heading\">\n<p><span style=\"font-family: arial, helvetica, sans-serif;font-size: 18px\">4. La macchina all'interno mantiene 48 scatole di carta impostate. .<\/span><\/p>\n<p><span style=\"font-family:Calibri;font-size:21px\"><br \/><\/span><\/p>\n<\/div>\n<\/div>\n<div class=\"graphic_pic animated wow bounceIn\" data-wow-delay=\".7s\">\n<p style=\"text-align:center\"><img loading=\"lazy\" decoding=\"async\" src=\"https:\/\/www.pizzavendingmachine.net\/wp-content\/uploads\/16104198243763.png\" alt=\"product-Hommy-img\" title=\"\" width=\"350\" height=\"500\" border=\"0\" vspace=\"0\" style=\"width: 350px;height: 500px\"><\/p>\n<\/div>\n<\/div>\n<\/div>\n<\/div>\n<p><span style=\"font-size: 24px;font-family: arial, helvetica, sans-serif\"><strong><span style=\"font-size: 24px;letter-spacing: 0px\"><\/span><\/strong><\/span><\/p>\n<div class=\"d-tem01-graphic tem01-graphic mockup\" data-detail=\"wrap\">\n<div class=\"cont-section clearfix d-clearfix\">\n<div class=\"col-md-6 col-sm-6 col-xs-6\">\n<div class=\"right-p\">\n<div class=\"h2 heading\">\n<p><span style=\"font-family: arial, helvetica, sans-serif;font-size: 18px\"><span style=\"font-family: arial, helvetica, sans-serif;letter-spacing: 0px\">5.<\/span><span style=\"font-family: arial, helvetica, sans-serif\">Il sistema di pagamento pu\u00f2 accettare: moneta, fattura, scambio di moneta, interfaccia di carta di credito. .<\/span><\/span><\/p>\n<p><span style=\"font-family:Calibri;font-size:21px\"><br \/><\/span><\/p>\n<\/div>\n<\/div>\n<div class=\"graphic_pic animated wow bounceIn\" data-wow-delay=\".7s\">\n<p style=\"text-align:center\"><img loading=\"lazy\" decoding=\"async\" src=\"https:\/\/www.pizzavendingmachine.net\/wp-content\/uploads\/16104201591239.png\" alt=\"product-Hommy-PA-C6-C Outdoor Pizza vending Machine in 24 hours-img-1\" title=\"\" width=\"350\" height=\"500\" border=\"0\" vspace=\"0\" style=\"width: 350px;height: 500px\"><\/p>\n<\/div>\n<\/div>\n<div class=\"col-md-6 col-sm-6 col-xs-6\">\n<div class=\"right-p\">\n<div class=\"h2 heading\">\n<p><span style=\"font-family: arial, helvetica, sans-serif;font-size: 18px\">6.\u00a0 Sistema di gestione remota del computer: dettagli sulle vendite di query, promemoria per carenza, promemoria per guasti alla macchina.<\/span><\/p>\n<\/div>\n<\/div>\n<div class=\"graphic_pic animated wow bounceIn\" data-wow-delay=\".7s\">\n<p style=\"text-align:center\"><img loading=\"lazy\" decoding=\"async\" src=\"https:\/\/www.pizzavendingmachine.net\/wp-content\/uploads\/16104201952697.jpg\" alt=\"product-Hommy-img-1\" title=\"\" width=\"350\" height=\"500\" border=\"0\" vspace=\"0\" style=\"width: 350px;height: 500px\"><\/p>\n<\/div>\n<\/div>\n<\/div>\n<\/div>\n<p><span style=\"font-family:\u5b8b\u4f53;letter-spacing:0;font-size:29px\"><\/span><\/p>\n<h2>Come si fa la pizzaforno?<\/h2>\n<p style=\"margin-top: 5px;margin-bottom: 5px\"><\/p>\n<p style=\"margin-top: 5px;margin-bottom: 5px\">Pizzaforno \u00e8 fatto con solo i migliori ingredienti, un bel forno a legna e tanto amore.<\/p>\n<p style=\"margin-top: 5px;margin-bottom: 5px\"><\/p>\n<p style=\"margin-top: 5px;margin-bottom: 5px\">Produciamo tutto da zero, usando i migliori ingredienti su cui possiamo mettere le mani. Adoriamo l'approvvigionamento di prodotti coltivati localmente, quindi produciamo le nostre pizze con farina biologica, non OGM, uova biologiche, ruspanti e latticini biologici. Aggiungiamo le nostre erbe fresche e produciamo tutto da zero.<\/p>\n<p style=\"margin-top: 5px;margin-bottom: 5px\"><\/p>\n<h2>Quanto costa una pizzeria robotica?<\/h2>\n<p style=\"margin-top: 5px;margin-bottom: 5px\"><\/p>\n<p style=\"margin-top: 5px;margin-bottom: 5px\">Se sei un acquirente per la prima volta, puoi leggere il nostro articolo su quanto costa un robot pizzaiolo qui. Se vuoi acquistare uno dei nostri pizzaioli consigliati, puoi leggere il nostro articolo su quanto costa qui.<\/p>\n<p style=\"margin-top: 5px;margin-bottom: 5px\"><\/p>\n<h2>800 gradi sono una catena?<\/h2>\n<p style=\"margin-top: 5px;margin-bottom: 5px\"><\/p>\n<p style=\"margin-top: 5px;margin-bottom: 5px\">un:<\/p>\n<p style=\"margin-top: 5px;margin-bottom: 5px\"><\/p>\n<p style=\"margin-top: 5px;margin-bottom: 5px\">La lunghezza della catena \u00e8 la lunghezza della catena effettiva, non il numero di maglie.\u00a0 Le maglie sono le attuali maglie tra le corone, solitamente in alluminio o acciaio.<\/p>\n<p style=\"margin-top: 5px;margin-bottom: 5px\">La catena pu\u00f2 allungarsi solo fino a un certo punto e quando lo fa si danneggia.\u00a0 Pertanto, la catena deve essere sostituita quando la catena si estende oltre la lunghezza prevista.<\/p>\n<\/p><\/div>","protected":false},"excerpt":{"rendered":"<p>Outdoor Automatic Infrared Heating Vending Pizza Machine Outdoor Automatic Infrared Heating Vending Pizza Machine|Product Features|Product specification|Product Advantage &nbsp;&nbsp;&nbsp;&nbsp; Outdoor Self Pizza Vending Machine is very simple to operate and is designed to serve you with the best quality pizza. We manufacture and supply Outdoor Self Pizza Vending Machine that can be operated by anyone with [&hellip;]<\/p>","protected":false},"featured_media":101,"template":"","meta":{"_swt_meta_header_display":false,"_swt_meta_footer_display":false,"_swt_meta_site_title_display":false,"_swt_meta_sticky_header":false,"_swt_meta_transparent_header":false},"product_brand":[],"product_cat":[70],"product_tag":[],"class_list":{"0":"post-109","1":"product","2":"type-product","3":"status-publish","4":"has-post-thumbnail","6":"product_cat-pizza-vending-machine","8":"first","9":"instock","10":"shipping-taxable","11":"product-type-simple"},"_links":{"self":[{"href":"https:\/\/pizzavendingmachine.net\/it\/wp-json\/wp\/v2\/product\/109","targetHints":{"allow":["GET"]}}],"collection":[{"href":"https:\/\/pizzavendingmachine.net\/it\/wp-json\/wp\/v2\/product"}],"about":[{"href":"https:\/\/pizzavendingmachine.net\/it\/wp-json\/wp\/v2\/types\/product"}],"wp:featuredmedia":[{"embeddable":true,"href":"https:\/\/pizzavendingmachine.net\/it\/wp-json\/wp\/v2\/media\/101"}],"wp:attachment":[{"href":"https:\/\/pizzavendingmachine.net\/it\/wp-json\/wp\/v2\/media?parent=109"}],"wp:term":[{"taxonomy":"product_brand","embeddable":true,"href":"https:\/\/pizzavendingmachine.net\/it\/wp-json\/wp\/v2\/product_brand?post=109"},{"taxonomy":"product_cat","embeddable":true,"href":"https:\/\/pizzavendingmachine.net\/it\/wp-json\/wp\/v2\/product_cat?post=109"},{"taxonomy":"product_tag","embeddable":true,"href":"https:\/\/pizzavendingmachine.net\/it\/wp-json\/wp\/v2\/product_tag?post=109"}],"curies":[{"name":"wp","href":"https:\/\/api.w.org\/{rel}","templated":true}]}}