{"id":110,"date":"2025-12-11T11:29:00","date_gmt":"2025-12-11T11:29:00","guid":{"rendered":"http:\/\/localhost\/pa-b1-12-pizza-box"},"modified":"2025-12-11T11:29:00","modified_gmt":"2025-12-11T11:29:00","slug":"pa-b1-12-pizza-box","status":"publish","type":"product","link":"https:\/\/pizzavendingmachine.net\/it\/pizza-vending-machine\/pa-b1-12-pizza-box\/","title":{"rendered":"Distributore automatico Hommy Compatibile: sostituzione di precisione della scatola della pizza da 12 pollici (PA-B1-12\u2033) \u2013 Partita OEM garantita"},"content":{"rendered":"<figure class=\"wp-block-embed is-type-video is-provider-youtube wp-block-embed-youtube wp-embed-aspect-16-9 wp-has-aspect-ratio\"><div class=\"wp-block-embed__wrapper\">\r\n<iframe loading=\"lazy\" title=\"Scatola speciale per pizza\" width=\"500\" height=\"281\" src=\"https:\/\/www.youtube.com\/embed\/YfzSRA_bgnw?feature=oembed\" frameborder=\"0\" allow=\"accelerometer; autoplay; clipboard-write; encrypted-media; gyroscope; picture-in-picture; web-share\" referrerpolicy=\"strict-origin-when-cross-origin\" allowfullscreen><\/iframe>\r\n<\/div><\/figure>\r\n\r\n\r\n\r\n<div class=\"product-feature-section box-feature\">\r\n    \r\n    <style>\r\n        .product-feature-section {\r\n            font-family: 'Helvetica Neue', Helvetica, Arial, sans-serif;\r\n            background-color: #fffaf5; \/* Off-white\/cream for cardboard feel *\/\r\n            padding: 40px 30px;\r\n            border-radius: 15px;\r\n            box-shadow: 0 8px 25px rgba(0, 0, 0, 0.1); \r\n            margin-bottom: 40px;\r\n            border: 2px solid #f0ad4e; \/* Accent border color *\/\r\n        }\r\n        .product-feature-section h2 {\r\n            color: #5b4b45; \/* Dark brown, professional tone *\/\r\n            text-align: center;\r\n            font-size: 2.4em;\r\n            margin-bottom: 15px;\r\n            border-bottom: 3px solid #f0ad4e;\r\n            padding-bottom: 15px;\r\n        }\r\n        .product-feature-section h3 {\r\n            color: #d9534f; \/* Pizza red *\/\r\n            font-size: 1.6em;\r\n            margin-top: 30px;\r\n            margin-bottom: 15px;\r\n            border-left: 5px solid #d9534f;\r\n            padding-left: 10px;\r\n        }\r\n        .product-feature-section p {\r\n            line-height: 1.7;\r\n            color: #555;\r\n            margin-bottom: 20px;\r\n        }\r\n        .product-feature-section strong {\r\n            color: #333;\r\n            font-weight: 700;\r\n        }\r\n        .box-specs-list {\r\n            list-style: none;\r\n            padding-left: 0;\r\n            margin-top: 20px;\r\n        }\r\n        .box-specs-list li {\r\n            background-color: #ffffff;\r\n            padding: 15px;\r\n            margin-bottom: 10px;\r\n            border-radius: 8px;\r\n            box-shadow: 0 1px 4px rgba(0, 0, 0, 0.05);\r\n            border-left: 4px solid #f0ad4e;\r\n            color: #333;\r\n        }\r\n        .cta-button {\r\n            display: block;\r\n            width: 80%;\r\n            max-width: 300px;\r\n            margin: 40px auto 0;\r\n            padding: 15px 25px;\r\n            text-align: center;\r\n            background-color: #d9534f; \r\n            color: #ffffff !important;\r\n            text-decoration: none;\r\n            font-weight: bold;\r\n            font-size: 1.1em;\r\n            border-radius: 50px;\r\n            transition: background-color 0.3s ease;\r\n        }\r\n        .cta-button:hover {\r\n            background-color: #c9302c; \r\n        }\r\n    <\/style>\r\n    \r\n    \r\n    <h2>\ud83d\udce6 **scatola per pizza dedicata da Hommy:** confezione a prova di umidit\u00e0 progettata per il vending!<\/h2>\r\n\r\n    <p>Lo sapevi che le scatole di cartone standard si sbriciolano sotto la pressione di un congelatore distributore automatico? Come componente fondamentale del successo del funzionamento di distributore automatico di pizza **HOMMY, la nostra specializzazione **distributore automatico di pizza** non \u00e8 solo un imballaggio, \u00e8 una barriera critica che protegge il tuo prodotto dal congelamento e dall'erogazione.<\/p>\r\n    \r\n    <p>In quanto produttori, fornitori ed esportatori esperti, comprendiamo la natura esigente dell'industria alimentare. Questa scatola per pizza \u00e8 realizzata con materiali di base di alta qualit\u00e0, che garantiscono un design accattivante e una maggiore integrit\u00e0 strutturale.<\/p>\r\n\r\n    <h3>\ud83d\udca7 La soluzione definitiva per il congelatore: design della scatola per pizza a prova di umidit\u00e0<\/h3>\r\n    \r\n    <p>La sfida pi\u00f9 grande \u00e8 l'ambiente di stoccaggio: poich\u00e9 la **scatola per pizza** deve rimanere nel **congelatore** per lunghi periodi, l'umidit\u00e0 e l'umidit\u00e0 sono il nemico. Se una scatola standard assorbe l'acqua, si deforma, si ammorbidisce e pu\u00f2 bloccare il meccanismo di vendita, rovinando l'esperienza del cliente.<\/p>\r\n    \r\n    <p>Pertanto, impostiamo l'uso di **carta a prova di umidit\u00e0** che supera rigorose prove di umidit\u00e0. Questo speciale design **Pizza Box a prova di umidit\u00e0** garantisce che la scatola mantenga la sua forma e la sua struttura salda a basse temperature, garantendo una perfetta integrazione con il flusso di lavoro del distributore automatico Hommy.<\/p>\r\n\r\n    <h3>\ud83d\udcd0Precision Fit: le tue specifiche dedicate alla pizza da 12 pollici<\/h3>\r\n\r\n    <ul class=\"box-specs-list\">\r\n        <li>\u2728 **Taglie core:** Offriamo la scatola per pizza da 12 pollici** in due opzioni di dimensioni precise: 32x32x3 cm e 32x32x3,5 cm. Questa flessibilit\u00e0 consente di mettere a punto la quantit\u00e0 caricata all'interno della tua pizza.<\/li>\r\n        <li>\u2728 **SET COMPLETO:** La scatola \u00e8 un accessorio personalizzato che forma **un set di lavoro** con la teglia in alluminio, garantendo **perfetta compatibilit\u00e0** e dispensazione regolare all'interno del sistema hommy.<\/li>\r\n        <li>\u2728 **Stoccaggio multiuso: ** Oltre la pizza, queste scatole durevoli sono ampiamente richieste nell'industria alimentare per la conservazione di panini e altri prodotti alimentari surgelati.<\/li>\r\n    <\/ul>\r\n\r\n    <p style=\"text-align: center; font-style: italic; margin-top: 30px;\">Scegli l'autentico **Shop Pizza Box** per assicurarti che ogni vendita sia fluida, lasciando ai clienti un'impressione professionale e di alta qualit\u00e0.<\/p>\r\n\r\n    <a href=\"#popmake-2657\" class=\"cta-button\">Richiedi ora e richiedi un preventivo personalizzato<\/a>\r\n\r\n<\/div>","protected":false},"excerpt":{"rendered":"<p>\ud83d\udce6 **Hommy Dedicated Pizza Box:** Moisture-Proof Packaging Designed for Vending! Did you know that standard cardboard boxes crumble under the pressure of a vending machine freezer? As a core component of the successful **Hommy Pizza Vending Machine** operation, our specialized **vending machine pizza box** is not just packaging\u2014it&#8217;s a critical barrier protecting your product from [&hellip;]<\/p>","protected":false},"featured_media":1958,"template":"","meta":{"_swt_meta_header_display":false,"_swt_meta_footer_display":false,"_swt_meta_site_title_display":false,"_swt_meta_sticky_header":false,"_swt_meta_transparent_header":false},"product_brand":[],"product_cat":[70],"product_tag":[],"class_list":{"0":"post-110","1":"product","2":"type-product","3":"status-publish","4":"has-post-thumbnail","6":"product_cat-pizza-vending-machine","8":"first","9":"instock","10":"shipping-taxable","11":"product-type-simple"},"_links":{"self":[{"href":"https:\/\/pizzavendingmachine.net\/it\/wp-json\/wp\/v2\/product\/110","targetHints":{"allow":["GET"]}}],"collection":[{"href":"https:\/\/pizzavendingmachine.net\/it\/wp-json\/wp\/v2\/product"}],"about":[{"href":"https:\/\/pizzavendingmachine.net\/it\/wp-json\/wp\/v2\/types\/product"}],"wp:featuredmedia":[{"embeddable":true,"href":"https:\/\/pizzavendingmachine.net\/it\/wp-json\/wp\/v2\/media\/1958"}],"wp:attachment":[{"href":"https:\/\/pizzavendingmachine.net\/it\/wp-json\/wp\/v2\/media?parent=110"}],"wp:term":[{"taxonomy":"product_brand","embeddable":true,"href":"https:\/\/pizzavendingmachine.net\/it\/wp-json\/wp\/v2\/product_brand?post=110"},{"taxonomy":"product_cat","embeddable":true,"href":"https:\/\/pizzavendingmachine.net\/it\/wp-json\/wp\/v2\/product_cat?post=110"},{"taxonomy":"product_tag","embeddable":true,"href":"https:\/\/pizzavendingmachine.net\/it\/wp-json\/wp\/v2\/product_tag?post=110"}],"curies":[{"name":"wp","href":"https:\/\/api.w.org\/{rel}","templated":true}]}}