{"id":160,"date":"2025-12-11T14:00:59","date_gmt":"2025-12-11T14:00:59","guid":{"rendered":"http:\/\/localhost\/pa-c6-a-with-roof\/"},"modified":"2025-12-11T14:00:59","modified_gmt":"2025-12-11T14:00:59","slug":"pa-c6-a-with-roof","status":"publish","type":"product","link":"https:\/\/pizzavendingmachine.net\/it\/pizza-vending-machine\/pa-c6-a-with-roof\/","title":{"rendered":"PA-C6-A Distributore automatico di pizza automatico commerciale per l'universit\u00e0"},"content":{"rendered":"<div class=\"hommy-speed-machine-section\">\r\n    \r\n    <style>\r\n        .hommy-speed-machine-section {\r\n            font-family: 'Roboto', sans-serif;\r\n            background-color: #f0f7ff; \/* Cool, high-tech background *\/\r\n            padding: 50px 30px;\r\n            border-radius: 20px;\r\n            box-shadow: 0 10px 30px rgba(45, 100, 150, 0.2); \/* Blue shadow for tech feel *\/\r\n            margin-bottom: 50px;\r\n            border-top: 5px solid #00b0ff; \/* Bright blue accent *\/\r\n        }\r\n        .hommy-speed-machine-section h2 {\r\n            color: #004d99; \/* Deep blue *\/\r\n            text-align: center;\r\n            font-size: 2.6em;\r\n            margin-bottom: 25px;\r\n            text-transform: uppercase;\r\n        }\r\n        .hommy-speed-machine-section h3 {\r\n            color: #d9534f; \/* Accent Red *\/\r\n            font-size: 1.8em;\r\n            margin-top: 35px;\r\n            margin-bottom: 15px;\r\n            border-bottom: 2px dashed #00b0ff;\r\n            padding-bottom: 5px;\r\n        }\r\n        .hommy-speed-machine-section p {\r\n            line-height: 1.7;\r\n            color: #4a4a4a;\r\n            margin-bottom: 15px;\r\n        }\r\n        .hommy-speed-machine-section strong {\r\n            color: #d9534f; \/* Highlight keywords in red *\/\r\n            font-weight: 700;\r\n        }\r\n        .spec-highlight {\r\n            display: flex;\r\n            justify-content: space-around;\r\n            gap: 20px;\r\n            margin: 30px 0;\r\n        }\r\n        .spec-box {\r\n            background-color: #ffffff;\r\n            padding: 25px;\r\n            border-radius: 12px;\r\n            flex: 1;\r\n            text-align: center;\r\n            box-shadow: 0 4px 15px rgba(0, 0, 0, 0.1);\r\n        }\r\n        .spec-box h4 {\r\n            font-size: 2.5em;\r\n            color: #00b0ff;\r\n            margin: 0;\r\n            line-height: 1.1;\r\n        }\r\n        .spec-box p {\r\n            margin-top: 5px;\r\n            font-weight: bold;\r\n            color: #333;\r\n        }\r\n        .feature-list-check {\r\n            list-style: none;\r\n            padding-left: 0;\r\n        }\r\n        .feature-list-check li {\r\n            padding: 8px 0;\r\n            border-bottom: 1px dotted #e0e0e0;\r\n        }\r\n        .feature-list-check li::before {\r\n            content: \"\u2705\";\r\n            margin-right: 10px;\r\n            font-weight: bold;\r\n            color: #00b0ff;\r\n        }\r\n        .cta-button-speed {\r\n            display: block;\r\n            width: 90%;\r\n            max-width: 350px;\r\n            margin: 40px auto 0;\r\n            padding: 18px 30px;\r\n            text-align: center;\r\n            background-color: #00b0ff;\r\n            color: #ffffff !important;\r\n            text-decoration: none;\r\n            font-weight: bold;\r\n            font-size: 1.2em;\r\n            border-radius: 50px;\r\n            transition: background-color 0.3s ease;\r\n        }\r\n        .cta-button-speed:hover {\r\n            background-color: #0099e6;\r\n        }\r\n    <\/style>\r\n    \r\n    \r\n    <h2>\ud83d\ude80 Il **distributore automatico di pizza **pi\u00f9 veloce** sulla terra: pronto in meno di un minuto!<\/h2>\r\n\r\n    <p>Dimentica le code lente e i lunghi tempi di attesa. La nostra **Distributore automatico di pizza a infrarossi per riscaldamento automatico** \u00e8 progettata per fornire una pizza calda e calda da 10 pollici perfettamente cotta in un sorprendente **45-55 secondi* *. Costruita da un team esperto incentrato sull'affidabilit\u00e0 e sulle caratteristiche di alta sicurezza, questa macchina \u00e8 il tuo vantaggio competitivo nel settore dei servizi di ristorazione automatizzati.<\/p>\r\n\r\n    <div class=\"spec-highlight\">\r\n        <div class=\"spec-box\">\r\n            <h4>45 secondi<\/h4>\r\n            <p>Tempo di cottura (il pi\u00f9 veloce sul mercato!)<\/p>\r\n        <\/div>\r\n        <div class=\"spec-box\">\r\n            <h4>55 pollici<\/h4>\r\n            <p>Schermo di promozione dinamica dedicato<\/p>\r\n        <\/div>\r\n    <\/div>\r\n    \r\n    <h3>\u26a1 Cottura e prestazioni ad alta velocit\u00e0<\/h3>\r\n    \r\n    <p>Al centro di questa macchina c'\u00e8 il potente **Infrared Pizza Baker**. Il sistema $3000\\Text{W}$ funziona tra $60^\\circ\\text{C}$ e $300^\\circ\\text{c}$, garantendo velocit\u00e0 impareggiabile e qualit\u00e0 coerente. Questa **macchina per pizza ad alta velocit\u00e0** garantisce ogni volta una transazione veloce, essenziale per luoghi affollati e trafficati.<\/p>\r\n\r\n    <ul class=\"feature-list-check\">\r\n        <li>* *Enorme display:** presenta un enorme schermo da 55 pollici per la promozione** e uno schermo da 15 pollici per un funzionamento senza interruzioni.<\/li>\r\n        <li>* *Capacit\u00e0 intelligente: ** Negozi **48 pezzi di pizza da 10 pollici** e 48 scatole di carta per set, pronte per un'implementazione rapida.<\/li>\r\n        <li>* *Versatilit\u00e0 di pagamento: ** Completamente attrezzato per accettare monete, fattura, cambio moneta e **interfaccia integrata della carta di credito**.<\/li>\r\n    <\/ul>\r\n\r\n    <h3>\ud83e\uddca Sicurezza, controllo e affidabilit\u00e0<\/h3>\r\n\r\n    <p>Il nostro impegno per la qualit\u00e0 significa offrire un prodotto altamente durevole, affidabile e sicuro. Ogni macchina \u00e8 dotata di una scheda di controllo PC avanzata** per un funzionamento stabile ed \u00e8 costruita per resistere all'uso rigoroso.<\/p>\r\n    \r\n    <ul class=\"feature-list-check\">\r\n        <li>* *Controllo della temperatura:** Il congelatore mantiene una temperatura stabile ($ -8^\\circ\\text{C}$ a $10^\\Circ\\Text{C}$) e include **sbrinamento automatico** per climi difficili.<\/li>\r\n        <li>* *Gestione remota:** Utilizza il **Sistema di gestione remota del computer** per controllare le vendite, ricevere **promemoria di riduzione** e ricevere avvisi istantanei per guasti alla macchina.<\/li>\r\n        <li>* *Protezione di alimentazione:** Incorporata **Protezione da guasto di alimentazione** (con funzione di memoria) e protezione dalle perdite di sovraccarico Assicurarsi che la macchina funzioni in sicurezza 24 ore su 24, 7 giorni su 7.<\/li>\r\n        <li>* *Igiene Plus:** Il congelatore include una **funzione di pastorizzazione** e uno schermo pubblicitario pi\u00f9 grande, aggiungendo valore e appeal.<\/li>\r\n    <\/ul>\r\n\r\n    <p style=\"text-align: center; font-style: italic; margin-top: 40px; font-size: 1.1em;\">Smetti di aspettare per 5 minuti. Inizia a vendere le pizze in **meno di un minuto**! Il futuro di **Vending di pizza automatizzato** \u00e8 qui.<\/p>\r\n\r\n    <a href=\"#popmake-2657\" class=\"cta-button-speed\">Richiedi oggi stesso questo modello ultraveloce<\/a>\r\n\r\n<\/div>","protected":false},"excerpt":{"rendered":"<p>\ud83d\ude80 The **Fastest Pizza Vending Machine** on Earth: Ready in Under a Minute! Forget slow queues and long wait times. Our **Automatic Infrared Heating Vending Pizza Machine** is designed to deliver a perfectly baked, hot 10-inch pizza in an astonishing **45 to 55 seconds**. Built by a skilled team focused on reliability and high safety [&hellip;]<\/p>","protected":false},"featured_media":1961,"template":"","meta":{"_swt_meta_header_display":false,"_swt_meta_footer_display":false,"_swt_meta_site_title_display":false,"_swt_meta_sticky_header":false,"_swt_meta_transparent_header":false},"product_brand":[],"product_cat":[70],"product_tag":[],"class_list":{"0":"post-160","1":"product","2":"type-product","3":"status-publish","4":"has-post-thumbnail","6":"product_cat-pizza-vending-machine","8":"first","9":"instock","10":"shipping-taxable","11":"product-type-simple"},"_links":{"self":[{"href":"https:\/\/pizzavendingmachine.net\/it\/wp-json\/wp\/v2\/product\/160","targetHints":{"allow":["GET"]}}],"collection":[{"href":"https:\/\/pizzavendingmachine.net\/it\/wp-json\/wp\/v2\/product"}],"about":[{"href":"https:\/\/pizzavendingmachine.net\/it\/wp-json\/wp\/v2\/types\/product"}],"wp:featuredmedia":[{"embeddable":true,"href":"https:\/\/pizzavendingmachine.net\/it\/wp-json\/wp\/v2\/media\/1961"}],"wp:attachment":[{"href":"https:\/\/pizzavendingmachine.net\/it\/wp-json\/wp\/v2\/media?parent=160"}],"wp:term":[{"taxonomy":"product_brand","embeddable":true,"href":"https:\/\/pizzavendingmachine.net\/it\/wp-json\/wp\/v2\/product_brand?post=160"},{"taxonomy":"product_cat","embeddable":true,"href":"https:\/\/pizzavendingmachine.net\/it\/wp-json\/wp\/v2\/product_cat?post=160"},{"taxonomy":"product_tag","embeddable":true,"href":"https:\/\/pizzavendingmachine.net\/it\/wp-json\/wp\/v2\/product_tag?post=160"}],"curies":[{"name":"wp","href":"https:\/\/api.w.org\/{rel}","templated":true}]}}