{"id":173,"date":"2025-12-11T12:52:24","date_gmt":"2025-12-11T12:52:24","guid":{"rendered":"http:\/\/localhost\/pa-c6-b-lets-smart-atm-pizza-vending-machine-for-sale\/"},"modified":"2025-12-11T12:52:24","modified_gmt":"2025-12-11T12:52:24","slug":"pa-c6-b-lets-smart-atm-pizza-vending-machine-for-sale","status":"publish","type":"product","link":"https:\/\/pizzavendingmachine.net\/it\/pizza-vending-machine\/pa-c6-b-lets-smart-atm-pizza-vending-machine-for-sale\/","title":{"rendered":"Venditore di distributori automatici di pizza PA-C6-B Let's Smart ATM in vendita"},"content":{"rendered":"<div>\n<p style=\"text-align: center;\"><strong><span style=\"font-family: Calibri; font-size: 29px;\">Distributore automatico di pizza intelligente<\/span><\/strong><\/p>\n<p style=\"text-align: center;\"><span style=\"font-family: Calibri; font-size: 29px;\">https:\/\/www.youtube.com\/watch?v=9XD10B1ux2Y <\/span><\/p>\n<p>Il distributore automatico di pizza \u00e8 un prodotto che \u00e8 noto per la sua capacit\u00e0 di soddisfare la folla affamata. \u00c8 uno dei prodotti pi\u00f9 preferiti tra le persone che sono sempre in movimento. \u00c8 uno dei prodotti pi\u00f9 venduti sul mercato. Offriamo una vasta gamma di distributori automatici in vendita. Questi prodotti sono disponibili a prezzi pi\u00f9 economici. I clienti possono anche usufruire di soluzioni personalizzate di questo distributore automatico presso il nostro reparto distributori automatici.<\/p>\n<p><strong><span style=\"font-family: \u5b8b\u4f53; font-size: 29px;\">prodotto\u00a0<\/span><span style=\"font-family: \u5b8b\u4f53; font-size: 29px;\">Specifiche:<\/span><\/strong><\/p>\n<p><strong><span style=\"font-family: \u5b8b\u4f53; font-size: 29px;\"><img loading=\"lazy\" decoding=\"async\" style=\"height: 961px; width: 800px;\" title=\"\" src=\"https:\/\/www.pizzavendingmachine.net\/wp-content\/uploads\/16428200333753-3.jpg\" alt=\"product-Hommy-PA-C6-B Let\u2019s pizza vending machine-img\" width=\"800\" height=\"961\" border=\"0\" vspace=\"0\"><\/span><\/strong><\/p>\n<p><img decoding=\"async\" src=\"https:\/\/www.pizzavendingmachine.net\/wp-content\/uploads\/16428201553858-3.jpg\" alt=\"product-PA-C6-B Let\u2019s pizza vending machine-Hommy-img\" title=\"\"><\/p>\n<p><img loading=\"lazy\" decoding=\"async\" style=\"height: 890px; width: 800px;\" title=\"\" src=\"https:\/\/www.pizzavendingmachine.net\/wp-content\/uploads\/16428200313238-3.jpg\" alt=\"product-Hommy-img\" width=\"800\" height=\"890\" border=\"0\" vspace=\"0\"><\/p>\n<p><img decoding=\"async\" src=\"https:\/\/www.pizzavendingmachine.net\/wp-content\/uploads\/16428201485643-3.jpg\" alt=\"product-Hommy-img\" title=\"\"><\/p>\n<p><strong><span style=\"font-family: \u5b8b\u4f53; font-size: 29px;\">\u00a0<\/span><\/strong><\/p>\n<p><img decoding=\"async\" src=\"https:\/\/www.pizzavendingmachine.net\/wp-content\/uploads\/16427506421706.jpg\" alt=\"product-Hommy-img\" title=\"\"><\/p>\n<p style=\"margin-bottom: 0; text-align: justify;\"><strong><span style=\"font-family: \u5b8b\u4f53; font-size: 29px;\">Caratteristiche del prodotto:<\/span><\/strong><\/p>\n<p><span style=\"font-family: Calibri; font-size: 21px;\">1.\u00a0<\/span><span style=\"font-family: Calibri; font-size: 21px;\">Schermo da 32\u201d per promozione e funzionamento dello schermo da 10,5\u201d. .<\/span><\/p>\n<p><span style=\"font-family: Calibri; font-size: 21px;\">2.\u00a0<\/span><span style=\"font-family: Calibri; font-size: 21px;\">Il sistema di pagamento pu\u00f2 accettare: moneta, fattura, scambio di moneta, interfaccia di carta di credito. .<\/span><\/p>\n<p><span style=\"font-family: Calibri; font-size: 21px;\">3.\u00a0<\/span><span style=\"font-family: Calibri; font-size: 21px;\">Il congelatore di distributore automatico all'interno pu\u00f2 mantenere la pizza da 12 pollici 88 pezzi e mantenere la temperatura da 10<\/span><span style=\"font-family: Calibri; font-size: 21px;\">\u2103<\/span><span style=\"font-family: Calibri; font-size: 21px;\">\u00a0a -18<\/span><span style=\"font-family: Calibri; font-size: 21px;\">\u2103<\/span><span style=\"font-family: Calibri; font-size: 21px;\">. <\/span><\/p>\n<p><span style=\"font-family: Calibri; font-size: 21px;\">4.\u00a0<\/span><span style=\"font-family: Calibri; font-size: 21px;\">La macchina all'interno mantiene 88 scatole di carta impostate. .<\/span><\/p>\n<p><span style=\"font-family: Calibri; font-size: 21px;\">5.\u00a0<\/span><span style=\"font-family: Calibri; font-size: 21px;\">Scheda di controllo PC avanzata, funzione ben programmata e funzionamento stabile. .<\/span><\/p>\n<p><span style=\"font-family: Calibri; font-size: 21px;\">6.\u00a0<\/span><span style=\"font-family: Calibri; font-size: 21px;\">Conserviamo automaticamente i dati di prodotto nel magazzino tramite la scansione del codice QR. Per ogni prodotto, impostiamo un codice QR. Puoi conoscere chiaramente il tempo di produzione e la data di scadenza del prodotto, in modo da poter tracciare il punto in cui si trova il prodotto. Quando il prodotto \u00e8 due giorni prima della data di scadenza, il nostro sistema ti aiuter\u00e0 automaticamente a vendere fino alla vendita. Quando il prodotto ha superato la durata di conservazione, il sistema interrompe automaticamente la vendita del prodotto per garantire qualit\u00e0 e sicurezza. <\/span><\/p>\n<p><span style=\"font-family: Calibri; font-size: 21px;\">7.\u00a0<\/span><span style=\"font-family: Calibri; font-size: 21px;\">La temperatura del congelatore pu\u00f2 essere impostata in base a diversi prodotti, con funzione di sbrinamento automatico, per garantire che la macchina in condizioni climatiche ad alta temperatura e elevata umidit\u00e0 durante il normale funzionamento;<\/span><\/p>\n<p><span style=\"font-family: Calibri; font-size: 21px;\">8.\u00a0<\/span><span style=\"font-family: Calibri; font-size: 21px;\">Temperatura di riscaldamento a infrarossi <span style=\"font-family: \u5b8b\u4f53;\">\uff1a<\/span><span style=\"font-family: Calibri;\">60-300\u2103 bisogno di 3-5 minuti per cuocere una pizza.<\/span><\/span><\/p>\n<p><span style=\"font-family: Calibri; font-size: 21px;\">9.\u00a0<\/span><span style=\"font-family: Calibri; font-size: 21px;\">\u00a0Dimensioni della casa a infrarossi: 400x400x300mm e potenza: 3000W. . <\/span><\/p>\n<p><span style=\"font-family: Calibri; font-size: 21px;\">10.\u00a0<\/span><span style=\"font-family: Calibri; font-size: 21px;\">Esiste una funzione di protezione da mancanza di alimentazione, la macchina mostra ancora la potenza di stato, ha la funzione di memoria, la funzione di protezione contro le perdite da sovraccarico, garantisce un funzionamento sicuro della macchina. <\/span><\/p>\n<p style=\"margin-bottom: 0; text-align: justify;\"><span style=\"font-family: Calibri; font-size: 21px;\">11.\u00a0<\/span><span style=\"font-family: Calibri; font-size: 21px;\">La lingua pu\u00f2 basarsi su un paese diverso per regolarlo. . <\/span><\/p>\n<p><span style=\"font-family: Calibri; font-size: 21px;\">12.\u00a0<\/span><span style=\"font-family: Calibri; font-size: 21px;\">Aggiunta funzione di risparmio energetico automatico. La macchina aggiunge due periodi di tempo per pranzo e cena. La macchina preriscalda automaticamente alla temperatura impostata tra 80 gradi e 100 gradi. Quando il cliente paga, la macchina si riscalda automaticamente, in modo che il tempo di cottura si riduca, la velocit\u00e0 di vendita sia accelerata e non sia necessario preriscaldarsi tutto il giorno. tagliare i costi.<\/span><\/p>\n<p><span style=\"font-family: Calibri; font-size: 21px;\">13.\u00a0<\/span><span style=\"font-family: Calibri; font-size: 21px;\">Sistema di gestione remota del computer: dettagli di vendita di query, promemoria per carenza, promemoria per guasti alla macchina, che pu\u00f2 far risparmiare pi\u00f9 costi di manodopera, distributore automatico di pizza per hommy aggiungere pi\u00f9 funzione umanizzata.<\/span><\/p>\n<p><span style=\"font-family: Calibri; font-size: 21px;\">14.\u00a0<\/span><span style=\"font-family: Calibri; font-size: 21px;\">L'infrarossi all'interno hanno una temperatura su e gi\u00f9 per regolarla in base alla pizza di diverso sapore per la temperatura e il tempo di cottura. .<\/span><\/p>\n<p><span style=\"font-family: Calibri; font-size: 21px;\">15.\u00a0<\/span><span style=\"font-family: Calibri; font-size: 21px;\">La macchina tiene traccia della temperatura del vano congelatore per 24 ore. Quando la temperatura non raggiunge lo standard impostato, ti ricorder\u00e0 automaticamente di assicurarti che la pizza non si deteriori e soddisfi gli standard di sicurezza e igiene del prodotto.<\/span><\/p>\n<p><span style=\"font-family: Calibri; font-size: 21px;\">\u00a0<\/span><\/p>\n<p style=\"margin-bottom: 0; text-align: justify;\"><span style=\"font-family: \u5b8b\u4f53; font-size: 29px;\">\u00a0<\/span><\/p>\n<p><strong><span style=\"font-family: \u5b8b\u4f53; font-size: 29px;\">Vantaggio del prodotto:<\/span><\/strong><\/p>\n<p><span style=\"font-family: Calibri; font-size: 21px;\">1.\u00a0<\/span><span style=\"font-family: Calibri; font-size: 21px;\">Temperatura di riscaldamento a infrarossi <span style=\"font-family: \u5b8b\u4f53;\">\uff1a<\/span><span style=\"font-family: Calibri;\">60-300\u2103 bisogno di 3-5 minuti per cuocere una pizza\u00a0<\/span><\/span><span style=\"font-family: \u5b8b\u4f53; font-size: 21px;\">e <\/span><span style=\"font-family: Calibri; font-size: 21px;\">Dimensioni della casa a infrarossi: 400x400x300mm e potenza: 3000W. . <\/span><\/p>\n<p><img loading=\"lazy\" decoding=\"async\" style=\"width: 350px; height: 1440px;\" title=\"\" src=\"https:\/\/www.pizzavendingmachine.net\/wp-content\/uploads\/16427510456997.jpg\" alt=\"product-Hommy-img\" width=\"350\" height=\"1440\" border=\"0\" vspace=\"0\"><\/p>\n<p style=\"margin-bottom: 0; text-align: justify;\"><span style=\"font-family: Calibri; font-size: 21px;\">2.\u00a0<\/span><span style=\"font-family: Calibri; font-size: 21px;\">Se usi una padella di alluminio per cucinare, puoi riscaldare il fondo della pizza in modo pi\u00f9 uniforme e la pizza che esce \u00e8 pi\u00f9 deliziosa.<\/span><\/p>\n<p style=\"margin-bottom: 0; text-align: justify;\"><img decoding=\"async\" src=\"https:\/\/www.pizzavendingmachine.net\/wp-content\/uploads\/16427510211279.jpg\" alt=\"product-Hommy-PA-C6-B Let\u2019s pizza vending machine-img-1\" title=\"\"><\/p>\n<p><span style=\"font-family: Calibri; font-size: 21px;\">4.<\/span><span style=\"font-family: Calibri; font-size: 16px;\">\u00a0<\/span><span style=\"font-family: Calibri; font-size: 21px;\">Conserviamo automaticamente i dati di prodotto nel magazzino tramite la scansione del codice QR. Per ogni prodotto, impostiamo un codice QR. Puoi conoscere chiaramente il tempo di produzione e la data di scadenza del prodotto, in modo da poter tracciare il punto in cui si trova il prodotto. Quando il prodotto \u00e8 due giorni prima della data di scadenza, il nostro sistema ti aiuter\u00e0 automaticamente a vendere fino alla vendita. Quando il prodotto ha superato la durata di conservazione, il sistema interrompe automaticamente la vendita del prodotto per garantire qualit\u00e0 e sicurezza.<\/span><\/p>\n<p style=\"vertical-align: baseline;\"><img decoding=\"async\" src=\"https:\/\/www.pizzavendingmachine.net\/wp-content\/uploads\/16427509926031.png\" alt=\"product-PA-C6-B Let\u2019s pizza vending machine-Hommy-img-1\" title=\"\"><\/p>\n<p><span style=\"font-family: \u5b8b\u4f53; font-size: 20px;\">5.<\/span><span style=\"font-family: Calibri; font-size: 21px;\">Il sistema di pagamento pu\u00f2 accettare: moneta, fattura, scambio di moneta, interfaccia di carta di credito. .<\/span><\/p>\n<p style=\"vertical-align: baseline;\"><img loading=\"lazy\" decoding=\"async\" style=\"width: 350px; height: 546px;\" title=\"\" src=\"https:\/\/www.pizzavendingmachine.net\/wp-content\/uploads\/16427509495529.png\" alt=\"product-Hommy-img-1\" width=\"350\" height=\"546\" border=\"0\" vspace=\"0\"><\/p>\n<p><span style=\"font-family: Calibri; font-size: 21px;\">6.\u00a0<\/span><span style=\"font-family: Calibri; font-size: 21px;\">Sistema di gestione remota del computer: dettagli sulle vendite di query, promemoria per carenza, promemoria per guasti alla macchina.<\/span><\/p>\n<p style=\"vertical-align: baseline;\"><img decoding=\"async\" src=\"https:\/\/www.pizzavendingmachine.net\/wp-content\/uploads\/16427508714471.jpg\" alt=\"product-Hommy-img-1\" title=\"\"><\/p>\n<p style=\"vertical-align: baseline;\"><span style=\"font-family: Calibri; font-size: 20px;\">7.\u00a0<\/span><span style=\"font-family: Calibri; font-size: 20px;\">Forno all'interno del riscaldatore che \u00e8 un controllo separato per la temporizzazione e la temperatura. che pu\u00f2 basarsi su diversi\u00a0<\/span><span style=\"font-family: Calibri; font-size: 20px;\">Il sapore regolalo. .<\/span><\/p>\n<p style=\"vertical-align: baseline;\"><img loading=\"lazy\" decoding=\"async\" style=\"width: 350px; height: 254px;\" title=\"\" src=\"https:\/\/www.pizzavendingmachine.net\/wp-content\/uploads\/16427507386562.png\" alt=\"product-Hommy-img-1\" width=\"350\" height=\"254\" border=\"0\" vspace=\"0\"><\/p>\n<p style=\"vertical-align: baseline;\"><span style=\"font-family: \u5b8b\u4f53; font-size: 20px;\">8.<\/span><span style=\"font-family: Calibri; font-size: 20px;\">Distributore automatico di pizza all'interno della scatola della pizza di uso della macchina per progettare e pu\u00f2 conservare in congelatore -18C. Usiamo resistenza al materiale a bassa temperatura. . <\/span><\/p>\n<p style=\"vertical-align: baseline;\"><img loading=\"lazy\" decoding=\"async\" style=\"width: 350px; height: 328px;\" title=\"\" src=\"https:\/\/www.pizzavendingmachine.net\/wp-content\/uploads\/16427507012261.png\" alt=\"product-Hommy-img-1\" width=\"350\" height=\"328\" border=\"0\" vspace=\"0\"><\/p>\n<h2>Chi ha inventato il distributore automatico di pizza?<\/h2>\n<p style=\"margin-top: 5px; margin-bottom: 5px;\">Il distributore automatico di pizza \u00e8 un'invenzione che esiste dai primi anni del 1900. Il primo \u00e8 stato inventato da un uomo di nome Charles F. Miller. Lo chiamava il \u201cdistributore automatico di pizza\u201d ed era un distributore automatico di pizza che veniva utilizzato per vendere la pizza alle persone.<\/p>\n<h2>Perch\u00e9 i forni per pizza sono cos\u00ec costosi?<\/h2>\n<p style=\"margin-top: 5px; margin-bottom: 5px;\">I forni per pizza sono pi\u00f9 costosi di altri forni perch\u00e9 sono progettati per essere pi\u00f9 complessi, pi\u00f9 costosi e pi\u00f9 potenti. Usano una tecnologia avanzata che il forno medio non ha.<\/p>\n<h2>Come funziona un distributore automatico di pizza?<\/h2>\n<p style=\"margin-top: 5px; margin-bottom: 5px;\">I distributori automatici di pizza sono fondamentalmente gli stessi dei distributori automatici in generale. Sono programmati per produrre pizze in base a parametri come la dimensione del prodotto, il periodo dell'anno o la stagione dell'anno e cos\u00ec via. Di solito sono collegati a database per la consegna del prodotto e le informazioni sulla vendita.<\/p>\n<\/div>","protected":false},"excerpt":{"rendered":"<p>Smart pizza vending machine https:\/\/www.youtube.com\/watch?v=9XD10B1ux2Y Pizza vending machine is a product which is well known for its ability to satisfy the hungry crowd. It is one of the most preferred products among the people who are always on the move. It is one of the best-selling products in the market.We are offering a wide range [&hellip;]<\/p>","protected":false},"featured_media":1962,"template":"","meta":{"_swt_meta_header_display":false,"_swt_meta_footer_display":false,"_swt_meta_site_title_display":false,"_swt_meta_sticky_header":false,"_swt_meta_transparent_header":false},"product_brand":[],"product_cat":[70],"product_tag":[],"class_list":{"0":"post-173","1":"product","2":"type-product","3":"status-publish","4":"has-post-thumbnail","6":"product_cat-pizza-vending-machine","8":"first","9":"instock","10":"shipping-taxable","11":"product-type-simple"},"_links":{"self":[{"href":"https:\/\/pizzavendingmachine.net\/it\/wp-json\/wp\/v2\/product\/173","targetHints":{"allow":["GET"]}}],"collection":[{"href":"https:\/\/pizzavendingmachine.net\/it\/wp-json\/wp\/v2\/product"}],"about":[{"href":"https:\/\/pizzavendingmachine.net\/it\/wp-json\/wp\/v2\/types\/product"}],"wp:featuredmedia":[{"embeddable":true,"href":"https:\/\/pizzavendingmachine.net\/it\/wp-json\/wp\/v2\/media\/1962"}],"wp:attachment":[{"href":"https:\/\/pizzavendingmachine.net\/it\/wp-json\/wp\/v2\/media?parent=173"}],"wp:term":[{"taxonomy":"product_brand","embeddable":true,"href":"https:\/\/pizzavendingmachine.net\/it\/wp-json\/wp\/v2\/product_brand?post=173"},{"taxonomy":"product_cat","embeddable":true,"href":"https:\/\/pizzavendingmachine.net\/it\/wp-json\/wp\/v2\/product_cat?post=173"},{"taxonomy":"product_tag","embeddable":true,"href":"https:\/\/pizzavendingmachine.net\/it\/wp-json\/wp\/v2\/product_tag?post=173"}],"curies":[{"name":"wp","href":"https:\/\/api.w.org\/{rel}","templated":true}]}}