{"id":188,"date":"2025-12-11T12:52:53","date_gmt":"2025-12-11T12:52:53","guid":{"rendered":"http:\/\/localhost\/pa-c6-b-with-roof-fully-automatic-pizza-vending-machine-price\/"},"modified":"2025-12-11T12:52:53","modified_gmt":"2025-12-11T12:52:53","slug":"pa-c6-b-with-roof-fully-automatic-pizza-vending-machine-price","status":"publish","type":"product","link":"https:\/\/pizzavendingmachine.net\/it\/pizza-vending-machine\/pa-c6-b-with-roof-fully-automatic-pizza-vending-machine-price\/","title":{"rendered":"PA-C6-B con tetto distributore automatico di pizza tetto"},"content":{"rendered":"<p style=\"text-align: center;\"><strong><span style=\"font-family: Calibri; font-size: 29px;\">Affari di distributori automatici di<\/span><\/strong><\/p>\n<p><iframe loading=\"lazy\" title=\"Macchina per pizza intelligente in Hommy Factroy\" width=\"500\" height=\"281\" src=\"https:\/\/www.youtube.com\/embed\/uVsIe_11_mE?feature=oembed\" frameborder=\"0\" allow=\"accelerometer; autoplay; clipboard-write; encrypted-media; gyroscope; picture-in-picture; web-share\" referrerpolicy=\"strict-origin-when-cross-origin\" allowfullscreen><\/iframe><\/p>\n<p>Questi sono fabbricati utilizzando materie prime controllate di qualit\u00e0 utilizzando la tecnologia premium. Con noi, puoi usufruire del prezzo di distributore automatico di pizza premium. Inoltre, la nostra gamma di macchine offerta \u00e8 disponibile in diverse specifiche, puoi acquistare le migliori e convenienti macchine per la tua attivit\u00e0.<\/p>\n<p><strong><span style=\"font-family: \u5b8b\u4f53; font-size: 29px;\">prodotto <\/span><span style=\"font-family: \u5b8b\u4f53; font-size: 29px;\">Specifiche:<\/span><\/strong><\/p>\n<p><strong><span style=\"font-family: \u5b8b\u4f53; font-size: 29px;\"><img loading=\"lazy\" decoding=\"async\" style=\"height: 961px; width: 800px;\" title=\"\" src=\"https:\/\/www.pizzavendingmachine.net\/wp-content\/uploads\/16428200333753-4.jpg\" alt=\"product-Hommy-PA-C6-B with roof automatic pizza vending machine price-img\" width=\"800\" height=\"961\" border=\"0\" vspace=\"0\"><\/span><\/strong><\/p>\n<p>&nbsp;<\/p>\n<p><img decoding=\"async\" src=\"https:\/\/www.pizzavendingmachine.net\/wp-content\/uploads\/16428201553858-4.jpg\" alt=\"product-Hommy-img\" title=\"\"><\/p>\n<p><img loading=\"lazy\" decoding=\"async\" style=\"width: 800px; height: 890px;\" title=\"\" src=\"https:\/\/www.pizzavendingmachine.net\/wp-content\/uploads\/16428200313238-4.jpg\" alt=\"product-Hommy-img\" width=\"800\" height=\"890\" border=\"0\" vspace=\"0\"><\/p>\n<p><img decoding=\"async\" src=\"https:\/\/www.pizzavendingmachine.net\/wp-content\/uploads\/16428201485643-4.jpg\" alt=\"product-Hommy-img\" title=\"\"><\/p>\n<p>&nbsp;<\/p>\n<p>&nbsp;<\/p>\n<p><img decoding=\"async\" src=\"https:\/\/www.pizzavendingmachine.net\/wp-content\/uploads\/16427514456587.jpg\" alt=\"product-Hommy-img\" title=\"\"><\/p>\n<p style=\"margin-bottom: 0; text-align: justify;\"><strong><span style=\"font-family: \u5b8b\u4f53; font-size: 29px;\">Caratteristiche del prodotto:<\/span><\/strong><\/p>\n<p><span style=\"font-family: Calibri; font-size: 21px;\">1.\u00a0<\/span><span style=\"font-family: Calibri; font-size: 21px;\">Schermo da 32\u201d per promozione e funzionamento dello schermo da 10,5\u201d. .<\/span><\/p>\n<p><span style=\"font-family: Calibri; font-size: 21px;\">2.\u00a0<\/span><span style=\"font-family: Calibri; font-size: 21px;\">Il sistema di pagamento pu\u00f2 accettare: moneta, fattura, scambio di moneta, interfaccia di carta di credito. .<\/span><\/p>\n<p><span style=\"font-family: Calibri; font-size: 21px;\">3.\u00a0<\/span><span style=\"font-family: Calibri; font-size: 21px;\">Il congelatore di distributore automatico all'interno pu\u00f2 mantenere la pizza da 12 pollici 88 pezzi e mantenere la temperatura da 10<\/span><span style=\"font-family: Calibri; font-size: 21px;\">\u2103<\/span><span style=\"font-family: Calibri; font-size: 21px;\">\u00a0a -18<\/span><span style=\"font-family: Calibri; font-size: 21px;\">\u2103<\/span><span style=\"font-family: Calibri; font-size: 21px;\">. <\/span><\/p>\n<p><span style=\"font-family: Calibri; font-size: 21px;\">4.\u00a0<\/span><span style=\"font-family: Calibri; font-size: 21px;\">La macchina all'interno mantiene 88 scatole di carta impostate. .<\/span><\/p>\n<p><span style=\"font-family: Calibri; font-size: 21px;\">5.\u00a0<\/span><span style=\"font-family: Calibri; font-size: 21px;\">Scheda di controllo PC avanzata, funzione ben programmata e funzionamento stabile. .<\/span><\/p>\n<p><span style=\"font-family: Calibri; font-size: 21px;\">6.\u00a0<\/span><span style=\"font-family: Calibri; font-size: 21px;\">Conserviamo automaticamente i dati di prodotto nel magazzino tramite la scansione del codice QR. Per ogni prodotto, impostiamo un codice QR. Puoi conoscere chiaramente il tempo di produzione e la data di scadenza del prodotto, in modo da poter tracciare il punto in cui si trova il prodotto. Quando il prodotto \u00e8 due giorni prima della data di scadenza, il nostro sistema ti aiuter\u00e0 automaticamente a vendere fino alla vendita. Quando il prodotto ha superato la durata di conservazione, il sistema interrompe automaticamente la vendita del prodotto per garantire qualit\u00e0 e sicurezza. <\/span><\/p>\n<p><span style=\"font-family: Calibri; font-size: 21px;\">7.\u00a0<\/span><span style=\"font-family: Calibri; font-size: 21px;\">La temperatura del congelatore pu\u00f2 essere impostata in base a diversi prodotti, con funzione di sbrinamento automatico, per garantire che la macchina in condizioni climatiche ad alta temperatura e elevata umidit\u00e0 durante il normale funzionamento;<\/span><\/p>\n<p><span style=\"font-family: Calibri; font-size: 21px;\">8.\u00a0<\/span><span style=\"font-family: Calibri; font-size: 21px;\">Temperatura di riscaldamento a infrarossi <span style=\"font-family: \u5b8b\u4f53;\">\uff1a<\/span><span style=\"font-family: Calibri;\">60-300\u2103 bisogno di 3-5 minuti per cuocere una pizza.<\/span><\/span><\/p>\n<p><span style=\"font-family: Calibri; font-size: 21px;\">9.\u00a0<\/span><span style=\"font-family: Calibri; font-size: 21px;\">\u00a0Dimensioni della casa a infrarossi: 400x400x300mm e potenza: 3000W. . <\/span><\/p>\n<p><span style=\"font-family: Calibri; font-size: 21px;\">10.\u00a0<\/span><span style=\"font-family: Calibri; font-size: 21px;\">Esiste una funzione di protezione da mancanza di alimentazione, la macchina mostra ancora la potenza di stato, ha la funzione di memoria, la funzione di protezione contro le perdite da sovraccarico, garantisce un funzionamento sicuro della macchina. <\/span><\/p>\n<p style=\"margin-bottom: 0; text-align: justify;\"><span style=\"font-family: Calibri; font-size: 21px;\">11.\u00a0<\/span><span style=\"font-family: Calibri; font-size: 21px;\">La lingua pu\u00f2 basarsi su un paese diverso per regolarlo. . <\/span><\/p>\n<p><span style=\"font-family: Calibri; font-size: 21px;\">12.\u00a0<\/span><span style=\"font-family: Calibri; font-size: 21px;\">Aggiunta funzione di risparmio energetico automatico. La macchina aggiunge due periodi di tempo per pranzo e cena. La macchina preriscalda automaticamente alla temperatura impostata tra 80 gradi e 100 gradi. Quando il cliente paga, la macchina si riscalda automaticamente, in modo che il tempo di cottura si riduca, la velocit\u00e0 di vendita sia accelerata e non sia necessario preriscaldarsi tutto il giorno. tagliare i costi.<\/span><\/p>\n<p><span style=\"font-family: Calibri; font-size: 21px;\">13.\u00a0<\/span><span style=\"font-family: Calibri; font-size: 21px;\">Sistema di gestione remota del computer: dettagli di vendita di query, promemoria per carenza, promemoria per guasti alla macchina, che pu\u00f2 far risparmiare pi\u00f9 costi di manodopera, distributore automatico di pizza per hommy aggiungere pi\u00f9 funzione umanizzata.<\/span><\/p>\n<p><span style=\"font-family: Calibri; font-size: 21px;\">14.\u00a0<\/span><span style=\"font-family: Calibri; font-size: 21px;\">L'infrarossi all'interno hanno una temperatura su e gi\u00f9 per regolarla in base alla pizza di diverso sapore per la temperatura e il tempo di cottura. .<\/span><\/p>\n<p><span style=\"font-family: Calibri; font-size: 21px;\">15.\u00a0<\/span><span style=\"font-family: Calibri; font-size: 21px;\">La macchina tiene traccia della temperatura del vano congelatore per 24 ore. Quando la temperatura non raggiunge lo standard impostato, ti ricorder\u00e0 automaticamente di assicurarti che la pizza non si deteriori e soddisfi gli standard di sicurezza e igiene del prodotto.<\/span><\/p>\n<p><span style=\"font-family: Calibri; font-size: 21px;\">\u00a0<\/span><\/p>\n<p style=\"margin-bottom: 0; text-align: justify;\"><strong><span style=\"font-family: \u5b8b\u4f53; font-size: 29px;\">\u00a0<\/span><\/strong><\/p>\n<p><strong><span style=\"font-family: \u5b8b\u4f53; font-size: 29px;\">Vantaggio del prodotto:<\/span><\/strong><\/p>\n<p><span style=\"font-family: Calibri; font-size: 21px;\">1.\u00a0<\/span><span style=\"font-family: Calibri; font-size: 21px;\">Temperatura di riscaldamento a infrarossi <span style=\"font-family: \u5b8b\u4f53;\">\uff1a<\/span><span style=\"font-family: Calibri;\">60-300\u2103 bisogno di 3-5 minuti per cuocere una pizza<\/span><\/span><span style=\"font-family: \u5b8b\u4f53; font-size: 21px;\">\u00a0e <\/span><span style=\"font-family: Calibri; font-size: 21px;\">Dimensioni della casa a infrarossi: 400x400x300mm e potenza: 3000W. . <\/span><\/p>\n<p><img loading=\"lazy\" decoding=\"async\" style=\"width: 350px; height: 1440px;\" title=\"\" src=\"https:\/\/www.pizzavendingmachine.net\/wp-content\/uploads\/16427515605998.jpg\" alt=\"product-PA-C6-B with roof automatic pizza vending machine price-Hommy-img\" width=\"350\" height=\"1440\" border=\"0\" vspace=\"0\"><\/p>\n<p style=\"margin-bottom: 0; text-align: justify;\"><span style=\"font-family: Calibri; font-size: 21px;\">2.\u00a0<\/span><span style=\"font-family: Calibri; font-size: 21px;\">Se usi una padella di alluminio per cucinare, puoi riscaldare il fondo della pizza in modo pi\u00f9 uniforme e la pizza che esce \u00e8 pi\u00f9 deliziosa.<\/span><\/p>\n<p style=\"margin-bottom: 0; text-align: justify;\"><img decoding=\"async\" src=\"https:\/\/www.pizzavendingmachine.net\/wp-content\/uploads\/16427516009268.jpg\" alt=\"product-Hommy-PA-C6-B with roof automatic pizza vending machine price-img-1\" title=\"\"><\/p>\n<p><span style=\"font-family: Calibri; font-size: 21px;\">4.<\/span><span style=\"font-family: Calibri; font-size: 16px;\">\u00a0<\/span><span style=\"font-family: Calibri; font-size: 21px;\">Conserviamo automaticamente i dati di prodotto nel magazzino tramite la scansione del codice QR. Per ogni prodotto, impostiamo un codice QR. Puoi conoscere chiaramente il tempo di produzione e la data di scadenza del prodotto, in modo da poter tracciare il punto in cui si trova il prodotto. Quando il prodotto \u00e8 due giorni prima della data di scadenza, il nostro sistema ti aiuter\u00e0 automaticamente a vendere fino alla vendita. Quando il prodotto ha superato la durata di conservazione, il sistema interrompe automaticamente la vendita del prodotto per garantire qualit\u00e0 e sicurezza.<\/span><\/p>\n<p style=\"vertical-align: baseline;\"><img decoding=\"async\" src=\"https:\/\/www.pizzavendingmachine.net\/wp-content\/uploads\/16427516171266.png\" alt=\"product-Hommy-img-1\" title=\"\"><\/p>\n<p><span style=\"font-family: \u5b8b\u4f53; font-size: 20px;\">5.<\/span><span style=\"font-family: Calibri; font-size: 21px;\">Il sistema di pagamento pu\u00f2 accettare: moneta, fattura, scambio di moneta, interfaccia di carta di credito. .<\/span><\/p>\n<p style=\"vertical-align: baseline;\"><img loading=\"lazy\" decoding=\"async\" style=\"width: 350px; height: 546px;\" title=\"\" src=\"https:\/\/www.pizzavendingmachine.net\/wp-content\/uploads\/16427516657622.png\" alt=\"product-Hommy-img-1\" width=\"350\" height=\"546\" border=\"0\" vspace=\"0\"><\/p>\n<p><span style=\"font-family: Calibri; font-size: 21px;\">6.\u00a0<\/span><span style=\"font-family: Calibri; font-size: 21px;\">Sistema di gestione remota del computer: dettagli sulle vendite di query, promemoria per carenza, promemoria per guasti alla macchina.<\/span><\/p>\n<p style=\"vertical-align: baseline;\"><img decoding=\"async\" src=\"https:\/\/www.pizzavendingmachine.net\/wp-content\/uploads\/16427517237781.jpg\" alt=\"product-Hommy-img-1\" title=\"\"><\/p>\n<p style=\"vertical-align: baseline;\"><span style=\"font-family: Calibri; font-size: 20px;\">7.\u00a0<\/span><span style=\"font-family: Calibri; font-size: 20px;\">\u00a0Forno all'interno del riscaldatore che \u00e8 un controllo separato per la temporizzazione e la temperatura. che pu\u00f2 basarsi su diversi <\/span><\/p>\n<p style=\"vertical-align: baseline;\"><span style=\"font-family: Calibri; font-size: 20px;\">Il sapore regolalo. . <\/span><\/p>\n<p style=\"vertical-align: baseline;\"><img loading=\"lazy\" decoding=\"async\" style=\"width: 350px; height: 254px;\" title=\"\" src=\"https:\/\/www.pizzavendingmachine.net\/wp-content\/uploads\/16427517719866.png\" alt=\"product-Hommy-img-1\" width=\"350\" height=\"254\" border=\"0\" vspace=\"0\"><\/p>\n<p style=\"vertical-align: baseline;\"><span style=\"font-family: \u5b8b\u4f53; font-size: 20px;\">8.<\/span><span style=\"font-family: Calibri; font-size: 20px;\">Distributore automatico di pizza all'interno della scatola della pizza di uso della macchina per progettare e pu\u00f2 conservare in congelatore -18C. Usiamo resistenza al materiale a bassa temperatura. . <\/span><\/p>\n<p style=\"vertical-align: baseline;\"><img loading=\"lazy\" decoding=\"async\" style=\"width: 350px; height: 328px;\" title=\"\" src=\"https:\/\/www.pizzavendingmachine.net\/wp-content\/uploads\/16427517943140.png\" alt=\"product-PA-C6-B with roof automatic pizza vending machine price-Hommy-img-1\" width=\"350\" height=\"328\" border=\"0\" vspace=\"0\"><\/p>\n<p style=\"vertical-align: baseline;\"><span style=\"font-family: Calibri; font-size: 20px;\">9.\u00a0<\/span><span style=\"font-family: Calibri; font-size: 20px;\">\u00a0Ha due tipi di tetto tra cui scegliere A e B, questo tetto pu\u00f2 bloccare vento, pioggia, neve.<\/span><\/p>\n<p style=\"vertical-align: baseline;\"><img loading=\"lazy\" decoding=\"async\" style=\"width: 650px; height: 353px;\" title=\"\" src=\"https:\/\/www.pizzavendingmachine.net\/wp-content\/uploads\/16427518398896.png\" alt=\"product-Hommy-PA-C6-B with roof automatic pizza vending machine price-img-2\" width=\"650\" height=\"353\" border=\"0\" vspace=\"0\"><\/p>\n<p style=\"vertical-align: baseline;\"><span style=\"font-family: Calibri; font-size: 20px;\">10.\u00a0<\/span><span style=\"font-family: Calibri; font-size: 20px;\">Siamo i benvenuti OEM per il tuo logo <\/span><\/p>\n<p style=\"vertical-align: baseline;\"><img decoding=\"async\" src=\"https:\/\/www.pizzavendingmachine.net\/wp-content\/uploads\/16427519343463.png\" alt=\"product-Hommy-img-2\" title=\"\"><\/p>\n<p><span style=\"font-family: \u5b8b\u4f53; font-size: 29px;\">\u00a0<\/span><\/p>\n<h2>Quante pizze si possono fare in un'ora?<\/h2>\n<p style=\"margin-top: 5px; margin-bottom: 5px;\">\n<p style=\"margin-top: 5px; margin-bottom: 5px;\">Per l'intera settimana e per tutta l'estate, puoi preparare fino a 6 pizze in 30 minuti al prezzo di alcuni minuti di visione della vernice. Stiamo usando una variet\u00e0 di condimenti e abbiamo messo insieme i menu di una settimana.<\/p>\n<p style=\"margin-top: 5px; margin-bottom: 5px;\">\n<p style=\"margin-top: 5px; margin-bottom: 5px;\">\n<h2>Quanta elettricit\u00e0 consuma un forno per pizza?<\/h2>\n<p style=\"margin-top: 5px; margin-bottom: 5px;\">\n<p style=\"margin-top: 5px; margin-bottom: 5px;\">La pizza \u00e8 uno degli alimenti pi\u00f9 popolari d'America, ma quando si tratta di forni per pizza, le persone non sempre sanno cosa stanno cercando. Ecco perch\u00e9 ho fatto questa guida all'acquisto del forno per pizza per i principianti. Iniziamo esaminando la domanda di base su quanta elettricit\u00e0 usa un forno per pizza.<\/p>\n<p style=\"margin-top: 5px; margin-bottom: 5px;\">\n<h2>Che tipo di forno per pizza usa i domino?<\/h2>\n<p style=\"margin-top: 5px; margin-bottom: 5px;\">\n<p style=\"margin-top: 5px; margin-bottom: 5px;\">un:<\/p>\n<p style=\"margin-top: 5px; margin-bottom: 5px;\">\n<p style=\"margin-top: 5px; margin-bottom: 5px;\">Questo forno \u00e8 molto simile a quello in questa immagine.\u00a0 Questo \u00e8 un forno per pizza in piedi realizzato da un'azienda chiamata Leitz &amp; Kluge.<\/p>\n<p style=\"margin-top: 5px; margin-bottom: 5px;\">Questo forno \u00e8 stato utilizzato in passato per fare pizze per pizza rifugio.<\/p>\n<p style=\"margin-top: 5px; margin-bottom: 5px;\">\n<p style=\"margin-top: 5px; margin-bottom: 5px;\">Ho sentito da un dirigente di Pizza Hut che fanno pizze in questo forno da anni.\u00a0 Ho anche sentito che la crosta di pizza in questo forno \u00e8 molto pi\u00f9 sottile della tipica crosta sottile.<\/p>","protected":false},"excerpt":{"rendered":"<p>pizza vending machine business These are fabricated using quality checked raw material using premium technology. With us, you can avail premium Pizza Vending Machine Price. Further, our offered range of machines is available in different specifications, you can buy the best and affordable machines for your business. Product specification\uff1a &nbsp; &nbsp; &nbsp; Product Features: 1.\u00a032\u201d [&hellip;]<\/p>","protected":false},"featured_media":1963,"template":"","meta":{"_swt_meta_header_display":false,"_swt_meta_footer_display":false,"_swt_meta_site_title_display":false,"_swt_meta_sticky_header":false,"_swt_meta_transparent_header":false},"product_brand":[],"product_cat":[70],"product_tag":[],"class_list":{"0":"post-188","1":"product","2":"type-product","3":"status-publish","4":"has-post-thumbnail","6":"product_cat-pizza-vending-machine","8":"first","9":"instock","10":"shipping-taxable","11":"product-type-simple"},"_links":{"self":[{"href":"https:\/\/pizzavendingmachine.net\/it\/wp-json\/wp\/v2\/product\/188","targetHints":{"allow":["GET"]}}],"collection":[{"href":"https:\/\/pizzavendingmachine.net\/it\/wp-json\/wp\/v2\/product"}],"about":[{"href":"https:\/\/pizzavendingmachine.net\/it\/wp-json\/wp\/v2\/types\/product"}],"wp:featuredmedia":[{"embeddable":true,"href":"https:\/\/pizzavendingmachine.net\/it\/wp-json\/wp\/v2\/media\/1963"}],"wp:attachment":[{"href":"https:\/\/pizzavendingmachine.net\/it\/wp-json\/wp\/v2\/media?parent=188"}],"wp:term":[{"taxonomy":"product_brand","embeddable":true,"href":"https:\/\/pizzavendingmachine.net\/it\/wp-json\/wp\/v2\/product_brand?post=188"},{"taxonomy":"product_cat","embeddable":true,"href":"https:\/\/pizzavendingmachine.net\/it\/wp-json\/wp\/v2\/product_cat?post=188"},{"taxonomy":"product_tag","embeddable":true,"href":"https:\/\/pizzavendingmachine.net\/it\/wp-json\/wp\/v2\/product_tag?post=188"}],"curies":[{"name":"wp","href":"https:\/\/api.w.org\/{rel}","templated":true}]}}