{"id":198,"date":"2025-12-11T14:14:26","date_gmt":"2025-12-11T14:14:26","guid":{"rendered":"http:\/\/localhost\/pa-c6-automatic-pizza-vending-machine\/"},"modified":"2025-12-11T14:14:26","modified_gmt":"2025-12-11T14:14:26","slug":"pa-c6-automatic-pizza-vending-machine","status":"publish","type":"product","link":"https:\/\/pizzavendingmachine.net\/it\/pizza-vending-machine\/pa-c6-automatic-pizza-vending-machine\/","title":{"rendered":"Il distributore automatico di pizza touch screen PA-C6 che non si chiude mai e non si ammala mai"},"content":{"rendered":"<div class=\"product-page-wrap\">\n<p>    <!-- SEO Optimized Main Title --><\/p>\n<h1 id=\"main-title\" class=\"main-title\">\n        <strong>Distributore automatico di pizza a riscaldamento a infrarossi: il tuo asset ad alto ROI<\/strong><br \/>\n    <\/h1>\n<p>    <!-- Clean Navigation --><\/p>\n<p class=\"product-nav-links\">\n        <a href=\"#features\">Caratteristiche del prodotto<\/a> |<br \/>\n        <a href=\"#specifications\">Specifiche del prodotto<\/a> |<br \/>\n        <a href=\"#advantage\">Vantaggio di investimento<\/a>\n    <\/p>\n<p>    <!-- Introduction and Core Promise --><\/p>\n<p>Un grande investimento di capitale richiede pi\u00f9 di un passo di vendita. Hai bisogno di un partner e di un'attrezzatura fidati progettati per il lungo raggio. Questo \u00e8 esattamente ci\u00f2 che offre il nostro team di professionisti.<\/p>\n<ul class=\"promise-list\">\n<li>\n            <strong>[ \ud83d\udd12 Promessa di livello industriale]:<\/strong> Costruiamo le nostre macchine per durare. Dalla saldatura del telaio all'integrazione finale del software, il nostro intero processo di produzione aderisce rigorosamente <strong>Tutti gli standard industriali pertinenti<\/strong>. Stai acquistando un sistema che sia professionalmente conforme e costruito per operazioni sostenute a lungo termine.\n        <\/li>\n<li>\n            <strong>[ \ud83e\udd1d Il fattore fiducia]:<\/strong> I nostri prodotti sono riconosciuti a livello globale per il loro <strong>Elevata durata, affidabilit\u00e0 solida, funzionamento semplice e caratteristiche di sicurezza migliori della categoria.<\/strong> Questa reputazione \u00e8 basata sull'autentico feedback dei clienti, non solo sulla copia di marketing. Siamo dietro ogni macchina che costruiamo.\n        <\/li>\n<li>\n            <strong>[ \ud83d\udcb0 Protezione degli investimenti]:<\/strong> Forniamo questa qualit\u00e0 di livello mondiale a <strong>Prezzi leader del settore.<\/strong> La nostra efficienza di produzione ci consente di trasmettere i risparmi, assicurando che il tuo investimento raggiunga il massimo valore possibile e il pi\u00f9 rapido ritorno.\n        <\/li>\n<li>\n            <strong>[ \ud83c\udfa8 Soluzioni personalizzate]:<\/strong> Hai bisogno di una vestibilit\u00e0 unica per uno sbocco specifico? Siamo specializzati nel fornire <strong>Soluzioni personalizzate<\/strong>, offrendo un distributore automatico di pizza modulare touchscreen su misura per le vostre esatte esigenze operative ed estetiche. <strong>Tu definisci lo spazio, noi costruiamo la soluzione.<\/strong>\n        <\/li>\n<\/ul>\n<p>\n        <strong>La linea di fondo:<\/strong> Non stai solo ottenendo un fornitore, stai ottenendo una risorsa completamente automatizzata, affidabile e sicura che funziona perfettamente in qualsiasi luogo, supportata da un team impegnato per l'integrit\u00e0 del settore. <strong>investire con certezza.<\/strong>\n    <\/p>\n<p>    <!-- Image (Keeping the original image structure for now) --><\/p>\n<div class=\"product-image-section\">\n<div class=\"image-wrapper\">\n            <img decoding=\"async\" class=\"main-product-img\" src=\"https:\/\/www.pizzavendingmachine.net\/wp-content\/uploads\/16064612268625.png\" alt=\"Automatic Pizza Vending Machine\" title=\"\">\n        <\/div>\n<\/p><\/div>\n<p>    <!-- ============================================== --><br \/>\n    <!-- Product Features --><br \/>\n    <!-- ============================================== --><\/p>\n<h2 id=\"features\">Caratteristiche del prodotto<\/h2>\n<p>Guarda da vicino i numeri: raccontano la vera storia. Questo \u00e8 un enorme balzo in avanti nel distributore automatico di pizza, incentrato sulle metriche di base che influiscono sul tuo profitto: <strong>Velocit\u00e0, potenziale di marketing e, soprattutto, sicurezza alimentare.<\/strong><\/p>\n<hr>\n<h3>Sezione 1: Velocit\u00e0 e sicurezza senza precedenti<\/h3>\n<p><strong>Il duo di sicurezza veloce: 45 secondi e pastorizzazione.<\/strong><\/p>\n<ul class=\"feature-list\">\n<li>\n            <strong>[ \ud83d\ude80 Il vantaggio di 45 secondi]:<\/strong> Questo \u00e8 il punto di svolta. Il forno a infrarossi da 3000W (60\u00b0C\u2013300\u00b0C) offre una pizza calda e perfetta in una vescica <strong>Da 45 a 55 secondi<\/strong>. Questa velocit\u00e0 non riduce solo le code; <strong>Li elimina praticamente.<\/strong> Massimizza le tue transazioni al minuto: punto.\n        <\/li>\n<li>\n            <strong>[ \ud83d\udd2c Pastorizzazione incorporata]:<\/strong> Questo \u00e8 un vantaggio competitivo e che riduce le responsabilit\u00e0. Il vano congelatore include un <strong>Funzione di pastorizzazione<\/strong>. Questo ulteriore livello di garanzia igienica \u00e8 enorme per la fiducia del pubblico e <strong>Riduce il rischio per la sicurezza alimentare<\/strong> a quasi zero. Vendi con massima sicurezza.\n        <\/li>\n<\/ul>\n<hr>\n<h3>Sezione 2: Marketing ed esperienza del cliente<\/h3>\n<p><strong>Dominare i bulbi oculari: schermi che richiedono attenzione.<\/strong><\/p>\n<ul class=\"feature-list\">\n<li>\n            <strong>[ \ud83d\udcfa Schermo jumbo da 55 pollici]:<\/strong> Smettila di fare affidamento su piccole decalcomanie. il massiccio <strong>Schermo pubblicitario da 55 pollici<\/strong> \u00e8 uno strumento di marketing ad alto impatto che attira l'attenzione ed \u00e8 un punto privilegiato per <strong>Entrate lucrative pubblicitarie di terze parti.<\/strong>\n        <\/li>\n<li>\n            <strong>[ \ud83d\udcbb Schermata di funzionamento da 15 pollici]:<\/strong> un pi\u00f9 grande, croccante <strong>Schermo operativo da 15 pollici<\/strong> Rende il processo di ordinazione pi\u00f9 veloce e fluido. UX intuitivo significa meno confusione e completamento delle vendite pi\u00f9 rapido.\n        <\/li>\n<li>\n            <strong>[ \ud83d\udcb3 Accetta tutto]:<\/strong> Supporto completo per moneta, fattura, <strong>Interfaccia della carta di credito<\/strong> (il nuovo standard) e anche cambiare ritorno. Hai la garanzia di <strong>Cattura ogni possibile vendita<\/strong> indipendentemente dal metodo di pagamento del cliente.\n        <\/li>\n<\/ul>\n<hr>\n<h3>Sezione 3: Operazioni e affidabilit\u00e0<\/h3>\n<p><strong>Gestisci pi\u00f9 intelligente, non pi\u00f9 difficile: la tecnologia che funziona da sola.<\/strong><\/p>\n<ul class=\"feature-list\">\n<li>\n            <strong>[ \u2744\ufe0fCatena e capacit\u00e0 a freddo intelligente]:<\/strong> Il congelatore tiene <strong>48 set da pizza e scatole da 10\u201d<\/strong> e mantiene impeccabilmente a <strong>-8\u2103 a 10\u2103<\/strong> Intervallo di temperatura. Inoltre, <strong>Sbrinamento automatico<\/strong> Garantisce un funzionamento regolare anche in climi rigidi.\n        <\/li>\n<li>\n            <strong>[ \ud83e\udde0 Telecomando e sicurezza]:<\/strong> la <strong>Scheda di controllo PC avanzata<\/strong> e <strong>Sistema di gestione remota<\/strong> Dare il pieno controllo: controlla le vendite, ricevi promemoria immediata per la carenza e ricevi avvisi di errore. <strong>Protezione da interruzione di corrente<\/strong> e <strong>Protezione contro le perdite da sovraccarico<\/strong> Assicurarsi che l'unit\u00e0 rimanga al sicuro e ne ricordi lo stato operativo.\n        <\/li>\n<li>\n            <strong>[ \ud83c\udf10Global Pronto]:<\/strong> Il linguaggio del sistema \u00e8 completamente <strong>Regolabile in base alle esigenze del paese locale.<\/strong>\n        <\/li>\n<\/ul>\n<p>    <!-- ============================================== --><br \/>\n    <!-- Product Specifications --><br \/>\n    <!-- ============================================== --><\/p>\n<h2 id=\"specifications\">Specifiche del prodotto<\/h2>\n<p>    <!-- Image for Spec Table --><\/p>\n<p class=\"image-center\">\n        <img loading=\"lazy\" decoding=\"async\" class=\"spec-table-img\" src=\"https:\/\/www.pizzavendingmachine.net\/wp-content\/uploads\/16064598714551.png\" alt=\"Product Specification Table\" width=\"1000\" height=\"462\" title=\"\">\n    <\/p>\n<p>    <!-- Additional Detail Sections (Simplified Layout) --><\/p>\n<h3>Il vantaggio a doppio schermo: marketing massimo e UX<\/h3>\n<p>Non puoi vendere una pizza se i clienti non vedono la tua macchina. La nostra dinamica <strong>Configurazione a doppio schermo<\/strong> \u00e8 progettato per dominare l'attenzione del cliente e massimizzare il tuo potenziale di profitto.<\/p>\n<ul>\n<li>\n            <strong>[ \ud83d\udcb0 Il creatore di denaro da 55 pollici]:<\/strong> il gigante <strong>Schermo promozionale da 55 \u201d<\/strong> \u00e8 una bestia visiva che attira l'attenzione ed \u00e8 di dimensioni perfette per vendere <strong>Spazio pubblicitario di terze parti redditizio!<\/strong> Trasforma la tua macchina in un <strong>Generatore di reddito passivo istantaneo.<\/strong>\n        <\/li>\n<li>\n            <strong>[ \ud83d\udcbb L'esperienza utente da 15 pollici]:<\/strong> il separato, croccante <strong>Schermo operativo da 15 pollici<\/strong> Rende il processo di acquisto semplice, veloce e intuitivo. Un processo di checkout rapido e regolare significa meno vendite abbandonate e <strong>Tempi di transazione pi\u00f9 veloci<\/strong>\u2014che \u00e8 fondamentale in una giornata impegnativa.\n        <\/li>\n<\/ul>\n<p>\n        <strong>La linea di fondo:<\/strong> Questa configurazione trasforma un semplice punto di transazione in un potente hub di marketing. ottieni il massimo impatto visivo <em>positivo<\/em> Un'esperienza di acquisto semplificata. <strong>\u00c8 il modo pi\u00f9 intelligente per vendere.<\/strong>\n    <\/p>\n<hr>\n<h3>Velocit\u00e0 impareggiabile: cottura di 45 secondi<\/h3>\n<p>Dimentica il vecchio standard di 3 minuti. La nostra macchina \u00e8 armata di un'alta industria <strong>Forno a infrarossi 3000W<\/strong>. Il forno esplode da 60\u00b0C a 300\u00b0C e offre una pizza calda e perfettamente cotta in un <strong>Da 45 a 55 secondi.<\/strong><\/p>\n<p><strong>Cosa significa questo per la tua linea di fondo?<\/strong><\/p>\n<ul>\n<li>\n            <strong>[ \ud83d\ude80 Produzione imbattibile]:<\/strong> Puoi gestire i tempi di pranzo e le folle a tarda notte con la massima velocit\u00e0. cos\u00ec <strong>Aumenta drasticamente le tue transazioni all'ora (TPH)<\/strong>\u2014La metrica pi\u00f9 critica per la redditivit\u00e0 del vending.\n        <\/li>\n<li>\n            <strong>[ \ud83d\udd25 Qualit\u00e0 in velocit\u00e0]:<\/strong> Questo non \u00e8 solo veloce; la messa a fuoco a infrarossi assicura che la pizza sia cotta <strong>uniformemente e perfettamente<\/strong> in quella breve finestra. Niente bordi bruciati, niente macchie fredde.\n        <\/li>\n<\/ul>\n<p><strong>In breve: vendi la pizza pi\u00f9 veloce, pi\u00f9 calda e affidabile sul mercato. Questo \u00e8 un vantaggio competitivo che deposita direttamente pi\u00f9 contanti sul tuo conto.<\/strong><\/p>\n<p>    <!-- (Removed repeated images and simplified storage\/payment sections) --><\/p>\n<p>    <!-- ============================================== --><br \/>\n    <!-- Investment Advantage (SEO Content) --><br \/>\n    <!-- ============================================== --><\/p>\n<h2 id=\"advantage\">Vantaggio di investimento: perch\u00e9 la distribuzione automatizzata batte il forno<\/h2>\n<h3><strong>Smetti di acquistare attrezzature. Inizia ad acquistare l'automazione garantita.<\/strong><\/h3>\n<hr>\n<p><strong>Il forno commerciale contro la nostra soluzione di vendita: la realt\u00e0 dei costi.<\/strong><\/p>\n<p>Hai sentito i numeri: un forno commerciale pu\u00f2 costare fino a <strong>$15,000<\/strong>. Il nostro sistema completamente automatizzato \u00e8 la risposta all'alto costo di una cucina tradizionale e al basso ritorno del semplice distributore automatico.<\/p>\n<ul class=\"advantage-list\">\n<li>\n            <strong>[ \ud83d\udcb0 Costo del capitale vs. costo del lavoro]:<\/strong> Mentre un forno commerciale costa da $5K a $15K (oltre a lavorare in corso, manutenzione e sovraccarico) il nostro sistema completamente automatizzato sostituisce l'intero team della cucina. <strong>Si acquista la macchina una volta, funziona 24 ore su 24, 7 giorni su 7 senza stipendio.<\/strong> \u00c8 l\u00ec che esplode il ROI.\n        <\/li>\n<li>\n            <strong>[ \ud83d\ude80 Velocit\u00e0 e impronta]:<\/strong> TU RICEVERAI <strong>Velocit\u00e0 di 45-55 secondi<\/strong> (pi\u00f9 veloce della maggior parte dei forni convenzionali!) Imballato in un ingombro compatto. Questa macchina pu\u00f2 essere posizionata in punti di traffico elevato dove una cucina completa o anche un forno da tavolo \u00e8 fisicamente impossibile.\n        <\/li>\n<\/ul>\n<hr>\n<h3>La domanda sull'investimento, oltre l'hype<\/h3>\n<ul class=\"advantage-list\">\n<li>\n            <strong>[ \ud83e\udd14 Concentrati sulla risorsa]:<\/strong> Altri marchi vendono spesso a <em>franchigia<\/em> investimento. La nostra macchina \u00e8 un <strong>bene<\/strong>. Il nostro sistema completamente autonomo e gestito a distanza garantisce che il tuo profitto non dipenda dall'assunzione di personale o dalla navigazione delle commissioni di franchising.\n        <\/li>\n<li>\n            <strong>[ \ud83d\udee1\ufe0fRiduci al minimo il rischio]:<\/strong> Costruiamo un high-tech, <strong>mitigazione ad alto rischio<\/strong> Apparecchio alimentare. Caratteristiche come <strong>telegestione<\/strong> e <strong>Monitoraggio della sicurezza alimentare<\/strong> Assicurati che il tuo investimento sia protetto dalle insidie comuni che affliggono altre attivit\u00e0 alimentari.\n        <\/li>\n<\/ul>\n<hr>\n<h3>Conclusione e passi successivi<\/h3>\n<p>Il futuro dei distributori automatici di cibo non riguarda l'adattamento della vecchia tecnologia, ma la costruzione di risorse intelligenti e autonome. La nostra macchina \u00e8 la chiave per sbloccare gli alti margini di una cucina senza l'elevato sovraccarico operativo.<\/p>\n<ul class=\"call-to-action\">\n<li>\n            <strong>[ \ud83d\udcde Chiamaci ora]<\/strong> Discutiamo di un vero confronto ROI tra la nostra macchina e una tradizionale configurazione del forno commerciale.\n        <\/li>\n<li>\n            <strong>[ \ud83c\udf10Visita il nostro sito]<\/strong> Scopri come l'automazione intelligente batte ogni volta l'investimento convenzionale in cucina.\n        <\/li>\n<\/ul>\n<hr>\n<p class=\"seo-keywords\">Investimento di vendita di pizza, costo del forno commerciale, asset ad alto ROI, cucina automatizzata, produttore di distributori automatici, fondamenti sull'investimento, riduzione del costo del lavoro<\/p>\n<\/div>","protected":false},"excerpt":{"rendered":"<p>Automatic Infrared Heating Pizza Vending Machine: Your High-ROI Asset Product Features | Product Specifications | Investment Advantage A major capital investment demands more than a sales pitch. You need a trusted partner and equipment designed for the long haul. That&#8217;s precisely what our professional team delivers. [\ud83d\udd12 Industrial-Grade Promise]: We build our machines to last. [&hellip;]<\/p>","protected":false},"featured_media":189,"template":"","meta":{"_swt_meta_header_display":false,"_swt_meta_footer_display":false,"_swt_meta_site_title_display":false,"_swt_meta_sticky_header":false,"_swt_meta_transparent_header":false},"product_brand":[],"product_cat":[70],"product_tag":[],"class_list":{"0":"post-198","1":"product","2":"type-product","3":"status-publish","4":"has-post-thumbnail","6":"product_cat-pizza-vending-machine","8":"first","9":"instock","10":"shipping-taxable","11":"product-type-simple"},"_links":{"self":[{"href":"https:\/\/pizzavendingmachine.net\/it\/wp-json\/wp\/v2\/product\/198","targetHints":{"allow":["GET"]}}],"collection":[{"href":"https:\/\/pizzavendingmachine.net\/it\/wp-json\/wp\/v2\/product"}],"about":[{"href":"https:\/\/pizzavendingmachine.net\/it\/wp-json\/wp\/v2\/types\/product"}],"wp:featuredmedia":[{"embeddable":true,"href":"https:\/\/pizzavendingmachine.net\/it\/wp-json\/wp\/v2\/media\/189"}],"wp:attachment":[{"href":"https:\/\/pizzavendingmachine.net\/it\/wp-json\/wp\/v2\/media?parent=198"}],"wp:term":[{"taxonomy":"product_brand","embeddable":true,"href":"https:\/\/pizzavendingmachine.net\/it\/wp-json\/wp\/v2\/product_brand?post=198"},{"taxonomy":"product_cat","embeddable":true,"href":"https:\/\/pizzavendingmachine.net\/it\/wp-json\/wp\/v2\/product_cat?post=198"},{"taxonomy":"product_tag","embeddable":true,"href":"https:\/\/pizzavendingmachine.net\/it\/wp-json\/wp\/v2\/product_tag?post=198"}],"curies":[{"name":"wp","href":"https:\/\/api.w.org\/{rel}","templated":true}]}}