{"id":205,"date":"2025-12-11T12:53:50","date_gmt":"2025-12-11T12:53:50","guid":{"rendered":"http:\/\/localhost\/pa-c7a-street-pizza-vending-machine-manufacturers-for-walmart\/"},"modified":"2025-12-11T12:53:50","modified_gmt":"2025-12-11T12:53:50","slug":"pa-c7a-street-pizza-vending-machine-manufacturers-for-walmart","status":"publish","type":"product","link":"https:\/\/pizzavendingmachine.net\/it\/pizza-vending-machine\/pa-c7a-street-pizza-vending-machine-manufacturers-for-walmart\/","title":{"rendered":"Produttori di distributori automatici di pizza da strada PA-C7A per Walmart"},"content":{"rendered":"<div class=\"frozen-vending-machine-section\">\r\n    \r\n    <style>\r\n        .frozen-vending-machine-section {\r\n            font-family: 'Open Sans', sans-serif;\r\n            background-color: #f0f8ff; \/* Light blue\/icy background *\/\r\n            padding: 50px 30px;\r\n            border-radius: 15px;\r\n            box-shadow: 0 8px 25px rgba(0, 50, 150, 0.1); \r\n            margin-bottom: 50px;\r\n            border-left: 6px solid #0077b6; \/* Deep blue accent for cold\/tech *\/\r\n        }\r\n        .frozen-vending-machine-section h2 {\r\n            color: #004d99; \r\n            text-align: center;\r\n            font-size: 2.5em;\r\n            margin-bottom: 25px;\r\n            text-transform: uppercase;\r\n        }\r\n        .frozen-vending-machine-section h3 {\r\n            color: #d9534f; \/* Accent Red *\/\r\n            font-size: 1.6em;\r\n            margin-top: 30px;\r\n            margin-bottom: 15px;\r\n            border-bottom: 2px dashed #0077b6;\r\n            padding-bottom: 5px;\r\n        }\r\n        .frozen-vending-machine-section p {\r\n            line-height: 1.7;\r\n            color: #4a4a4a;\r\n            margin-bottom: 15px;\r\n        }\r\n        .frozen-vending-machine-section strong {\r\n            color: #0077b6;\r\n            font-weight: 700;\r\n        }\r\n        .tech-spec-grid {\r\n            display: grid;\r\n            grid-template-columns: repeat(auto-fit, minmax(280px, 1fr));\r\n            gap: 20px;\r\n            margin-top: 20px;\r\n        }\r\n        .tech-spec-card {\r\n            background-color: #ffffff;\r\n            padding: 20px;\r\n            border-radius: 10px;\r\n            box-shadow: 0 2px 10px rgba(0, 0, 0, 0.05);\r\n        }\r\n        .tech-spec-card h4 {\r\n            font-size: 1.2em;\r\n            color: #333;\r\n            margin-top: 0;\r\n        }\r\n        .cta-button-frozen {\r\n            display: block;\r\n            width: 80%;\r\n            max-width: 350px;\r\n            margin: 40px auto 0;\r\n            padding: 18px 30px;\r\n            text-align: center;\r\n            background-color: #f0ad4e;\r\n            color: #ffffff !important;\r\n            text-decoration: none;\r\n            font-weight: bold;\r\n            font-size: 1.2em;\r\n            border-radius: 8px;\r\n            transition: background-color 0.3s ease;\r\n        }\r\n        .cta-button-frozen:hover {\r\n            background-color: #eb931e;\r\n        }\r\n    <\/style>\r\n    \r\n    \r\n    <h2>\u2744\ufe0f Il **distributore automatico di pizza congelato** con affidabilit\u00e0 brevettata<\/h2>\r\n\r\n    <p>Sei stanco dei distributori automatici di alimenti surgelati che si marmellano costantemente? Siamo un importante leader del settore perch\u00e9 risolviamo il problema della consegna del freddo. Il nostro distributore automatico di pizza **congelato** \u00e8 molto apprezzato per la sua durata, bassa manutenzione e, soprattutto, la sua **affidabilit\u00e0 senza eguali** in condizioni di congelamento.<\/p>\r\n    \r\n    <p>Questa macchina \u00e8 la tua soluzione robusta per dispensare grandi pacchetti di **pizza surgelata commerciale** per i tuoi clienti 24 ore su 24, 7 giorni su 7, ai prezzi del settore pi\u00f9 convenienti.<\/p>\r\n\r\n    <h3>\ud83d\udd12 Consegna garantita: il nostro **sistema di vendita a bassa temperatura brevettato* *<\/h3>\r\n    \r\n    <p>La sfida pi\u00f9 grande nel distributore automatico a bassa temperatura \u00e8 l'erogazione regolare. Ecco perch\u00e9 la nostra macchina presenta una struttura di canale brevettata* *. Questo canale \u00e8 specificamente progettato per gestire l'ambiente di congelamento** (mantenuto tra $-8^\\Circ\\text{C}$ e $10^\\Circ\\Text{C}$), garantendo **consegna fluida e stabile** senza ritardi o inceppamenti.<\/p>\r\n\r\n    <div class=\"tech-spec-grid\">\r\n        <div class=\"tech-spec-card\">\r\n            <h4>\ud83d\udce6 Grande capacit\u00e0 e flessibilit\u00e0<\/h4>\r\n            <p>Il congelatore contiene comodamente **30 pezzi di grande pizza in stile americano** (dimensione scatola $41\\text{x}41\\text{x}4.5\\text{cm}$). Se il tuo prodotto \u00e8 pi\u00f9 piccolo, la macchina accoglie una quantit\u00e0 ancora maggiore, massimizzando il volume di inventario.<\/p>\r\n        <\/div>\r\n        <div class=\"tech-spec-card\">\r\n            <h4>\ud83e\udde0 Gestione intelligente del telecomando<\/h4>\r\n            <p>Alimentato da una scheda di controllo **Avanzate PC**, il sistema include un **Sistema di gestione remota del computer**. Accedi a dati critici come dettagli di vendita, **promemoria di riduzione** e avvisi di guasto istantaneo della macchina da qualsiasi luogo, risparmiando sui costi di manodopera.<\/p>\r\n        <\/div>\r\n    <\/div>\r\n\r\n    <h3>\ud83d\udee1\ufe0fSicurezza, igiene ed esperienza del cliente<\/h3>\r\n\r\n    <ul class=\"feature-list-check\" style=\"list-style-type: none; padding-left: 20px;\">\r\n        <li>* *Interfaccia intuitiva:** presenta uno schermo chiaro e reattivo da 21,5 pollici** per un funzionamento senza interruzioni del cliente (impostato in lingua inglese per impostazione predefinita).<\/li>\r\n        <li>* * Resilienza climatica: ** Include **funzione di sbrinamento automatico** e impostazioni di temperatura regolabili per la sicurezza del prodotto in tutti i climi.<\/li>\r\n        <li>* *Assicurazione igienica:** Il vano congelatore include una **funzione di pastorizzazione** per un'igiene del prodotto superiore.<\/li>\r\n        <li>* *Pagamenti sicuri:** Accetta tutti i metodi principali: moneta, fattura, cambio moneta e **interfaccia integrata della carta di credito**.<\/li>\r\n        <li>* *Primo sicurezza:** Robusto **Protezione da guasto di alimentazione** (con memoria) e protezione dalle perdite da sovraccarico assicurano un funzionamento sicuro e continuo.<\/li>\r\n    <\/ul>\r\n\r\n    <p style=\"text-align: center; font-style: italic; margin-top: 40px; font-size: 1.1em;\">Pronto per passare a un **distributore commerciale di pizza surgelato davvero affidabile**? Scegli la macchina costruita per gestire il congelamento.<\/p>\r\n\r\n    <a href=\"#popmake-2657\" class=\"cta-button-frozen\">Richiedi oggi il tuo preventivo conveniente<\/a>\r\n\r\n<\/div>","protected":false},"excerpt":{"rendered":"<p>\u2744\ufe0f The **Frozen Pizza Vending Machine** with Patented Reliability Are you tired of frozen food vending machines that constantly jam? We are a prominent industry leader because we solve the cold-storage delivery problem. Our specialized **Frozen Pizza Vending Machine** is highly appreciated for its durability, low maintenance, and \u2014 most importantly \u2014 its **unmatched reliability** [&hellip;]<\/p>","protected":false},"featured_media":199,"template":"","meta":{"_swt_meta_header_display":false,"_swt_meta_footer_display":false,"_swt_meta_site_title_display":false,"_swt_meta_sticky_header":false,"_swt_meta_transparent_header":false},"product_brand":[],"product_cat":[70],"product_tag":[],"class_list":{"0":"post-205","1":"product","2":"type-product","3":"status-publish","4":"has-post-thumbnail","6":"product_cat-pizza-vending-machine","8":"first","9":"instock","10":"shipping-taxable","11":"product-type-simple"},"_links":{"self":[{"href":"https:\/\/pizzavendingmachine.net\/it\/wp-json\/wp\/v2\/product\/205","targetHints":{"allow":["GET"]}}],"collection":[{"href":"https:\/\/pizzavendingmachine.net\/it\/wp-json\/wp\/v2\/product"}],"about":[{"href":"https:\/\/pizzavendingmachine.net\/it\/wp-json\/wp\/v2\/types\/product"}],"wp:featuredmedia":[{"embeddable":true,"href":"https:\/\/pizzavendingmachine.net\/it\/wp-json\/wp\/v2\/media\/199"}],"wp:attachment":[{"href":"https:\/\/pizzavendingmachine.net\/it\/wp-json\/wp\/v2\/media?parent=205"}],"wp:term":[{"taxonomy":"product_brand","embeddable":true,"href":"https:\/\/pizzavendingmachine.net\/it\/wp-json\/wp\/v2\/product_brand?post=205"},{"taxonomy":"product_cat","embeddable":true,"href":"https:\/\/pizzavendingmachine.net\/it\/wp-json\/wp\/v2\/product_cat?post=205"},{"taxonomy":"product_tag","embeddable":true,"href":"https:\/\/pizzavendingmachine.net\/it\/wp-json\/wp\/v2\/product_tag?post=205"}],"curies":[{"name":"wp","href":"https:\/\/api.w.org\/{rel}","templated":true}]}}