{"id":92,"date":"2025-12-11T12:54:32","date_gmt":"2025-12-11T12:54:32","guid":{"rendered":"http:\/\/localhost\/pa-c7b-automatic-frozen-self-service-pizza-vending-machine-factory\/"},"modified":"2025-12-11T12:54:32","modified_gmt":"2025-12-11T12:54:32","slug":"pa-c7b-automatic-frozen-self-service-pizza-vending-machine-factory","status":"publish","type":"product","link":"https:\/\/pizzavendingmachine.net\/it\/pizza-vending-machine\/pa-c7b-automatic-frozen-self-service-pizza-vending-machine-factory\/","title":{"rendered":"Fabbrica di distributori automatici di pizza self service automatico surgelato PA-C7B"},"content":{"rendered":"<section class=\"pizza-vending-hero\">\r\n    <h1>\ud83c\udf55 Il futuro del servizio di ristorazione: distributore automatico di pizza surgelato 24 ore su 24, 7 giorni su 7<\/h1>\r\n    <p class=\"lead-text\">Sei pronto a soddisfare l'impennata della domanda di pasti istantanei e di alta qualit\u00e0? Il distributore automatico di pizza congelata ** \u00e8 la soluzione premium e self-service progettata per massimizzare le entrate passive fornendo al contempo ai clienti una deliziosa pizza calda e piping 24 ore su 24. Progettato per la massima affidabilit\u00e0 e manutenzione minima, questo \u00e8 il massimo investimento nella tecnologia di vendita senza contatto**.<\/p>\r\n<\/section>\r\n\r\n<section class=\"product-features-table\">\r\n    <h2>\ud83c\udf1f Spotlight del prodotto: funzionalit\u00e0 impareggiabili per le massime prestazioni<\/h2>\r\n    <p>Combiniamo un robusto hardware con un software intelligente per garantire un funzionamento regolare e redditizio, rendendoci il leader nel mercato **Self Service Pizza Vending**.<\/p>\r\n    <table>\r\n        <thead>\r\n            <tr>\r\n                <th>caratteristica<\/th>\r\n                <th>Specifiche tecniche<\/th>\r\n                <th>SEO e vantaggio commerciale<\/th>\r\n            <\/tr>\r\n        <\/thead>\r\n        <tbody>\r\n            <tr>\r\n                <td><strong>Interfaccia utente dinamica da 43\u201d.<\/strong><\/td>\r\n                <td>Display ad alta definizione per promozione e funzionamento.<\/td>\r\n                <td><strong>cattura l'attenzione<\/strong> e fornisce messaggi di marketing mirati per aumentare le vendite di impulsi.<\/td>\r\n            <\/tr>\r\n            <tr>\r\n                <td><strong>Sistema di pagamento all-in-one<\/strong><\/td>\r\n                <td>Accetta monete, fattura, cambio cambio e **interfaccia carta di credito**.<\/td>\r\n                <td>* *Massimizza le conversioni** offrendo opzioni di pagamento flessibili per ogni cliente.<\/td>\r\n            <\/tr>\r\n            <tr>\r\n                <td><strong>Inventario ad alta capacit\u00e0<\/strong><\/td>\r\n                <td>Conserva fino a **30 scatole per pizza in stile americano** (41x41x4,5 cm).<\/td>\r\n                <td>* *Riduce i costi di ricarica** e garantisce la profondit\u00e0 dell'inventario, perfetto per le localit\u00e0 affollate che necessitano di un affidabile distributore automatico ** ad alta capacit\u00e0**.<\/td>\r\n            <\/tr>\r\n            <tr>\r\n                <td><strong>Climatizzatore di precisione<\/strong><\/td>\r\n                <td>Intervallo di temperatura: da **-8\u00b0C a 10\u00b0C** con funzioni di sbrinamento e pastorizzazione automatiche.<\/td>\r\n                <td>* *Garantisce la sicurezza alimentare** e la freschezza, consentendo un funzionamento affidabile in diversi climi.<\/td>\r\n            <\/tr>\r\n            <tr>\r\n                <td><strong>Telemetria e avvisi intelligenti<\/strong><\/td>\r\n                <td>Scheda di controllo PC avanzata con un **sistema di gestione remota del computer** per query di vendita, carenza e promemoria di guasto.<\/td>\r\n                <td>* *Risparmio di tempo operativo** con dati in tempo reale e gestione remota di inventario\/manutenzione.<\/td>\r\n            <\/tr>\r\n        <\/tbody>\r\n    <\/table>\r\n<\/section>\r\n\r\n<section class=\"durability-advantage\">\r\n    <h2>\ud83d\udee1\ufe0f Durata ed eccellenza operativa<\/h2>\r\n    <p>L'unit\u00e0 distributore automatica americana \u00e8 costruita per durare, caratterizzata da una robusta costruzione **resistente alla corrosione** che richiede una manutenzione minima. La nostra macchina \u00e8 progettata per essere **affidabile e altamente resistente**.<\/p>\r\n    <ul>\r\n        <li>* * Prestazioni di lavoro stabili:** Alimentato da una scheda di controllo PC avanzata e ben programmata.<\/li>\r\n        <li>* *Sicurezza garantita:** Include protezione da interruzione di corrente con funzione di memoria e protezione completa per le perdite da sovraccarico per un servizio sicuro e ininterrotto.<\/li>\r\n        <li>* *Multi-lingua Ready:** Linguaggio di interfaccia attuale \u00e8 **Inglese**, garantendo facilit\u00e0 d'uso per operatori e clienti nel mercato statunitense.<\/li>\r\n    <\/ul>\r\n<\/section>\r\n\r\n<section class=\"deployment-guide\">\r\n    <h2>\ud83d\udccd Posizioni di distribuzione ideali per la vendita di pizza 24 ore su 24, 7 giorni su 7<\/h2>\r\n    <p>Ottimizza il tuo ROI puntando alle aree ad alto traffico in cui le persone hanno bisogno di cibo veloce e conveniente a ore non convenzionali:<\/p>\r\n    <ul>\r\n        <li>* *Hub di trasporto:** Aeroporti, stazioni ferroviarie, terminal degli autobus (ideale per **24\/7 di cibo**).<\/li>\r\n        <li>* *Aree residenziali e campus:** dormitori universitari, grandi complessi di appartamenti (**Vending per pizza per campus**).<\/li>\r\n        <li>* *Siti commerciali e industriali:** Fabbriche, magazzini, grandi uffici con turni tardivi (**pizza automatica**).<\/li>\r\n        <li>* *Zone di intrattenimento:** Hotel, centri di gioco, parchi a tema (**Soluzione per distributori automatici**).<\/li>\r\n    <\/ul>\r\n<\/section>\r\n\r\n<section class=\"final-cta\">\r\n    <p><strong>Investi nel distributore automatico di pizza surgelato americano, la soluzione di vendita al dettaglio automatizzata durevole, affidabile e altamente redditizia.<\/strong><\/p>\r\n<\/section>","protected":false},"excerpt":{"rendered":"<p>\ud83c\udf55 The Future of Food Service: Americal 24\/7 Frozen Pizza Vending Machine Are you ready to meet the soaring demand for instant, high-quality meals? The **Americal Frozen Pizza Vending Machine** is the premium, self-service solution designed to maximize passive revenue while providing customers with delicious, piping-hot pizza around the clock. Engineered for maximum reliability and [&hellip;]<\/p>","protected":false},"featured_media":84,"template":"","meta":{"_swt_meta_header_display":false,"_swt_meta_footer_display":false,"_swt_meta_site_title_display":false,"_swt_meta_sticky_header":false,"_swt_meta_transparent_header":false},"product_brand":[],"product_cat":[70],"product_tag":[],"class_list":{"0":"post-92","1":"product","2":"type-product","3":"status-publish","4":"has-post-thumbnail","6":"product_cat-pizza-vending-machine","8":"first","9":"instock","10":"shipping-taxable","11":"product-type-simple"},"_links":{"self":[{"href":"https:\/\/pizzavendingmachine.net\/it\/wp-json\/wp\/v2\/product\/92","targetHints":{"allow":["GET"]}}],"collection":[{"href":"https:\/\/pizzavendingmachine.net\/it\/wp-json\/wp\/v2\/product"}],"about":[{"href":"https:\/\/pizzavendingmachine.net\/it\/wp-json\/wp\/v2\/types\/product"}],"wp:featuredmedia":[{"embeddable":true,"href":"https:\/\/pizzavendingmachine.net\/it\/wp-json\/wp\/v2\/media\/84"}],"wp:attachment":[{"href":"https:\/\/pizzavendingmachine.net\/it\/wp-json\/wp\/v2\/media?parent=92"}],"wp:term":[{"taxonomy":"product_brand","embeddable":true,"href":"https:\/\/pizzavendingmachine.net\/it\/wp-json\/wp\/v2\/product_brand?post=92"},{"taxonomy":"product_cat","embeddable":true,"href":"https:\/\/pizzavendingmachine.net\/it\/wp-json\/wp\/v2\/product_cat?post=92"},{"taxonomy":"product_tag","embeddable":true,"href":"https:\/\/pizzavendingmachine.net\/it\/wp-json\/wp\/v2\/product_tag?post=92"}],"curies":[{"name":"wp","href":"https:\/\/api.w.org\/{rel}","templated":true}]}}