{"id":99,"date":"2025-12-11T14:02:57","date_gmt":"2025-12-11T14:02:57","guid":{"rendered":"http:\/\/localhost\/pa-c6-b-let-s-pizza-vending-machine\/"},"modified":"2025-12-11T14:02:57","modified_gmt":"2025-12-11T14:02:57","slug":"pa-c6-b-let-s-pizza-vending-machine","status":"publish","type":"product","link":"https:\/\/pizzavendingmachine.net\/it\/pizza-vending-machine\/pa-c6-b-let-s-pizza-vending-machine\/","title":{"rendered":"Distributore automatico di pizza PA-C6-B 24\/7 con infrarossi per scuola"},"content":{"rendered":"<div>\n<p style=\"margin: 0px;text-align: center\"><strong><span style=\"letter-spacing: 0px;font-size: 24px;font-family: arial, helvetica, sans-serif\"><br \/><\/span><\/strong><\/p>\n<p style=\"margin: 0px;text-align: center\"><strong><span style=\"letter-spacing: 0px;font-size: 24px;font-family: arial, helvetica, sans-serif\"><a name=\"Outdoor Automatic Infrared Heating Vending Pizza Machine\"><\/a>Pizzatrice automatica per riscaldamento a infrarossi per esterni<\/span><\/strong><\/p>\n<p style=\"margin: 0px;text-align: center\"><a href=\"#Outdoor Automatic Infrared Heating Vending Pizza Machine\" target=\"_self\" data-lv=\"0\" rel=\"noopener\"><span style=\"letter-spacing: 0px;font-size: 18px;font-family: arial, helvetica, sans-serif\">Pizzatrice automatica per riscaldamento a infrarossi per esterni<\/span><\/a><span style=\"letter-spacing: 0px;font-size: 18px;font-family: arial, helvetica, sans-serif\">|<a href=\"#Product Features\" target=\"_self\" data-lv=\"0\" rel=\"noopener\">Caratteristiche del prodotto<\/a>|<a href=\"#Product specification\" target=\"_self\" data-lv=\"0\" rel=\"noopener\">Specifiche del prodotto<\/a>|<a href=\"#Product Advantage\" target=\"_self\" data-lv=\"0\" rel=\"noopener\">vantaggio sul prodotto<\/a><\/span><\/p>\n<p style=\"margin: 0px\"><span style=\"font-family:\u5b8b\u4f53;letter-spacing:0;font-size:29px\"><br \/><\/span><\/p>\n<p><\/p>\n<p style=\"text-align: center\">&nbsp;&nbsp;&nbsp;&nbsp;<\/p>\n<p>I distributori automatici 24 ore su 24, 7 giorni su 7, consentono ai clienti di premere semplicemente un pulsante e in pochi minuti, avere pizze fresche, ancora fumanti dal pizzaiolo. Il distributore automatico di pizza pu\u00f2 essere utilizzato in ristoranti, hotel, pub, bar, ecc. Aiutiamo le aziende pizza a vendere la pizza utilizzando i nostri distributori automatici, questo li aiuter\u00e0 a vendere la pizza in qualsiasi momento e ovunque. Questo \u00e8 un ottimo modo per promuovere le loro pizze.<\/p>\n<p><\/p>\n<p>Questa macchina \u00e8 progettata e sviluppata con un sofisticato sistema di controllo, utilizzando la tecnologia pi\u00f9 recente per garantire la corretta esecuzione e gestione delle operazioni. Tutti i componenti delle macchine sono testati per le loro funzionalit\u00e0 prima della consegna e la produzione viene testata sul campo.<\/p>\n<p><\/p>\n<p>I distributori automatici di pizza da noi offerti sono realizzati con materiali plastici e in acciaio inossidabile di alta qualit\u00e0, garantendo alte prestazioni e lunga durata. Queste macchine sono testate dai nostri esperti di controllo qualit\u00e0 per garantire che soddisfino i severi standard di qualit\u00e0 e durata del settore.<\/p>\n<p><\/p>\n<p>La nostra azienda si impegna per la soddisfazione del cliente, e quindi offriamo loro distributori automatici di pizza ai prezzi pi\u00f9 competitivi del settore. Comprendiamo la loro importanza e siamo sicuri di poter soddisfare le vostre esigenze e di consegnarle nel modo pi\u00f9 tempestivo. I nostri professionisti hanno esperienza pluriennale nel campo dei distributori automatici di pizza e progettano le macchine per soddisfare le vostre esigenze specifiche. Per saperne di pi\u00f9 sulla nostra gamma di distributori automatici di pizze, contatta il nostro dirigente dell'assistenza clienti.\u00a0 Ti guideranno attraverso il processo di acquisto e risponderanno a qualsiasi tua domanda.<\/p>\n<p><span style=\"font-family:\u5b8b\u4f53;letter-spacing:0;font-size:29px\"><\/span><\/p>\n<div class=\"d-tem01-graphic tem01-graphic mockup\" data-detail=\"wrap\">\n<div class=\"cont-section clearfix d-clearfix\">\n<div class=\"col-md-6 col-sm-6 col-xs-6\"><\/p>\n<p><\/p>\n<p><img decoding=\"async\" src=\"https:\/\/www.pizzavendingmachine.net\/wp-content\/uploads\/16104175807471.jpg\" alt=\"product-PA-C6-B Vending Pizza Machine with infrared in outdoor-Hommy-img\" title=\"\"><br \/>\n &nbsp; &nbsp; &nbsp; &nbsp; &nbsp; &nbsp;<\/p>\n<\/div>\n<div class=\"col-md-6 col-sm-6 col-xs-6\">\n<div class=\"right-p\">\n<div class=\"h2 heading\">\n<h1 style=\"margin: 0px;text-indent: 0px;text-align: justify\"><strong><span style=\"letter-spacing: 0px;font-family: arial, helvetica, sans-serif;font-size: 24px\"><a name=\"Product Features\"><\/a>Caratteristiche del prodotto<\/span><\/strong><\/h1>\n<p style=\"margin-top:0;margin-right:0;margin-bottom:0;margin-left:0;text-indent:0;text-align:justify\"><span style=\"letter-spacing: 0px;font-family: arial, helvetica, sans-serif;font-size: 18px\"><br \/><\/span><\/p>\n<p><span style=\"font-size: 18px;font-family: arial, helvetica, sans-serif\">1.\u00a0Schermo da 55\u201d per la promozione e il funzionamento dello schermo da 15\u201d. .<\/span><\/p>\n<p><span style=\"font-size: 18px;font-family: arial, helvetica, sans-serif\">2.\u00a0 Il sistema di pagamento pu\u00f2 accettare: moneta, fattura, scambio di moneta, interfaccia di carta di credito. .<\/span><\/p>\n<p><span style=\"font-size: 18px;font-family: arial, helvetica, sans-serif\">3.\u00a0 Il congelatore all'interno pu\u00f2 mantenere 48 pezzi di pizza da 10 pollici e mantenere la temperatura da -8\u2103\u00a0a 10\u2103. <\/span><\/p>\n<p><span style=\"font-size: 18px;font-family: arial, helvetica, sans-serif\">4.\u00a0 La macchina all'interno mantiene 48 scatole di carta impostate. .<\/span><\/p>\n<p><span style=\"font-size: 18px;font-family: arial, helvetica, sans-serif\">5.\u00a0 Scheda di controllo PC avanzata, funzione ben programmata e funzionamento stabile. .<\/span><\/p>\n<p><span style=\"font-size: 18px;font-family: arial, helvetica, sans-serif\">6.\u00a0 Il congelatore all'interno ha uno schermo pubblicitario di dimensioni maggiori e una funzione di pastorizzazione. . <\/span><\/p>\n<p style=\"margin-left:0;text-indent:0\"><span style=\"font-size: 18px;font-family: arial, helvetica, sans-serif\">7.\u00a0 La temperatura del congelatore pu\u00f2 essere impostata in base a diversi prodotti, con funzione di sbrinamento automatico, per garantire che la macchina in condizioni climatiche ad alta temperatura e elevata umidit\u00e0 durante il normale funzionamento;<\/span><\/p>\n<p style=\"margin-left:0;text-indent:0\"><span style=\"letter-spacing: 0px;font-size: 18px;font-family: arial, helvetica, sans-serif\">8.\u00a0 Temperatura di riscaldamento a infrarossi <span style=\"letter-spacing: 0px;font-size: 18px;font-family: \u5b8b\u4f53\">\uff1a<\/span>60-300\u2103 bisogno di 45-55 secondi per cuocere una pizza.<\/span><\/p>\n<p style=\"margin-left:0;text-indent:0\"><span style=\"letter-spacing: 0px;font-size: 18px;font-family: arial, helvetica, sans-serif\">9.\u00a0\u00a0 Dimensioni della casa a infrarossi: 400x400x300mm e potenza: 3000W. . <\/span><\/p>\n<p style=\"margin-left:0;text-indent:0\"><span style=\"font-size: 18px;font-family: arial, helvetica, sans-serif\">10.\u00a0 Esiste una funzione di protezione da mancanza di alimentazione, la macchina mostra ancora la potenza di stato, ha la funzione di memoria, la funzione di protezione contro le perdite da sovraccarico, garantisce un funzionamento sicuro della macchina.<\/span><span style=\"font-family: Calibri;font-size: 18px\"> <\/span><\/p>\n<p style=\"margin-top:0;margin-right:0;margin-bottom:0;margin-left:0;text-indent:0;text-align:justify\"><span style=\"letter-spacing: 0px;font-size: 18px;font-family: arial, helvetica, sans-serif\">11.\u00a0 La lingua pu\u00f2 basarsi su un paese diverso per regolarlo. . <\/span><\/p>\n<p style=\"margin-top:0;margin-right:0;margin-bottom:0;margin-left:0;text-indent:0;text-align:justify\"><span style=\"letter-spacing: 0px;font-size: 18px;font-family: arial, helvetica, sans-serif\">12.\u00a0 48 set di pizza sono conservati all'interno della macchina.<\/span><\/p>\n<p style=\"margin-left:0;text-indent:0\"><span style=\"font-size: 18px;font-family: arial, helvetica, sans-serif\">13.\u00a0 Sistema di gestione remota del computer: dettagli sulle vendite di query, promemoria per carenza, promemoria per guasti alla macchina.<\/span><\/p>\n<p style=\"margin-left:0;text-indent:0\"><span style=\"font-family: arial, helvetica, sans-serif;font-size: 18px\">14.\u00a0 Se vuoi mettere la macchina al di fuori del centro commerciale, puoi aggiungere un tetto che pu\u00f2 tenere fuori vento e <\/span><\/p>\n<p><span style=\"font-family: arial, helvetica, sans-serif;font-size: 18px\">Pioggia, questo tetto in metallo e poi vernice spray. .&nbsp;<\/span><span style=\"font-size: 18px;font-family: arial, helvetica, sans-serif\">&nbsp;<\/span><\/p>\n<p><span>&nbsp; &nbsp; &nbsp; &nbsp;<\/span><\/div>\n<\/div>\n<\/div>\n<\/div>\n<\/div>\n<h1><strong><span style=\"letter-spacing: 0px;font-family: arial, helvetica, sans-serif;font-size: 24px\"><a name=\"Product specification\"><\/a>Specifiche del prodotto<\/span><\/strong><\/h1>\n<p><strong><span style=\"letter-spacing: 0px;font-family: arial, helvetica, sans-serif;font-size: 24px\"><br \/><\/span><\/strong><\/p>\n<p><img decoding=\"async\" src=\"https:\/\/www.pizzavendingmachine.net\/wp-content\/uploads\/16104184705197.png\" alt=\"product-Hommy-img\" title=\"\"><\/p>\n<p><\/p>\n<h1><span style=\"font-family: arial, helvetica, sans-serif;font-size: 24px\"><strong><span style=\"font-family: arial, helvetica, sans-serif;letter-spacing: 0px\"><a name=\"Product Advantage\"><\/a>vantaggio sul prodotto<\/span><\/strong><\/span><\/h1>\n<p><span style=\"font-family: arial, helvetica, sans-serif;font-size: 24px\"><strong><span style=\"font-family: arial, helvetica, sans-serif;letter-spacing: 0px\"><\/span><\/strong><\/span><\/p>\n<div class=\"d-tem01-graphic tem01-graphic mockup\" data-detail=\"wrap\">\n<div class=\"cont-section clearfix d-clearfix\">\n<div class=\"col-md-6 col-sm-6 col-xs-6\">\n<div class=\"right-p\">\n<div class=\"h2 heading\">\n<p><span style=\"font-family: arial, helvetica, sans-serif;font-size: 18px\">1.\u00a0Schermo da 55\u201d per la promozione e il funzionamento dello schermo da 15\u201d. .<\/span><\/p>\n<p><span style=\"font-family: arial, helvetica, sans-serif;font-size: 18px\"><br \/><\/span><\/p>\n<p><span style=\"font-family: arial, helvetica, sans-serif;font-size: 18px\"><br \/><\/span><\/p>\n<\/div>\n<\/div>\n<div class=\"graphic_pic animated wow bounceIn\" data-wow-delay=\".7s\">\n<p style=\"text-align:center\"><img loading=\"lazy\" decoding=\"async\" src=\"https:\/\/www.pizzavendingmachine.net\/wp-content\/uploads\/16104181619234.jpg\" alt=\"product-Hommy-img\" title=\"\" width=\"350\" height=\"350\" border=\"0\" vspace=\"0\" style=\"width: 350px;height: 350px\"><\/p>\n<\/div>\n<\/div>\n<div class=\"col-md-6 col-sm-6 col-xs-6\">\n<div class=\"right-p\">\n<div class=\"h2 heading\">\n<p style=\"margin-left:0;text-indent:0\"><span style=\"font-family: arial, helvetica, sans-serif;letter-spacing: 0px;font-size: 18px\">2.\u00a0 Temperatura di riscaldamento a infrarossi: 60-300 \u2103 deve essere 45-55 secondi per cuocere una pizza e una casa a infrarossi: 400x400x300mm e potenza: 3000W. .&nbsp;<\/span><\/p>\n<\/div>\n<\/div>\n<div class=\"graphic_pic animated wow bounceIn\" data-wow-delay=\".7s\">\n<p style=\"text-align:center\"><img loading=\"lazy\" decoding=\"async\" src=\"https:\/\/www.pizzavendingmachine.net\/wp-content\/uploads\/16104182663582.jpg\" alt=\"product-Hommy-img\" title=\"\" width=\"350\" height=\"500\" border=\"0\" vspace=\"0\" style=\"width: 350px;height: 500px\"><\/p>\n<\/div>\n<\/div>\n<\/div>\n<\/div>\n<p><span style=\"font-family: arial, helvetica, sans-serif;font-size: 24px\"><strong><span style=\"font-family: arial, helvetica, sans-serif;letter-spacing: 0px\"><\/span><\/strong><\/span><\/p>\n<div class=\"d-tem01-graphic tem01-graphic mockup\" data-detail=\"wrap\">\n<div class=\"cont-section clearfix d-clearfix\">\n<div class=\"col-md-6 col-sm-6 col-xs-6\">\n<div class=\"right-p\">\n<div class=\"h2 heading\">\n<p style=\"margin-top:0;margin-right:0;margin-bottom:0;margin-left:0;text-indent:0;text-align:justify\"><span style=\"font-family: arial, helvetica, sans-serif;font-size: 18px\"><span style=\"font-family: arial, helvetica, sans-serif;letter-spacing: 0px\">3. 48 set di pizza sono conservati all'interno della macchina, mantenete la temperatura <\/span><span style=\"font-family: arial, helvetica, sans-serif\">da -8\u2103\u00a0a\u00a010\u2103.<\/span><\/span><\/p>\n<p style=\"margin-top:0;margin-right:0;margin-bottom:0;margin-left:0;text-indent:0;text-align:justify\"><span style=\"font-family: arial, helvetica, sans-serif;font-size: 18px\"><span style=\"font-family: arial, helvetica, sans-serif\"><br \/><\/span><\/span><\/p>\n<\/div>\n<\/div>\n<div class=\"graphic_pic animated wow bounceIn\" data-wow-delay=\".7s\">\n<p style=\"text-align:center\"><img loading=\"lazy\" decoding=\"async\" src=\"https:\/\/www.pizzavendingmachine.net\/wp-content\/uploads\/16104183055640.png\" alt=\"product-Hommy-PA-C6-B Vending Pizza Machine with infrared in outdoor-img\" title=\"\" width=\"350\" height=\"500\" border=\"0\" vspace=\"0\" style=\"width: 350px;height: 500px\"><\/p>\n<\/div>\n<\/div>\n<div class=\"col-md-6 col-sm-6 col-xs-6\">\n<div class=\"right-p\">\n<div class=\"h2 heading\">\n<p><span style=\"font-family: arial, helvetica, sans-serif;font-size: 18px\">4. La macchina all'interno mantiene 48 scatole di carta impostate. .<\/span><\/p>\n<p><\/p>\n<\/div>\n<\/div>\n<div class=\"graphic_pic animated wow bounceIn\" data-wow-delay=\".7s\">\n<p style=\"text-align:center\"><img loading=\"lazy\" decoding=\"async\" src=\"https:\/\/www.pizzavendingmachine.net\/wp-content\/uploads\/16104183403363.png\" alt=\"product-Hommy-img\" title=\"\" width=\"350\" height=\"500\" border=\"0\" vspace=\"0\" style=\"width: 350px;height: 500px\"><\/p>\n<\/div>\n<\/div>\n<\/div>\n<\/div>\n<p><span style=\"font-family: arial, helvetica, sans-serif;font-size: 24px\"><strong><span style=\"font-family: arial, helvetica, sans-serif;letter-spacing: 0px\"><\/span><\/strong><\/span><\/p>\n<div class=\"d-tem01-graphic tem01-graphic mockup\" data-detail=\"wrap\">\n<div class=\"cont-section clearfix d-clearfix\">\n<div class=\"col-md-6 col-sm-6 col-xs-6\">\n<div class=\"right-p\">\n<div class=\"h2 heading\">\n<p><span style=\"font-family: arial, helvetica, sans-serif;font-size: 18px\"><span style=\"font-family: arial, helvetica, sans-serif;letter-spacing: 0px\">5.&nbsp;<\/span><span style=\"font-family: arial, helvetica, sans-serif\">Il sistema di pagamento pu\u00f2 accettare: moneta, fattura, scambio di moneta, interfaccia di carta di credito. .<\/span><\/span><\/p>\n<p><span style=\"font-family: arial, helvetica, sans-serif;font-size: 18px\"><span style=\"font-family: arial, helvetica, sans-serif\"><br \/><\/span><\/span><\/p>\n<\/div>\n<\/div>\n<div class=\"graphic_pic animated wow bounceIn\" data-wow-delay=\".7s\">\n<p style=\"text-align:center\"><img loading=\"lazy\" decoding=\"async\" src=\"https:\/\/www.pizzavendingmachine.net\/wp-content\/uploads\/16104183868145.png\" alt=\"product-PA-C6-B Vending Pizza Machine with infrared in outdoor-Hommy-img-1\" title=\"\" width=\"350\" height=\"500\" border=\"0\" vspace=\"0\" style=\"width: 350px;height: 500px\"><\/p>\n<\/div>\n<\/div>\n<div class=\"col-md-6 col-sm-6 col-xs-6\">\n<div class=\"right-p\">\n<div class=\"h2 heading\">\n<p><span style=\"font-family: arial, helvetica, sans-serif;font-size: 18px\">6.\u00a0 Sistema di gestione remota del computer: dettagli sulle vendite di query, promemoria per carenza, promemoria per guasti alla macchina.<\/span><\/p>\n<\/div>\n<\/div>\n<div class=\"graphic_pic animated wow bounceIn\" data-wow-delay=\".7s\">\n<p style=\"text-align:center\"><img loading=\"lazy\" decoding=\"async\" src=\"https:\/\/www.pizzavendingmachine.net\/wp-content\/uploads\/16104184304129.jpg\" alt=\"product-Hommy-img-1\" title=\"\" width=\"350\" height=\"500\" border=\"0\" vspace=\"0\" style=\"width: 350px;height: 500px\"><\/p>\n<\/div>\n<\/div>\n<\/div>\n<\/div>\n<p><strong><span style=\"letter-spacing: 0px;font-family: arial, helvetica, sans-serif;font-size: 24px\"><\/span><\/strong><\/p>\n<h2 style=\"font-family: sans-serif\">Chi fa i distributori automatici di pizza?<\/h2>\n<p style=\"margin-top: 5px;margin-bottom: 5px;font-family: sans-serif;font-size: 16px\">Cosa renderebbe i distributori automatici pi\u00f9 avvincenti rispetto ad altre opzioni per uno spuntino? La verit\u00e0 \u00e8: \u00e8 la pizza! E cos\u00ec, ormai da molti anni, \u00e8 proprio quello che i distributori automatici di pizza hanno venduto: fette di pizza.<\/p>\n<p style=\"margin-top: 5px;margin-bottom: 5px;font-family: sans-serif;font-size: 16px\"><\/p>\n<h2 style=\"font-family: sans-serif\">Che tipo di forno per pizza usa i domino?<\/h2>\n<p style=\"margin-top: 5px;margin-bottom: 5px;font-family: sans-serif;font-size: 16px\">Potrebbe sorprenderti sapere che ci sono un paio di diversi tipi di forni per pizza che usiamo nelle nostre pizzerie. Ti dar\u00f2 i diversi tipi e i pro e i contro di ciascuno di essi. Poi ti dir\u00f2 quale forno per pizza funziona meglio per un domino. Ma prima, devo spiegare il tipo di forno per pizza utilizzato da Dominos. Usiamo due tipi di forni per pizza. Entrambi sono realizzati dalla stessa azienda. Uno \u00e8 un forno per pizza a gas naturale e l'altro \u00e8 un forno per pizza a carbone. Ma non sono gli stessi. Voglio dirti perch\u00e9 \u00e8 cos\u00ec.<\/p>\n<p style=\"margin-top: 5px;margin-bottom: 5px;font-family: sans-serif;font-size: 16px\"><\/p>\n<p style=\"margin-top: 5px;margin-bottom: 5px;font-family: sans-serif;font-size: 16px\"><\/p>\n<h2 style=\"font-family: sans-serif\">Quanta elettricit\u00e0 consuma un forno per pizza?<\/h2>\n<p style=\"margin-top: 5px;margin-bottom: 5px;font-family: sans-serif;font-size: 16px\">Secondo il rapporto annuale sull'energia dell'EPA, la famiglia media americana utilizza circa 1.000 kilowattora (kWh) di elettricit\u00e0 all'anno. Ci\u00f2 equivale a quasi mezzo gallone di benzina. Un forno per pizza di medie dimensioni di Amazon, tuttavia, pu\u00f2 utilizzare fino a 4.000 kWh di energia elettrica all'anno. Se ti stai chiedendo quanta energia \u00e8, questa calcolatrice ti aiuter\u00e0 a capire esattamente quanto utilizza il forno che stai guardando.<\/p>\n<\/p><\/div>","protected":false},"excerpt":{"rendered":"<p>Outdoor Automatic Infrared Heating Vending Pizza Machine Outdoor Automatic Infrared Heating Vending Pizza Machine|Product Features|Product specification|Product Advantage &nbsp;&nbsp;&nbsp;&nbsp; 24\/7 Pizza Vending Machines enable customers to simply press a button and within a few minutes, have fresh hot pizzas, still steaming from the pizza maker.The pizza vending machine can be used in restaurants, hotels, pubs, bars, [&hellip;]<\/p>","protected":false},"featured_media":89,"template":"","meta":{"_swt_meta_header_display":false,"_swt_meta_footer_display":false,"_swt_meta_site_title_display":false,"_swt_meta_sticky_header":false,"_swt_meta_transparent_header":false},"product_brand":[],"product_cat":[70],"product_tag":[],"class_list":{"0":"post-99","1":"product","2":"type-product","3":"status-publish","4":"has-post-thumbnail","6":"product_cat-pizza-vending-machine","8":"first","9":"instock","10":"shipping-taxable","11":"product-type-simple"},"_links":{"self":[{"href":"https:\/\/pizzavendingmachine.net\/it\/wp-json\/wp\/v2\/product\/99","targetHints":{"allow":["GET"]}}],"collection":[{"href":"https:\/\/pizzavendingmachine.net\/it\/wp-json\/wp\/v2\/product"}],"about":[{"href":"https:\/\/pizzavendingmachine.net\/it\/wp-json\/wp\/v2\/types\/product"}],"wp:featuredmedia":[{"embeddable":true,"href":"https:\/\/pizzavendingmachine.net\/it\/wp-json\/wp\/v2\/media\/89"}],"wp:attachment":[{"href":"https:\/\/pizzavendingmachine.net\/it\/wp-json\/wp\/v2\/media?parent=99"}],"wp:term":[{"taxonomy":"product_brand","embeddable":true,"href":"https:\/\/pizzavendingmachine.net\/it\/wp-json\/wp\/v2\/product_brand?post=99"},{"taxonomy":"product_cat","embeddable":true,"href":"https:\/\/pizzavendingmachine.net\/it\/wp-json\/wp\/v2\/product_cat?post=99"},{"taxonomy":"product_tag","embeddable":true,"href":"https:\/\/pizzavendingmachine.net\/it\/wp-json\/wp\/v2\/product_tag?post=99"}],"curies":[{"name":"wp","href":"https:\/\/api.w.org\/{rel}","templated":true}]}}